{"id":129,"date":"2010-11-22T10:10:57","date_gmt":"2010-11-22T09:10:57","guid":{"rendered":"http:\/\/www.boutheon.com\/?page_id=129"},"modified":"2019-01-28T09:18:47","modified_gmt":"2019-01-28T08:18:47","slug":"leglise","status":"publish","type":"page","link":"https:\/\/www.boutheon.com\/?page_id=129","title":{"rendered":"L&rsquo;\u00e9glise"},"content":{"rendered":"<h2>En 1183, l&rsquo;\u00e9glise de Bouth\u00e9on est mentionn\u00e9e parmi les possessions de l&rsquo;abbaye de l&rsquo;\u00eele Barbe (sur la Sa\u00f4ne \u00e0 l&rsquo;entr\u00e9e Nord de Lyon).<\/h2>\n<p>En 1225, le prieur\u00e9 de St Rambert est collateur de la cure de Bouth\u00e9on.<\/p>\n<p>En 1348, \u00e9pid\u00e9mie de peste.<\/p>\n<p>En 1614, la visite pastorale signale que l&rsquo;\u00e9glise paroissiale Saint Laurent de Bouth\u00e9on compte 300 communiants.<\/p>\n<h3>Les Cur\u00e9s de Bouth\u00e9on<\/h3>\n<p>Fran\u00e7ois Solorre<br \/>\nGaspard Vallicon le 16 Juin 1607 (visite pastorale de 1614)<br \/>\nGabriel Ancellin le 30 Mars 1617<br \/>\nJean Girin<br \/>\nBeno\u00eet Chossinon le 4 Juillet 1646<br \/>\nGaspard Fresne y est en 1658<br \/>\nGuillaume Br\u00e9mond<br \/>\nPierre Cochet le 5 Avril 1696<br \/>\nClaude Faure le 20 Septembre 1715<br \/>\n(le 12 F\u00e9vrier 1730, accus\u00e9 de jans\u00e9nisme, Claude Faure est enferm\u00e9 au s\u00e9minaire des Sulpiciens de St Ir\u00e9n\u00e9e \u00e0 Lyon)<br \/>\nBarth\u00e9l\u00e9my Bongrand le 25 Octobre 1746<br \/>\nAntoine Simand le 16 Avril 1765<br \/>\nJean Baptiste Favier vers 1770-1789<br \/>\nApr\u00e8s la Terreur, Fran\u00e7ois Buis (environ 30 ans) est \u00e0 Bouth\u00e9on o\u00f9 il remplit les fonctions curiales. Le Directoire le d\u00e9clara r\u00e9fractaire dangereux et le d\u00e9porta en 1798. Il fut lib\u00e9r\u00e9 en 1800. On retrouve sa trace \u00e0 la citadelle de Saint Martin de R\u00e9.<br \/>\nPhilibert Villard, y exer\u00e7ant le minist\u00e8re avant 1803<br \/>\nAntoine Ravel, d\u00e9cembre 1803 auparavant \u00e0 Firminy<br \/>\nJean Antoine Broilloud septembre 1819<br \/>\nAndr\u00e9 Darnoud f\u00e9vrier 1828<br \/>\nJean Bariol 14 janvier 1829<br \/>\nClaude Bongran 2 juillet 1831<br \/>\nClaude Faure Juillet 1858<br \/>\nJean Baptiste Joannin juillet 1863 \u00e0 1900<br \/>\nPonthus\t18 octobre 1900<br \/>\nJacquemond\t1919<br \/>\nRobinet\t1938<br \/>\nCharles Gabriel Richard 1948 au 7 Mai 1985<br \/>\nla biblioth\u00e8que municipale de Bouth\u00e9on porte son nom.<\/p>\n<p><a rel=\"attachment wp-att-308\" href=\"https:\/\/www.boutheon.com\/?attachment_id=308\"><\/a><\/p>\n<div id=\"attachment_424\" style=\"width: 156px\" class=\"wp-caption aligncenter\"><a rel=\"attachment wp-att-424\" href=\"https:\/\/www.boutheon.com\/?attachment_id=424\"><img loading=\"lazy\" decoding=\"async\" aria-describedby=\"caption-attachment-424\" class=\"size-thumbnail wp-image-424\" title=\"cur\u00e9 richard\" src=\"https:\/\/www.boutheon.com\/wp-content\/uploads\/2010\/11\/cur\u00e9-richard-146x210.jpg\" alt=\"\" width=\"146\" height=\"210\" srcset=\"https:\/\/www.boutheon.com\/wp-content\/uploads\/2010\/11\/cur\u00e9-richard-146x210.jpg 146w, https:\/\/www.boutheon.com\/wp-content\/uploads\/2010\/11\/cur\u00e9-richard-222x320.jpg 222w, https:\/\/www.boutheon.com\/wp-content\/uploads\/2010\/11\/cur\u00e9-richard-437x628.jpg 437w, https:\/\/www.boutheon.com\/wp-content\/uploads\/2010\/11\/cur\u00e9-richard.jpg 975w\" sizes=\"(max-width: 146px) 100vw, 146px\" \/><\/a><p id=\"caption-attachment-424\" class=\"wp-caption-text\">le cur\u00e9 Richard<\/p><\/div>\n<h3>Quelques dates :<\/h3>\n<p>En 1640, mort de Balthazar de Gadagne d&rsquo;Hostun : il est enterr\u00e9 dans une chapelle de l&rsquo;\u00e9glise de Bouth\u00e9on avec sa femme Fran\u00e7oise Tournon.<br \/>\nDe 1614 \u00e0 1792, il y avait un hermitage aux Camaldules (maison Gardon aux Vollons) : le 1er sup\u00e9rieur fut le p\u00e8re Boniface.<br \/>\nLe 8 mars 1789, Both\u00e9on 100 feux : au devant de la principale porte de l&rsquo;\u00e9glise , \u00e9tablissement du cahier de remontrances Dol\u00e9ances et avis de communaut\u00e9s des habitants<br \/>\n1791, vente des biens d&rsquo;\u00e9glise d\u00e9clar\u00e9s biens nationaux<br \/>\nJusqu&rsquo;au d\u00e9but de 1793, l&rsquo;\u00e9glise servira de salle de r\u00e9union au conseil g\u00e9n\u00e9ral (municipal) de la commune rassembl\u00e9 au son de la cloche apr\u00e8s les v\u00eapres.<br \/>\nVendu le 3 prarial an II (23 mai 1791) maison et jardin appartenant aux s\u0153urs St Joseph \u00e0 Baptiste Raymond pour 3090 livres<br \/>\nLe 16 Novembre 1793, le conseil g\u00e9n\u00e9ral de la Loire ordonne de faire descendre toutes les cloches de bronze pour fabriquer de la monnaie (1 seule cloche doit rester pour sonner le tocsin et appeler \u00e0 la pri\u00e8re). Les habitants de Bouth\u00e9on achemine leur cloche au port de St Just sur Loire o\u00f9 elle sera embarqu\u00e9e jusqu&rsquo;\u00e0 Roanne chez Joseph Alcor fondeur.<br \/>\n1843\tlettre au pr\u00e9fet lui signalant la petitesse de l&rsquo;\u00e9glise \u00ab qui ne permet pas l&rsquo;accueil de tous les habitants \u00bb<br \/>\n1847\tle Conseil de Fabrique d\u00e9cide de faire cr\u00e9pir l&rsquo;ext\u00e9rieur de l&rsquo;\u00e9glise<br \/>\n10 Avril 1859\tapprobation du projet d&rsquo;agrandissement<br \/>\n1860 adjudications des travaux (Luquet Simonet et Maitre Joseph entrepreneurs \u00e0 Saint Etienne)<br \/>\n1862 on paie la pierre brute du clocher qui n&rsquo;a pas \u00e9t\u00e9 construit<br \/>\n16 Octobre 1864 le Conseil de Fabrique estime qu&rsquo;il y a n\u00e9cessit\u00e9 de continuer les r\u00e9parations de l&rsquo;\u00e9glise commenc\u00e9e depuis plusieurs ann\u00e9es : plans et devis de Mr Boisson architecte reconstruction du ch\u0153ur et du clocher<br \/>\n1879 il faut achever l&rsquo;\u00e9glise commenc\u00e9e il y a 18 ans (le ch\u0153ur et le clocher sont d\u00e9grad\u00e9s) acceptation des plans dress\u00e9s par Mr Favrot architecte<br \/>\n19 Septembre 1880 adjudication des travaux qui comprennent le ch\u0153ur, la construction des bras de croix, du clocher, de la sacristie (34000F) achat de la maison Massard (5200F)<br \/>\n9 Avril 1882 apr\u00e8s les travaux cette nouvelle partie est livr\u00e9e au culte<br \/>\n1885 construction de la chapelle pour servir \u00e0 la Congr\u00e9gation des Enfants de Marie<br \/>\n4 Novembre 1888 le nouveau cimeti\u00e8re est b\u00e9ni ainsi que la croix plac\u00e9e du c\u00f4t\u00e9 de l&rsquo;Orient pour que les d\u00e9funts la regardent.<br \/>\n1913 blanchiment de l&rsquo;int\u00e9rieur et installation de l&rsquo;\u00e9lectricit\u00e9<br \/>\n1970 r\u00e9novation de l&rsquo;int\u00e9rieur le ch\u0153ur est sur\u00e9lev\u00e9, le ma\u00eetre-autel est remodel\u00e9 : disparaissent la table de communion et les stalles,<br \/>\nrestent de l&rsquo;ancien autel, le nouvel reconstitu\u00e9 avec des \u00e9l\u00e9ments de l&rsquo;ancien : l&rsquo;ambon et le tabernacle<br \/>\n1961\u00a0 centenaire de l&rsquo;\u00e9glise<br \/>\n2003 le b\u00e9nitier de 1582 est inscrit aux Monuments Historiques<\/p>\n<div id=\"attachment_421\" style=\"width: 220px\" class=\"wp-caption aligncenter\"><a rel=\"attachment wp-att-421\" href=\"https:\/\/www.boutheon.com\/?attachment_id=421\"><img loading=\"lazy\" decoding=\"async\" aria-describedby=\"caption-attachment-421\" class=\"size-thumbnail wp-image-421\" title=\"le b\u00e9nitier\" src=\"https:\/\/www.boutheon.com\/wp-content\/uploads\/2010\/11\/le-b\u00e9nitier-210x157.jpg\" alt=\"\" width=\"210\" height=\"157\" srcset=\"https:\/\/www.boutheon.com\/wp-content\/uploads\/2010\/11\/le-b\u00e9nitier-210x157.jpg 210w, https:\/\/www.boutheon.com\/wp-content\/uploads\/2010\/11\/le-b\u00e9nitier-320x239.jpg 320w, https:\/\/www.boutheon.com\/wp-content\/uploads\/2010\/11\/le-b\u00e9nitier.jpg 434w\" sizes=\"(max-width: 210px) 100vw, 210px\" \/><\/a><p id=\"caption-attachment-421\" class=\"wp-caption-text\">le b\u00e9nitier de 1582<\/p><\/div>\n","protected":false},"excerpt":{"rendered":"<p>En 1183, l&rsquo;\u00e9glise de Bouth\u00e9on est mentionn\u00e9e parmi les possessions de l&rsquo;abbaye de l&rsquo;\u00eele Barbe&hellip; <a href=\"https:\/\/www.boutheon.com\/?page_id=129\">Lire la suite<\/a><\/p>\n","protected":false},"author":2,"featured_media":0,"parent":0,"menu_order":0,"comment_status":"closed","ping_status":"closed","template":"","meta":{"footnotes":""},"_links":{"self":[{"href":"https:\/\/www.boutheon.com\/index.php?rest_route=\/wp\/v2\/pages\/129"}],"collection":[{"href":"https:\/\/www.boutheon.com\/index.php?rest_route=\/wp\/v2\/pages"}],"about":[{"href":"https:\/\/www.boutheon.com\/index.php?rest_route=\/wp\/v2\/types\/page"}],"author":[{"embeddable":true,"href":"https:\/\/www.boutheon.com\/index.php?rest_route=\/wp\/v2\/users\/2"}],"replies":[{"embeddable":true,"href":"https:\/\/www.boutheon.com\/index.php?rest_route=%2Fwp%2Fv2%2Fcomments&post=129"}],"version-history":[{"count":14,"href":"https:\/\/www.boutheon.com\/index.php?rest_route=\/wp\/v2\/pages\/129\/revisions"}],"predecessor-version":[{"id":3250,"href":"https:\/\/www.boutheon.com\/index.php?rest_route=\/wp\/v2\/pages\/129\/revisions\/3250"}],"wp:attachment":[{"href":"https:\/\/www.boutheon.com\/index.php?rest_route=%2Fwp%2Fv2%2Fmedia&parent=129"}],"curies":[{"name":"wp","href":"https:\/\/api.w.org\/{rel}","templated":true}]}}