{"id":164,"date":"2010-11-22T14:48:05","date_gmt":"2010-11-22T13:48:05","guid":{"rendered":"http:\/\/www.boutheon.com\/?page_id=164"},"modified":"2024-10-08T09:41:18","modified_gmt":"2024-10-08T08:41:18","slug":"credits","status":"publish","type":"page","link":"https:\/\/www.boutheon.com\/?page_id=164","title":{"rendered":"Cr\u00e9dits"},"content":{"rendered":"<p>Le directeur de la publication est\u00a0Jean Paul Bruel<\/p>\n<p><strong>Propri\u00e9t\u00e9-Intellectuelle<\/strong><\/p>\n<p>Tous les \u00e9l\u00e9ments constitutifs du site (photos, images graphiques, logos, animations, \u00e9l\u00e9ments mod\u00e9lis\u00e9s\u2026), ainsi que les \u00e9l\u00e9ments technologiques (back-office d&rsquo;administration, services propos\u00e9s&#8230;) sont prot\u00e9g\u00e9es par le Droit d&rsquo;auteur et sont la propri\u00e9t\u00e9 exclusive de BOUTHEON.<\/p>\n<p>Les contenus du site (textes, articles\u2026) sont la propri\u00e9t\u00e9 exclusive de leurs auteurs et ne peuvent \u00eatre reproduits ni exploit\u00e9s sans l\u2019accord de ceux-ci. Conform\u00e9ment aux dispositions de l&rsquo;article L. 122-4 du Code de la propri\u00e9t\u00e9 intellectuelle, toute reproduction d&rsquo;un contenu partiel ou total du site est interdite, quelle que soit sa forme (reproduction, imbrication, diffusion, techniques du \u00ab\u00a0inline linking\u00a0\u00bb et du \u00ab\u00a0framing\u00a0\u00bb&#8230;). Les liens directs \u00e9tablis vers des fichiers t\u00e9l\u00e9chargeables (quel que soit leur format) pr\u00e9sents sur notre site sont \u00e9galement interdits.<br \/>\nSi vous souhaitez \u00e9tablir un lien avec notre site, veuillez contacter Les vieux Amis de Boutheon avant toute mise en place du lien pointant vers son site ou son contenu.<\/p>\n<p><strong>Contenus<\/strong><\/p>\n<p>Les contenus du site publi\u00e9s par\u00a0BOUTHEON ont \u00e9t\u00e9 \u00e9labor\u00e9s avec le plus grand soin. A ce titre, aucun contenu illicite ni diffamatoire n&rsquo;est diffus\u00e9 sur celui-ci. En outre, ils ne pr\u00e9sentent aucun caract\u00e8re pouvant \u00eatre consid\u00e9r\u00e9 comme \u00ab\u00a0publicit\u00e9 trompeuse\u00a0\u00bb au sens des articles 121-1 et suivants du Code de la Consommation.<\/p>\n<p><strong>Informatique et Libert\u00e9s \/ RGPD<\/strong><\/p>\n<p>Conform\u00e9ment aux articles 38 et 40 de la loi 2004-801 du 06\/08\/2004 et de la loi RPGD du 25 mai 2018, vous disposez d&rsquo;un droit d&rsquo;acc\u00e8s, de rectification, de suppression des donn\u00e9es vous concernant.<\/p>\n<p>Ce droit peut s&rsquo;exercer en ligne en adressant un mail \u00e0 l&rsquo;adresse contact@boutheon.com ou par courrier \u00e0 l&rsquo;adresse suivante:<\/p>\n<p>42160 Andr\u00e9zieux-Bouth\u00e9on<\/p>\n<p>Le directeur de la publication est\u00a0Jean Paul Bruel<\/p>\n<p><strong>Propri\u00e9t\u00e9-Intellectuelle<\/strong><\/p>\n<p>Tous les \u00e9l\u00e9ments constitutifs du site (photos, images graphiques, logos, animations, \u00e9l\u00e9ments mod\u00e9lis\u00e9s\u2026), ainsi que les \u00e9l\u00e9ments technologiques (back-office d&rsquo;administration, services propos\u00e9s&#8230;) sont prot\u00e9g\u00e9es par le Droit d&rsquo;auteur et sont la propri\u00e9t\u00e9 exclusive de BOUTHEON.<\/p>\n<p>Les contenus du site (textes, articles\u2026) sont la propri\u00e9t\u00e9 exclusive de leurs auteurs et ne peuvent \u00eatre reproduits ni exploit\u00e9s sans l\u2019accord de ceux-ci. Conform\u00e9ment aux dispositions de l&rsquo;article L. 122-4 du Code de la propri\u00e9t\u00e9 intellectuelle, toute reproduction d&rsquo;un contenu partiel ou total du site est interdite, quelle que soit sa forme (reproduction, imbrication, diffusion, techniques du \u00ab\u00a0inline linking\u00a0\u00bb et du \u00ab\u00a0framing\u00a0\u00bb&#8230;). Les liens directs \u00e9tablis vers des fichiers t\u00e9l\u00e9chargeables (quel que soit leur format) pr\u00e9sents sur notre site sont \u00e9galement interdits.<br \/>\nSi vous souhaitez \u00e9tablir un lien avec notre site, veuillez contacter Les vieux Amis de Boutheon avant toute mise en place du lien pointant vers son site ou son contenu.<\/p>\n<p><strong>Contenus<\/strong><\/p>\n<p>Les contenus du site publi\u00e9s par\u00a0BOUTHEON ont \u00e9t\u00e9 \u00e9labor\u00e9s avec le plus grand soin. A ce titre, aucun contenu illicite ni diffamatoire n&rsquo;est diffus\u00e9 sur celui-ci. En outre, ils ne pr\u00e9sentent aucun caract\u00e8re pouvant \u00eatre consid\u00e9r\u00e9 comme \u00ab\u00a0publicit\u00e9 trompeuse\u00a0\u00bb au sens des articles 121-1 et suivants du Code de la Consommation.<\/p>\n<p><strong>Informatique et Libert\u00e9s \/ RGPD<\/strong><\/p>\n<p>Conform\u00e9ment aux articles 38 et 40 de la loi 2004-801 du 06\/08\/2004 et de la loi RPGD du 25 mai 2018, vous disposez d&rsquo;un droit d&rsquo;acc\u00e8s, de rectification, de suppression des donn\u00e9es vous concernant.<\/p>\n<p>Ce droit peut s&rsquo;exercer en ligne en adressant un mail \u00e0 l&rsquo;adresse contact@boutheon.com ou par courrier \u00e0 l&rsquo;adresse suivante:<\/p>\n<p>42160 Andr\u00e9zieux-Bouth\u00e9on<\/p>\n<p>Le directeur de la publication est\u00a0Jean Paul Bruel<\/p>\n<p><strong>Propri\u00e9t\u00e9-Intellectuelle<\/strong><\/p>\n<p>Tous les \u00e9l\u00e9ments constitutifs du site (photos, images graphiques, logos, animations, \u00e9l\u00e9ments mod\u00e9lis\u00e9s\u2026), ainsi que les \u00e9l\u00e9ments technologiques (back-office d&rsquo;administration, services propos\u00e9s&#8230;) sont prot\u00e9g\u00e9es par le Droit d&rsquo;auteur et sont la propri\u00e9t\u00e9 exclusive de BOUTHEON.<\/p>\n<p>Les contenus du site (textes, articles\u2026) sont la propri\u00e9t\u00e9 exclusive de leurs auteurs et ne peuvent \u00eatre reproduits ni exploit\u00e9s sans l\u2019accord de ceux-ci. Conform\u00e9ment aux dispositions de l&rsquo;article L. 122-4 du Code de la propri\u00e9t\u00e9 intellectuelle, toute reproduction d&rsquo;un contenu partiel ou total du site est interdite, quelle que soit sa forme (reproduction, imbrication, diffusion, techniques du \u00ab\u00a0inline linking\u00a0\u00bb et du \u00ab\u00a0framing\u00a0\u00bb&#8230;). Les liens directs \u00e9tablis vers des fichiers t\u00e9l\u00e9chargeables (quel que soit leur format) pr\u00e9sents sur notre site sont \u00e9galement interdits.<br \/>\nSi vous souhaitez \u00e9tablir un lien avec notre site, veuillez contacter Les vieux Amis de Boutheon avant toute mise en place du lien pointant vers son site ou son contenu.<\/p>\n<p><strong>Contenus<\/strong><\/p>\n<p>Les contenus du site publi\u00e9s par\u00a0BOUTHEON ont \u00e9t\u00e9 \u00e9labor\u00e9s avec le plus grand soin. A ce titre, aucun contenu illicite ni diffamatoire n&rsquo;est diffus\u00e9 sur celui-ci. En outre, ils ne pr\u00e9sentent aucun caract\u00e8re pouvant \u00eatre consid\u00e9r\u00e9 comme \u00ab\u00a0publicit\u00e9 trompeuse\u00a0\u00bb au sens des articles 121-1 et suivants du Code de la Consommation.<\/p>\n<p><strong>Informatique et Libert\u00e9s \/ RGPD<\/strong><\/p>\n<p>Conform\u00e9ment aux articles 38 et 40 de la loi 2004-801 du 06\/08\/2004 et de la loi RPGD du 25 mai 2018, vous disposez d&rsquo;un droit d&rsquo;acc\u00e8s, de rectification, de suppression des donn\u00e9es vous concernant.<\/p>\n<p>Ce droit peut s&rsquo;exercer en ligne en adressant un mail \u00e0 l&rsquo;adresse contact@boutheon.com ou par courrier \u00e0 l&rsquo;adresse suivante:<\/p>\n<p>42160 Andr\u00e9zieux-Bouth\u00e9on<\/p>\n<p><strong>Contenus YouTube<\/strong><\/p>\n<p>Les contenus Youtube sont la propri\u00e9t\u00e9 exclusive de leur droit d&rsquo;auteur.<\/p>\n<p>A Savoir \u00ab\u00a0Sur les Chemins de Fer fran\u00e7ais\u00a0\u00bb :<\/p>\n<p>Ecrit et r\u00e9alis\u00e9 par Margaux et Quentin P\u00e9lisson<\/p>\n<p>Montage St\u00e9phane Papin<\/p>\n<p>Musique Originale H\u00e9l\u00e8ne Duhesme<\/p>\n<p><strong>H\u00e9bergement<\/strong><\/p>\n<p>Le site est h\u00e9berg\u00e9 sur un serveur d\u00e9di\u00e9 OVH, information g\u00e9r\u00e9e par La Ligne Web.<\/p>\n<p>La Ligne Web \u2013 1140 rue Andr\u00e9 Amp\u00e8re, Immeuble Le Vinci, 13851 Aix en Provence.<\/p>\n<p>www.la-ligne-web.com<\/p>\n<p>contact@llw.fr<\/p>\n<p><strong>H\u00e9bergement<\/strong><\/p>\n<p>Le site est h\u00e9berg\u00e9 sur un serveur d\u00e9di\u00e9 OVH, information g\u00e9r\u00e9e par La Ligne Web.<\/p>\n<p>La Ligne Web \u2013 1140 rue Andr\u00e9 Amp\u00e8re, Immeuble Le Vinci, 13851 Aix en Provence.<\/p>\n<p>www.la-ligne-web.com<\/p>\n<p>contact@llw.fr<\/p>\n<p><strong>H\u00e9bergement<\/strong><\/p>\n<p>Le site est h\u00e9berg\u00e9 sur un serveur d\u00e9di\u00e9 OVH, information g\u00e9r\u00e9e par La Ligne Web.<\/p>\n<p>La Ligne Web \u2013 1140 rue Andr\u00e9 Amp\u00e8re, Immeuble Le Vinci, 13851 Aix en Provence.<\/p>\n<p>www.la-ligne-web.com<\/p>\n<p>contact@llw.fr<!--0d41d--><!--0d41d--><\/p>\n","protected":false},"excerpt":{"rendered":"<p>Le directeur de la publication est\u00a0Jean Paul Bruel Propri\u00e9t\u00e9-Intellectuelle Tous les \u00e9l\u00e9ments constitutifs du site&hellip; <a href=\"https:\/\/www.boutheon.com\/?page_id=164\">Lire la suite<\/a><\/p>\n","protected":false},"author":2,"featured_media":0,"parent":0,"menu_order":0,"comment_status":"closed","ping_status":"open","template":"","meta":{"footnotes":""},"_links":{"self":[{"href":"https:\/\/www.boutheon.com\/index.php?rest_route=\/wp\/v2\/pages\/164"}],"collection":[{"href":"https:\/\/www.boutheon.com\/index.php?rest_route=\/wp\/v2\/pages"}],"about":[{"href":"https:\/\/www.boutheon.com\/index.php?rest_route=\/wp\/v2\/types\/page"}],"author":[{"embeddable":true,"href":"https:\/\/www.boutheon.com\/index.php?rest_route=\/wp\/v2\/users\/2"}],"replies":[{"embeddable":true,"href":"https:\/\/www.boutheon.com\/index.php?rest_route=%2Fwp%2Fv2%2Fcomments&post=164"}],"version-history":[{"count":6,"href":"https:\/\/www.boutheon.com\/index.php?rest_route=\/wp\/v2\/pages\/164\/revisions"}],"predecessor-version":[{"id":3510,"href":"https:\/\/www.boutheon.com\/index.php?rest_route=\/wp\/v2\/pages\/164\/revisions\/3510"}],"wp:attachment":[{"href":"https:\/\/www.boutheon.com\/index.php?rest_route=%2Fwp%2Fv2%2Fmedia&parent=164"}],"curies":[{"name":"wp","href":"https:\/\/api.w.org\/{rel}","templated":true}]}}