{"id":193,"date":"2010-11-22T17:26:43","date_gmt":"2010-11-22T16:26:43","guid":{"rendered":"http:\/\/www.boutheon.com\/?page_id=193"},"modified":"2020-09-15T08:19:37","modified_gmt":"2020-09-15T07:19:37","slug":"le-chateau","status":"publish","type":"page","link":"https:\/\/www.boutheon.com\/?page_id=193","title":{"rendered":"De l&rsquo;origine jusqu&rsquo;au 15\u00e8me"},"content":{"rendered":"<h2>Il est tr\u00e8s difficile de s\u00e9parer l\u2019historique de l\u2019\u00e9glise, du ch\u00e2teau de Bouth\u00e9on et des Seigneurs de Bouth\u00e9on (gens d\u2019\u00e9glise qui ont v\u00e9cu en d\u2019autres lieux).<\/h2>\n<p>Le ch\u00e2teau de Bouth\u00e9on \u00e9tait une maison forte bien connue dans le Forez et la 1\u00e8re r\u00e9f\u00e9rence date de 1115 (Lamure-Chantelauze, tIII,n\u00b027, p22)<\/p>\n<p>Acte primordial de la fondation du prieur\u00e9 des religieuses de Beaulieu en Roannois autoris\u00e9 et amplifi\u00e9 par le comte de Forez Guy 1er. Communiqu\u00e9 des archives dudit monast\u00e8re<\/p>\n<p>datum apud Botheonem anno Domini millefimo centefimo decimo quinto.<br \/>\n<em>Traduction : fut \u00e9tabli en un lieu appel\u00e9 Bot\u00e9on en Forez en 1115.<\/em><\/p>\n<p>Les grandes familles qui ont marqu\u00e9 la vie de ce ch\u00e2teau de Bouth\u00e9on sont les seigneurs de Bouth\u00e9on, les comtes de Forez, les Lafayette, les Bourbon, les Gadagne, les Coignet.<\/p>\n<p>Le ch\u00e2teau de Bouth\u00e9on a toujours marqu\u00e9 la vie du Forez :<\/p>\n<ul>\n<li>en 1224, le comte du Forez Guy IV est possesseur de cette maison forte et il accorde une charte de franchise aux habitants de St Rambert, Cornillon\u2026<\/li>\n<li>le 1er juin 1290, le comte Jean de Forez (Jean 1er) donne en dot \u00e0 sa s\u0153ur Isabelle, femme de B\u00e9raud de Mercoeur, le ch\u00e2teau de Clepp\u00e9. Isabelle lui abandonne en \u00e9change le ch\u00e2teau de Bouth\u00e9on.<\/li>\n<li>le 27 Avril 1325, le comte de Forez Jean 1er c\u00e9da \u00e0 Edouard, comte de Savoie, l\u2019hommage de plusieurs ch\u00e2teaux du Forez et notamment celui de Bouth\u00e9on.<br \/>\nLe 18 Janvier 1326, le comte Jean renon\u00e7ait \u00e0 l\u2019alliance du comte de Savoie et signait avec le Dauphin GUIGUES VIII un trait\u00e9 semblable au pr\u00e9c\u00e9dent moyennant une somme de 20.000 livres tournois.<\/li>\n<li>en 1325, Gaudemar du Fay seigneur de St Jean Bonnefonds acquiert le ch\u00e2teau de Bouth\u00e9on (les comtes de Forez \u00e9changent le ch\u00e2teau de Bouth\u00e9on contre le ch\u00e2teau et mandement du Fay).<\/li>\n<\/ul>\n<h3>Rappel de la situation du Forez :<\/h3>\n<p>Entre 1368 et 1382, Jean II comte de Forez est dans l\u2019impossibilit\u00e9 de g\u00e9rer, Anne Dauphine d\u2019Auvergne h\u00e9riti\u00e8re du Forez \u00e9pouse Louis II Duc de Bourbon : le Forez devient possession des Bourbon. Leurs gisants et tombeau sont \u00e0 Souvigny \u00e0 c\u00f4t\u00e9 de Moulins.<\/p>\n<h3>D\u00e8s 1386, des liens tr\u00e8s forts avec l\u2019Auvergne et le Vivarais<\/h3>\n<p>Vers 1340, naissance de Robert de Chalus.<\/p>\n<p>En 1386, Robert de Chalus est propri\u00e9taire du ch\u00e2teau de Bouth\u00e9on et il fit de nombreuses acquisitions pour agrandir sa seigneurie.<\/p>\n<p>Vers 1370, on note la naissance de Marie de Chalus, fille de Robert de Chalus son p\u00e8re et Louise Dauphin sa m\u00e8re (son lieu de naissance n\u2019est pas identifi\u00e9 mais la famille de Louise Dauphin est originaire de Ch\u00e2teau Dauphin Pontgibaud).<br \/>\nEn 1379, Louis, baron de Joyeuse, \u00e9pouse Tiburge de Saint Didier (baronnie du Velay).<br \/>\nEn 1400, Randon II, baron de Joyeuse et Saint Didier, fils de Louis \u00e9pouse Catherine Aubert de Montel de Gelat, fille de Etienne et de Marie de Chalus, dame de Bouth\u00e9on (le lieu du mariage n\u2019est pas connu : il est fort probable que ce soit le ch\u00e2teau de Bouth\u00e9on car il a \u00e9t\u00e9 acquis par Robert de Chalus en 1386).<\/p>\n<p>Montel de Gelat est \u00e0 30 kms de Pontgibaud. A ce jour, nous ne connaissons pas la date du mariage conclu entre Etienne de Montel de Gelat et Marie de Chalus. Il faut remarquer que seulement 30 ans s\u00e9parent la naissance de Marie de Chalus et le mariage de sa fille Catherine Aubert.<\/p>\n<p>Randon II de Joyeuse eut 2 enfants Louis et Jeanne, il v\u00e9cu de 1380 \u00e0 1424<br \/>\n(Date du mariage de Jeanne de Joyeuse avec Gilbert de la Fayette).<\/p>\n<p>Concernant Louis, le 29 mars 1419, il \u00e9pouse Jeanne Louvet (sa s\u0153ur Marie Louvet \u00e9pousa Dunois le b\u00e2tard d\u2019Orl\u00e9ans en 1422. Les deux s\u0153urs \u00e9taient les filles de Jean Louvet, ministre des finances du roi Charles VII). Louis de Joyeuse devint seigneur de Bouth\u00e9on.<\/p>\n<p>Parmi les descendants de Louis de Joyeuse, on peut noter :<\/p>\n<ul>\n<li>Tanneguy, vicomte de Joyeuse mari\u00e9 le 20 juin 1438 \u00e0 Blanche de Tournon<\/li>\n<li>Louis de Joyeuse mari\u00e9 en 1477 \u00e0 Jeanne de Bourbon-Vendosme<\/li>\n<li>Fran\u00e7ois de Joyeuse, seigneur de Bouth\u00e9on mari\u00e9 le 5 novembre 1504 \u00e0 Anne de Gaste<\/li>\n<li>Jeanne de Joyeuse (100 ans apr\u00e8s, le m\u00eame nom que l\u2019\u00e9pouse de Gilbert\tde la Fayette), mari\u00e9e le 12 f\u00e9vrier 1526 \u00e0 Messire Fran\u00e7ois de Montmorin,\tseigneur de Saint H\u00e9rem au pays d\u2019Auvergne.<\/li>\n<\/ul>\n<p><strong><\/strong><!--0d41d--><!--0d41d--><\/p>\n","protected":false},"excerpt":{"rendered":"<p>Il est tr\u00e8s difficile de s\u00e9parer l\u2019historique de l\u2019\u00e9glise, du ch\u00e2teau de Bouth\u00e9on et des&hellip; <a href=\"https:\/\/www.boutheon.com\/?page_id=193\">Lire la suite<\/a><\/p>\n","protected":false},"author":2,"featured_media":0,"parent":0,"menu_order":0,"comment_status":"closed","ping_status":"open","template":"","meta":{"footnotes":""},"_links":{"self":[{"href":"https:\/\/www.boutheon.com\/index.php?rest_route=\/wp\/v2\/pages\/193"}],"collection":[{"href":"https:\/\/www.boutheon.com\/index.php?rest_route=\/wp\/v2\/pages"}],"about":[{"href":"https:\/\/www.boutheon.com\/index.php?rest_route=\/wp\/v2\/types\/page"}],"author":[{"embeddable":true,"href":"https:\/\/www.boutheon.com\/index.php?rest_route=\/wp\/v2\/users\/2"}],"replies":[{"embeddable":true,"href":"https:\/\/www.boutheon.com\/index.php?rest_route=%2Fwp%2Fv2%2Fcomments&post=193"}],"version-history":[{"count":10,"href":"https:\/\/www.boutheon.com\/index.php?rest_route=\/wp\/v2\/pages\/193\/revisions"}],"predecessor-version":[{"id":3105,"href":"https:\/\/www.boutheon.com\/index.php?rest_route=\/wp\/v2\/pages\/193\/revisions\/3105"}],"wp:attachment":[{"href":"https:\/\/www.boutheon.com\/index.php?rest_route=%2Fwp%2Fv2%2Fmedia&parent=193"}],"curies":[{"name":"wp","href":"https:\/\/api.w.org\/{rel}","templated":true}]}}