{"id":23,"date":"2010-11-17T10:05:53","date_gmt":"2010-11-17T09:05:53","guid":{"rendered":"http:\/\/www.boutheon.com\/?page_id=23"},"modified":"2019-01-28T09:19:23","modified_gmt":"2019-01-28T08:19:23","slug":"lassociation","status":"publish","type":"page","link":"https:\/\/www.boutheon.com\/","title":{"rendered":"Les Amis du Vieux Bouth\u00e9on"},"content":{"rendered":"<h2>Bienvenue sur le site de l&rsquo;association !<\/h2>\n<p>Vous trouverez ici des informations sur les activit\u00e9s \u00e0 pratiquer dans le village, les lieux \u00e0 visiter\u2026 Vous pourrez aussi suivre l&rsquo;actualit\u00e9 de l&rsquo;association et intervenir dans les discussions.<\/p>\n<p>Mais commen\u00e7ons par vous raconter l&rsquo;histoire du Bouth\u00e9on\u2026<\/p>\n","protected":false},"excerpt":{"rendered":"<p>Bienvenue sur le site de l&rsquo;association ! Vous trouverez ici des informations sur les activit\u00e9s&hellip; <a href=\"https:\/\/www.boutheon.com\/\">Lire la suite<\/a><\/p>\n","protected":false},"author":2,"featured_media":0,"parent":0,"menu_order":0,"comment_status":"closed","ping_status":"closed","template":"onecolumn-page.php","meta":{"footnotes":""},"_links":{"self":[{"href":"https:\/\/www.boutheon.com\/index.php?rest_route=\/wp\/v2\/pages\/23"}],"collection":[{"href":"https:\/\/www.boutheon.com\/index.php?rest_route=\/wp\/v2\/pages"}],"about":[{"href":"https:\/\/www.boutheon.com\/index.php?rest_route=\/wp\/v2\/types\/page"}],"author":[{"embeddable":true,"href":"https:\/\/www.boutheon.com\/index.php?rest_route=\/wp\/v2\/users\/2"}],"replies":[{"embeddable":true,"href":"https:\/\/www.boutheon.com\/index.php?rest_route=%2Fwp%2Fv2%2Fcomments&post=23"}],"version-history":[{"count":18,"href":"https:\/\/www.boutheon.com\/index.php?rest_route=\/wp\/v2\/pages\/23\/revisions"}],"predecessor-version":[{"id":142,"href":"https:\/\/www.boutheon.com\/index.php?rest_route=\/wp\/v2\/pages\/23\/revisions\/142"}],"wp:attachment":[{"href":"https:\/\/www.boutheon.com\/index.php?rest_route=%2Fwp%2Fv2%2Fmedia&parent=23"}],"curies":[{"name":"wp","href":"https:\/\/api.w.org\/{rel}","templated":true}]}}