{"id":237,"date":"2010-11-23T11:37:33","date_gmt":"2010-11-23T10:37:33","guid":{"rendered":"http:\/\/www.boutheon.com\/?page_id=237"},"modified":"2019-01-28T09:17:01","modified_gmt":"2019-01-28T08:17:01","slug":"l%e2%80%99histoire-des-gadagnes-partie-iii","status":"publish","type":"page","link":"https:\/\/www.boutheon.com\/?page_id=237","title":{"rendered":"L\u2019histoire des Gadagnes : Partie III"},"content":{"rendered":"<h2>Guillaume de Gadagne : Monsieur de Bouth\u00e9on<\/h2>\n<p>Le 3 Octobre 1997, le Pr Edouard Lejeune publie l&rsquo;histoire des Gadagne dans un bulletin de la DIANA.<br \/>\nCette histoire couvre la p\u00e9riode 16\u00e8me 17\u00e8me et 18\u00e8me dont voici quelques extraits :<\/p>\n<p>\u00a0\u00bb En 1523, les Gadagne, les Gondi et d&rsquo;autres lyonnais financent l&rsquo;exp\u00e9dition de Verrazano qui va reconna\u00eetre la c\u00f4te Est des Etats-Unis et le site actuel de New York. Un pont de New York porte son nom. \u00a0\u00bb<\/p>\n<p>\u00a0\u00bb Gabrielle de Gadagne (6\u00e8me enfant de Guillaume et Jeanne de Sugny) est \u00e9lev\u00e9e au couvent de Jourcey. En 1601, elle \u00e9pouse Jacques Mitte de Chevri\u00e8res-Miolans, comte de St Chamond.<br \/>\nEn 1622, Gabrielle fonde le couvent des Minimes \u00e0 St Chamond.<br \/>\nEn 1624, Gabrielle cr\u00e9e le monast\u00e8re des filles de l&rsquo;Annonciade C\u00e9lestes et le petit Coll\u00e8ge. \u00a0\u00bb<\/p>\n<p>\u00a0\u00bb L&rsquo;Ordre de Saint Michel fut cr\u00e9\u00e9 par Louis XI le 1er Ao\u00fbt 1469 \u00e0 Amboise.<\/p>\n<p>Jean II, Duc de Bourbon, fut un des premiers \u00e0 le recevoir.<br \/>\nLe collier est constitu\u00e9 par des coquillages accompagnant un pendentif montrant l&rsquo;archange Saint Michel qui terrasse le dragon. L&rsquo;archange Saint Michel est toujours repr\u00e9sent\u00e9 avec des ailes, ce qui permet de le distinguer \u00e9ventuellement de Saint Georges lorsqu&rsquo;il y a doute dans l&rsquo;identification. Dans ses d\u00e9buts, l&rsquo;Ordre de Saint Michel ne comprenait pas plus de 36 membres. Son prestige d\u00e9crut lorsque ce nombre fut largement d\u00e9pass\u00e9.<br \/>\nEn 1665, Louis XIV d\u00e9cide de limiter le nombre \u00e0 100. \u00a0\u00bb<\/p>\n<p>Incrust\u00e9e dans la grosse tour (c\u00f4t\u00e9 Ouest) la croix de Gadagne entour\u00e9e du collier de Saint Michel (collier de coquilles Saint Jacques, en pendentif Saint Michel terrassant le dragon).<\/p>\n","protected":false},"excerpt":{"rendered":"<p>Guillaume de Gadagne : Monsieur de Bouth\u00e9on Le 3 Octobre 1997, le Pr Edouard Lejeune&hellip; <a href=\"https:\/\/www.boutheon.com\/?page_id=237\">Lire la suite<\/a><\/p>\n","protected":false},"author":2,"featured_media":0,"parent":48,"menu_order":0,"comment_status":"closed","ping_status":"closed","template":"","meta":{"footnotes":""},"_links":{"self":[{"href":"https:\/\/www.boutheon.com\/index.php?rest_route=\/wp\/v2\/pages\/237"}],"collection":[{"href":"https:\/\/www.boutheon.com\/index.php?rest_route=\/wp\/v2\/pages"}],"about":[{"href":"https:\/\/www.boutheon.com\/index.php?rest_route=\/wp\/v2\/types\/page"}],"author":[{"embeddable":true,"href":"https:\/\/www.boutheon.com\/index.php?rest_route=\/wp\/v2\/users\/2"}],"replies":[{"embeddable":true,"href":"https:\/\/www.boutheon.com\/index.php?rest_route=%2Fwp%2Fv2%2Fcomments&post=237"}],"version-history":[{"count":6,"href":"https:\/\/www.boutheon.com\/index.php?rest_route=\/wp\/v2\/pages\/237\/revisions"}],"predecessor-version":[{"id":2950,"href":"https:\/\/www.boutheon.com\/index.php?rest_route=\/wp\/v2\/pages\/237\/revisions\/2950"}],"up":[{"embeddable":true,"href":"https:\/\/www.boutheon.com\/index.php?rest_route=\/wp\/v2\/pages\/48"}],"wp:attachment":[{"href":"https:\/\/www.boutheon.com\/index.php?rest_route=%2Fwp%2Fv2%2Fmedia&parent=237"}],"curies":[{"name":"wp","href":"https:\/\/api.w.org\/{rel}","templated":true}]}}