{"id":239,"date":"2010-11-23T11:37:46","date_gmt":"2010-11-23T10:37:46","guid":{"rendered":"http:\/\/www.boutheon.com\/?page_id=239"},"modified":"2019-01-28T09:17:06","modified_gmt":"2019-01-28T08:17:06","slug":"l%e2%80%99histoire-des-gadagnes-partie-iv","status":"publish","type":"page","link":"https:\/\/www.boutheon.com\/?page_id=239","title":{"rendered":"L\u2019histoire des Gadagnes : Partie IV"},"content":{"rendered":"<h2>Bouth\u00e9on devient une perle du Forez, l&rsquo;\u00e9gal de la B\u00e2tie d&rsquo;Urf\u00e9.<\/h2>\n<p>Avec Guillaume de Gadagne s\u2019est poursuivie l\u2019influence de la Renaissance Italienne sur le ch\u00e2teau de Bouth\u00e9on qui devient une perle du Forez.<br \/>\nEn 1606, Anne d\u2019Urf\u00e9 fait l\u2019\u00e9loge de ce ch\u00e2teau de Bouth\u00e9on.<\/p>\n<h3>Voici la description du po\u00e8te Anne d\u2019Urf\u00e9 :<\/h3>\n<p>\u00ab La plus belle des maisons appartenant aux seigneurs du pays, est celle de Bouth\u00e9on, commenc\u00e9e par le bastard Matieu de Bourbon, fort somptueusement et depuis achev\u00e9e par Messire Guillaume de Gadagne, seigneur dudict lieu, mais non pas en m\u00eame somptuosit\u00e9. Cette maison est un peu relev\u00e9e, qui lui fait avoir une tr\u00e8s belle vue, et estre en un terroyer sec. Elle est forte, estant bien flanqu\u00e9e de quatre grosses tours, entre lesquelles il y a une, la plus belle de toute ceste plaine. Elle est faussoy\u00e9e de bons grands foss\u00e9s \u00e0 fons de cuve, avec de bonnes et grandes casemates ; elle a deux belles et grandes salles accompagn\u00e9es \u00e0 chacun bout de tr\u00e8s belles chambres, acomod\u00e9es d\u2019ari\u00e8res-chambres, garde-robes et cabinets, et bref, b\u00e2ties par ledit bastard Matieu, \u00e0 la principaut\u00e9. Il y a une fort belle galerie close, deux couvertes et terrasse sur le devant ; deux belles cours, un beau jardin et tant d\u2019aultres commodit\u00e9s, que je serais trop prolixe \u00e0 les conter. \u00bb<\/p>\n<p>Le 10 Ao\u00fbt 1641, apr\u00e8s le d\u00e9c\u00e8s de Balthazar Gadagne d\u2019Hostun, le comte de Verdun d\u00e9sh\u00e9rit\u00e9, fit apposer les scell\u00e9s sur le ch\u00e2teau de Bouth\u00e9on et fut commenc\u00e9 un inventaire de la fortune mobili\u00e8re des Gadagne.<\/p>\n<p>\u00ab Voici d\u2019abord les beaux tapis de Smyrne et les riches tentures en haute lisse de Flandre qui couvrent le sol et les murs des grands appartements du rez-de-chauss\u00e9e ou des chambres du premier \u00e9tage. Ici, dit l\u2019inventaire, les tapisseries repr\u00e9sentent des bestiaux et bocages ; l\u00e0, des verdures et des b\u00fbcherons ; plus loin, l\u2019histoire de Mo\u00efse ; ailleurs, celle de Pomp\u00e9e, ou bien celle de Noble-C\u0153ur. La chambre dite des Gadagne, situ\u00e9e au premier \u00e9tage, est orn\u00e9e \u00e0 elle seule de cinq pi\u00e8ces de tapisseries (trois aunes et un tiers de hauteur) estim\u00e9es \u00e0 5.100 livres, \u00ab quoique la bordure du bas soit mang\u00e9e par les rats. Dans la m\u00eame chambre, un grand lit de cinq pieds et demi de largeur, garni de velours cramoisi avec broderies d\u2019or et d\u2019argent\u2026 le tout estim\u00e9 \u00e0 1.200 livres \u00bb<\/p>\n<h3>D\u00e9nombrement de 1673 de la seigneurie de Bouth\u00e9on, par messire Louis de Gadagne d\u2019Hostun<\/h3>\n<p>\u00ab Poss\u00e8de \u00e0 Bouth\u00e9on, son ch\u00e2teau et maison forte \u00e0 quatre grosses tours, avec foss\u00e9, deux pont-levis, un enclos, avec grande vigne, o\u00f9 se trouvent deux colombiers.<br \/>\nIt. plusieurs terres labourables, pr\u00e9s, vignes.<br \/>\nIt. une garenne joignant la Loire.<br \/>\nIt. trois \u00e9tangs : les \u00e9tangs du Creux, de Marque, de Vauche.<br \/>\nIt. plusieurs bois : du Fil, du Bruslay, de la Barri\u00e8re, Dulac, le bois de Both\u00e9on.<br \/>\nIt. droit de justice, haute, moyenne et basse sur tout lad. terre, m\u00eame sur la Loire, et rivages oppos\u00e9s dans l\u2019\u00eele qui est au dessus du Port dud. seigneur, qui lui appartient.<br \/>\nIt. droit de commettre juge, ch\u00e2telain, procureur fiscal, greffier et sergent.<br \/>\nIt. en toute justice, la rente noble de Bouth\u00e9on, cens, lods, mi-lods en toute mutation, corv\u00e9es, charrois man\u0153uvres sur tous les emphit\u00e9otes qui sont taillables, et mariage des filles dud. sgr. : 25 l. 19 s. 9 d. ; froment : 124 bichets ; seigle : 410 bichets ; orge : 1 bichet 2 coupes \u00bd ; avoine : 425 ras et demi coupe ; 48 chapons \u00bc , 23 gelines et \u00bd et \u00bd tiers.<br \/>\nIt. pr\u00e9sentation \u00e0 deux pr\u00e9bendes \u00e0 Bouth\u00e9on, l\u2019une dite de Saint Guillaume.<br \/>\n(Acquets post\u00e9rieurs au moyen \u00e2ge :<br \/>\nrente noble de la Merl\u00e9e sur la Tour en Jarez ) 05-6<br \/>\nIt. rente \u00e9gar\u00e9e de Both\u00e9on sur Saint Galmier et environs : 3 l. 11 sols, 1 bichet seigle, 1 bichet orge, 19 ras avoine, 5 poules \u00bd, 2 \u00e2n\u00e9es 1\/12 de vin.<br \/>\nIt. Autre rente de Serre sur Ch\u00e2telus, etc\u2026 : 4 l. 7 d., 6 bichets seigle, 15 ras d\u2019avoine, 2 g\u00e9lines, 4 symaise et un pot de vin.<br \/>\nIt. rente de Curraise (acquise) et divers fonds (acquis).<br \/>\nIt. rente acquise du prieur de Firminy \u2026<br \/>\nIt. d\u00eeme inf\u00e9od\u00e9 de grains et charnage de Boisset (acquis)<br \/>\nIt. dans sa terre de Both\u00e9on, droit de port et pontanage sur Loire, dit le port de la Rive ou port de Both\u00e9on.<br \/>\nIt. droit de p\u00eache dans toute lad. rivi\u00e8re au long de sa terre, et des rivages oppos\u00e9s, avec droit d\u2019emp\u00eacher tous autres et d\u2019y tenir bateaux et filets sans sa licence.<br \/>\nIt. moulin sur Loire \u00e0 3 roues, une \u00e0 froment et 2 \u00e0 seigle, aux quels sont tenus les justiciables.<br \/>\nIt. autre moulin \u2026 de Curraise (acquis)<br \/>\nIt. droit de pressoir banal \u00bb<\/p>\n<h3>17\u00e8me 18\u00e8me : le d\u00e9clin<\/h3>\n<p>Autour de 1732, le donjon du b\u00e2timent sud est aras\u00e9 \u00e0 hauteur de la toiture par le comte Pons d\u2019Hostun. La toiture devient un toit plat en tuiles creuses.<\/p>\n<p>En 1751 un proc\u00e8s verbal nous apprend beaucoup de choses sur l\u2019\u00e9tat du ch\u00e2teau :<\/p>\n<ul>\n<li>le b\u00e2timent nord \u00e9tait surmont\u00e9 d\u2019un toit aigu recouvert de tuiles \u00e0 crochets et ardoises<\/li>\n<li>l\u2019existence des jardins est mentionn\u00e9 : de nombreux compartiments \u00e9taient dessin\u00e9s en buis avec des all\u00e9es de marronniers, de charmilles, d\u2019ifs taill\u00e9s en portiques qui conduisaient au pavillon du parc appel\u00e9 \u00a0\u00bb Ch\u00e2teau Gaillard \u00ab\u00a0.<\/li>\n<\/ul>\n<p>Un \u00e9tat d\u00e9taill\u00e9 montre que le ch\u00e2teau \u00e9tait pratiquement en ruines : charpentes en ardoises effondr\u00e9es, les toitures ou d\u00f4mes des 3 tours disparus, les tours sud-est et sud-ouest tomb\u00e8rent en ruines et ne furent jamais relev\u00e9es.<br \/>\nSur la fa\u00e7ade nord, un pont jet\u00e9 sur les foss\u00e9s conduit au parterre.<br \/>\nTrois foss\u00e9s entouraient le ch\u00e2teau c\u00f4t\u00e9 nord matin midi. Ils \u00e9taient appel\u00e9s \u00e0 fonds de cuve parce qu\u2019ils \u00e9taient sur leurs 2 faces presque perpendiculaires rev\u00eatues en pierre. La tour sud-est appel\u00e9 Tour du Moulin (un moulin \u00e0 bl\u00e9 existe encore en 1751).<\/p>\n<p>Le 7 F\u00e9vrier 1793, Claude Antoine Praire de N\u00e9zieux ach\u00e8te le ch\u00e2teau de Bouth\u00e9on \u00e0 Louis Pons pour le prix de 340.000 livres.<br \/>\nLe 15 Novembre 1793, Claude Antoine Praire de N\u00e9zieux fut fusill\u00e9 \u00e0 Lyon (Brotteaux) lors de la Terreur qui suivit la R\u00e9volution. D\u2019abord confisqu\u00e9 puis restitu\u00e9, le ch\u00e2teau de Bouth\u00e9on devint rapidement pour Benoite Gonin (veuve de Praire de N\u00e9zieux) une source de charges et de soucis.<br \/>\nEn 1803, son fils mineur Philippe Praire de N\u00e9zieux vendit \u00e0 Jean Marie Graille qui fit reconstruire la partie ouest de la fa\u00e7ade m\u00e9ridionale de l\u2019aile nord et fit \u00e9tablir des petites fen\u00eatres. Plus tard, Jean Marie Graille devint Graille de Monteyma, Baron d\u2019Empire. Suite aux diff\u00e9rentes d\u00e9valuations, cette vente fut l\u2019objet d\u2019un long proc\u00e8s qui se terminera le 31 Ao\u00fbt 1820.<\/p>\n<p>En 1850, la famille Thiolli\u00e8re est propri\u00e9taire : la tour du matin c\u00f4t\u00e9 nord-est (de nos jours la chapelle) perdit son d\u00f4me et fut aras\u00e9e jusqu\u2019au 1er \u00e9tage.<\/p>\n","protected":false},"excerpt":{"rendered":"<p>Bouth\u00e9on devient une perle du Forez, l&rsquo;\u00e9gal de la B\u00e2tie d&rsquo;Urf\u00e9. Avec Guillaume de Gadagne&hellip; <a href=\"https:\/\/www.boutheon.com\/?page_id=239\">Lire la suite<\/a><\/p>\n","protected":false},"author":2,"featured_media":0,"parent":48,"menu_order":0,"comment_status":"closed","ping_status":"closed","template":"","meta":{"footnotes":""},"_links":{"self":[{"href":"https:\/\/www.boutheon.com\/index.php?rest_route=\/wp\/v2\/pages\/239"}],"collection":[{"href":"https:\/\/www.boutheon.com\/index.php?rest_route=\/wp\/v2\/pages"}],"about":[{"href":"https:\/\/www.boutheon.com\/index.php?rest_route=\/wp\/v2\/types\/page"}],"author":[{"embeddable":true,"href":"https:\/\/www.boutheon.com\/index.php?rest_route=\/wp\/v2\/users\/2"}],"replies":[{"embeddable":true,"href":"https:\/\/www.boutheon.com\/index.php?rest_route=%2Fwp%2Fv2%2Fcomments&post=239"}],"version-history":[{"count":5,"href":"https:\/\/www.boutheon.com\/index.php?rest_route=\/wp\/v2\/pages\/239\/revisions"}],"predecessor-version":[{"id":2951,"href":"https:\/\/www.boutheon.com\/index.php?rest_route=\/wp\/v2\/pages\/239\/revisions\/2951"}],"up":[{"embeddable":true,"href":"https:\/\/www.boutheon.com\/index.php?rest_route=\/wp\/v2\/pages\/48"}],"wp:attachment":[{"href":"https:\/\/www.boutheon.com\/index.php?rest_route=%2Fwp%2Fv2%2Fmedia&parent=239"}],"curies":[{"name":"wp","href":"https:\/\/api.w.org\/{rel}","templated":true}]}}