{"id":241,"date":"2010-11-23T11:38:01","date_gmt":"2010-11-23T10:38:01","guid":{"rendered":"http:\/\/www.boutheon.com\/?page_id=241"},"modified":"2019-01-28T09:17:12","modified_gmt":"2019-01-28T08:17:12","slug":"l%e2%80%99histoire-des-gadagnes-partie-v","status":"publish","type":"page","link":"https:\/\/www.boutheon.com\/?page_id=241","title":{"rendered":"L\u2019histoire des Gadagnes : Partie V"},"content":{"rendered":"<h2>Guillaume de Gadagne : l&rsquo;influence de la Renaissance Italienne<\/h2>\n<p>La vieille forteresse est transform\u00e9e avec le percement de grandes fen\u00eatres en crois\u00e9es.<\/p>\n<p>Construction du lanternon, de la corniche, de la balustrade sur la grosse tour.<\/p>\n<p>\u00a0\u00bb source Marie France V\u00f4 : Enseignante aux Beaux Arts Dijon<br \/>\nles volutes du lanternon de la tour rappellent en tr\u00e8s simplifi\u00e9es celles qui ornent le lanternon de Santa Maria del Fiore \u00e0 Florence.<\/p>\n<p>La fa\u00e7ade de l&rsquo;aile SUD sur la cour d&rsquo;honneur a \u00e9t\u00e9 faite par les Gadagne. Les fen\u00eatres et les portes sont munies d&rsquo;encadrements moulur\u00e9s, de frontons triangulaires, de tablettes d&rsquo;appui reposant sur des consoles d&rsquo;angle \u00e0 volutes dans le style de la 1\u00e8re renaissance florentine.<\/p>\n<p>Les Gadagne ont sans doute voulu cr\u00e9er une cour \u00e0 peu pr\u00e8s sym\u00e9trique en alignant les ouvertures de l&rsquo;aile SUD sur celles du NORD, d\u00e9j\u00e0 existantes. Ils ont r\u00e9alis\u00e9 un habillage de fa\u00e7ade, car le niveau des fen\u00eatres s&rsquo;ajuste mal avec les niveaux int\u00e9rieurs (voir d\u00e9calage au 1er \u00e9tage). Ce sont les Gadagne qui ont sans doute fait marteler les bandeaux moulur\u00e9s caract\u00e9ristiques de la fin du gothique qui ornaient la fa\u00e7ade de l&rsquo;aile NORD.<\/p>\n<p>Ils ont ainsi ordonn\u00e9 un nouvel axe pour le ch\u00e2teau, perpendiculaire \u00e0 l&rsquo;axe ancien qui reliait le donjon \u00e0 la poterne et ont \u00e9tabli une s\u00e9rie d&rsquo;espaces successifs donnant acc\u00e8s \u00e0 la cour d&rsquo;honneur (avant cour, pont, cl\u00f4ture de la cour et son portail). Le petit massif rectangulaire qui d\u00e9passe du toit correspond non au donjon, mais \u00e0 l&rsquo;escalier \u00e0 vis qui flanque celui ci.<\/p>\n<p>Aile NORD : visite int\u00e9rieure. Il faut noter les belles vo\u00fbtes \u00e0 nervures multiples, orn\u00e9es de m\u00e9daillons armori\u00e9s, dans l&#8217;embrasure des fen\u00eatres et portes, ainsi que dans la tour.<br \/>\nCes cl\u00e9s de vo\u00fbte datent de la construction fin 15\u00e8me (Mathieu de Bourbon)\u00a0\u00bb.<!--0d41d--><!--0d41d--><\/p>\n","protected":false},"excerpt":{"rendered":"<p>Guillaume de Gadagne : l&rsquo;influence de la Renaissance Italienne La vieille forteresse est transform\u00e9e avec&hellip; <a href=\"https:\/\/www.boutheon.com\/?page_id=241\">Lire la suite<\/a><\/p>\n","protected":false},"author":2,"featured_media":0,"parent":48,"menu_order":0,"comment_status":"closed","ping_status":"closed","template":"","meta":{"footnotes":""},"_links":{"self":[{"href":"https:\/\/www.boutheon.com\/index.php?rest_route=\/wp\/v2\/pages\/241"}],"collection":[{"href":"https:\/\/www.boutheon.com\/index.php?rest_route=\/wp\/v2\/pages"}],"about":[{"href":"https:\/\/www.boutheon.com\/index.php?rest_route=\/wp\/v2\/types\/page"}],"author":[{"embeddable":true,"href":"https:\/\/www.boutheon.com\/index.php?rest_route=\/wp\/v2\/users\/2"}],"replies":[{"embeddable":true,"href":"https:\/\/www.boutheon.com\/index.php?rest_route=%2Fwp%2Fv2%2Fcomments&post=241"}],"version-history":[{"count":4,"href":"https:\/\/www.boutheon.com\/index.php?rest_route=\/wp\/v2\/pages\/241\/revisions"}],"predecessor-version":[{"id":2952,"href":"https:\/\/www.boutheon.com\/index.php?rest_route=\/wp\/v2\/pages\/241\/revisions\/2952"}],"up":[{"embeddable":true,"href":"https:\/\/www.boutheon.com\/index.php?rest_route=\/wp\/v2\/pages\/48"}],"wp:attachment":[{"href":"https:\/\/www.boutheon.com\/index.php?rest_route=%2Fwp%2Fv2%2Fmedia&parent=241"}],"curies":[{"name":"wp","href":"https:\/\/api.w.org\/{rel}","templated":true}]}}