{"id":256,"date":"2010-11-23T11:51:41","date_gmt":"2010-11-23T10:51:41","guid":{"rendered":"http:\/\/www.boutheon.com\/?page_id=256"},"modified":"2019-01-28T09:16:38","modified_gmt":"2019-01-28T08:16:38","slug":"l%e2%80%99influence-des-bourbons-partie-ii","status":"publish","type":"page","link":"https:\/\/www.boutheon.com\/?page_id=256","title":{"rendered":"Les Bourbon : le Conn\u00e9table Charles III de Bourbon"},"content":{"rendered":"<h3>Apr\u00e8s la mort de Mathieu de Bourbon<\/h3>\n<p>A la mort de Mathieu (c\u00e9libataire sans enfant), sa cousine Suzanne de  Bourbon h\u00e9rite du ch\u00e2teau de Bouth\u00e9on. En 1505, Charles de  Bourbon seigneur de Montpensier et Suzanne de Bourbon se marie et Charles devient Charles III Duc de Bourbon. De 1515 \u00e0 1523, il exerce la fonction de\u00a0 Conn\u00e9table de France.<br \/>\nPour comprendre ce mariage entre cousins, il faut se rappeler que ni  Jean II, ni Pierre II, ni Mathieu n\u2019ont eu de descendants m\u00e2les. Ce  mariage devait r\u00e9gler tous les probl\u00e8mes de succession ; ce ne fut pas  le cas puisque le Conn\u00e9table eut les pires ennuis avec la famille de  Fran\u00e7ois 1er.<\/p>\n<p>Le 21 Septembre 1519, Charles III et Suzanne, sa  femme, ratifi\u00e8rent en faveur de Jean II seigneur de Saint Chamond, la  vente de Bouth\u00e9on devant D\u00e9chet et Croppet, notaires.<br \/>\nClaude de Saint Chamond (fils de Jean II) \u00e9pousa Jeanne de Joyeuse fille  unique de Fran\u00e7ois de Joyeuse, seigneur de Bouth\u00e9on. Claude mourut en  1521.<br \/>\nJeanne se remarie le 15 f\u00e9vrier 1526 avec Fran\u00e7ois de Montmorin de Saint H\u00e9rem.<\/p>\n<p>Note AVB : C\u2019est Fran\u00e7ois de Montmorin de Saint H\u00e9rem qui vend le ch\u00e2teau de Bouth\u00e9on \u00e0 Guillaume de Gadagne en 1561.<\/p>\n<h3>Les malheurs du Conn\u00e9table Charles III de Bourbon<\/h3>\n<p>En 1504, lorsque Mathieu meurt, Anne de Beaujeu, tante de Mathieu et  Suzanne sa fille s\u2019estiment h\u00e9riti\u00e8res ; le roi de l\u2019\u00e9poque Louis XII  reconna\u00eet leurs droits et tout serait simple si un certain Charles de  Bourbon Montpensier ne venait pr\u00e9tendre \u00e0 la succession de Pierre II  (7\u00e8me duc de Bourbon).<\/p>\n<p><strong>Comment justifie t-il cette pr\u00e9tention ?<\/strong><br \/>\nIl est le plus proche m\u00e2le de la Maison Ducale de Bourbon (9\u00e8me duc de  Bourbon), or il y a \u00ab avantages pour la post\u00e9rit\u00e9 masculine en la Maison  Ducale des Bourbon, par les Conventions Matrimoniales de mai 1400 \u00bb.<br \/>\nFort de son droit, il s\u2019adresse au roi et celui-ci doit admettre le bien  fond\u00e9 de sa requ\u00eate \u2026 le roi trouve la solution en mariant Charles \u00e0  Suzanne.<br \/>\nMariage \u00e0 Moulins le 10 mai 1505 ; Charles a 15 ans, Suzanne 14 (Suzanne  \u00e9tait fianc\u00e9e au duc d\u2019Alen\u00e7on mais il sera mari\u00e9 \u00e0 une cousine du Roi,  la s\u0153ur du futur Fran\u00e7ois 1er).<\/p>\n<p>Suzanne est d\u00e9crite comme \u00e9ternellement souffreteuse. Apr\u00e8s le d\u00e9c\u00e8s  de son fils en 1518 et une fausse couche Suzanne meurt en avril 1521.<br \/>\nDevenu veuf, Charles III re\u00e7oit une proposition de mariage de Louise de  Savoie (m\u00e8re de Fran\u00e7ois 1er); elle a 45 ans et il en a 32 et ils sont  parents par Jean 1er duc de Bourbon (leur arri\u00e8re grand-p\u00e8re).<\/p>\n<p><strong>Le refus de Charles III accentue ses ennuis avec Fran\u00e7ois 1er :<\/strong><br \/>\n1521 (campagne de Picardie) l\u2019avant-garde n\u2019est pas confi\u00e9e \u00e0 Charles III<\/p>\n<p>1522 le roi n\u2019a demand\u00e9 aucun service au Conn\u00e9table.<\/p>\n<p>\u00ab Le 15 juillet 1523, le Conn\u00e9table accompagn\u00e9 de deux \u00e9v\u00eaques  rencontre Jean de Poitiers au ch\u00e2teau de Bouth\u00e9on. Etaient pr\u00e9sents :<\/p>\n<ul>\n<li> Antoine de Chabannes \u00e9v\u00eaque du Puy<\/li>\n<li>Jacques Hurault \u00e9v\u00eaque d\u2019Autun<\/li>\n<li> Hector d\u2019Angeray<\/li>\n<li> Jean de Poitiers, seigneur de Saint Vallier p\u00e8re de Diane de Poitiers.<\/li>\n<\/ul>\n<p>\u00bb<br \/>\nLe 17 juillet 1523, Charles III re\u00e7oit Beaurain, l\u2019envoy\u00e9 de Charles  Quint \u00e0 Montbrison et il lui est propos\u00e9 de signer un protocole d\u2019accord  avec l\u2019empereur et le roi d\u2019Angleterre Henri VIII.<\/p>\n<p>Fin ao\u00fbt 1523 : les biens du Conn\u00e9table sont mis sous s\u00e9questre, Charles III rejoint son autre suzerain Charles Quint.<\/p>\n<p>30 avril 1524 : Charles va voir Bayard mourant car ils ont souvent combattu ensemble et ils ont l&rsquo;un pour l&rsquo;autre beaucoup d&rsquo;estime.<\/p>\n<p>1527 : confiscation des biens de Charles III<\/p>\n<p>6 mai 1527 : mort de Charles III pendant l&rsquo;assaut de Rome.<\/p>\n","protected":false},"excerpt":{"rendered":"<p>Apr\u00e8s la mort de Mathieu de Bourbon A la mort de Mathieu (c\u00e9libataire sans enfant),&hellip; <a href=\"https:\/\/www.boutheon.com\/?page_id=256\">Lire la suite<\/a><\/p>\n","protected":false},"author":2,"featured_media":0,"parent":46,"menu_order":0,"comment_status":"closed","ping_status":"closed","template":"","meta":{"footnotes":""},"_links":{"self":[{"href":"https:\/\/www.boutheon.com\/index.php?rest_route=\/wp\/v2\/pages\/256"}],"collection":[{"href":"https:\/\/www.boutheon.com\/index.php?rest_route=\/wp\/v2\/pages"}],"about":[{"href":"https:\/\/www.boutheon.com\/index.php?rest_route=\/wp\/v2\/types\/page"}],"author":[{"embeddable":true,"href":"https:\/\/www.boutheon.com\/index.php?rest_route=\/wp\/v2\/users\/2"}],"replies":[{"embeddable":true,"href":"https:\/\/www.boutheon.com\/index.php?rest_route=%2Fwp%2Fv2%2Fcomments&post=256"}],"version-history":[{"count":14,"href":"https:\/\/www.boutheon.com\/index.php?rest_route=\/wp\/v2\/pages\/256\/revisions"}],"predecessor-version":[{"id":2947,"href":"https:\/\/www.boutheon.com\/index.php?rest_route=\/wp\/v2\/pages\/256\/revisions\/2947"}],"up":[{"embeddable":true,"href":"https:\/\/www.boutheon.com\/index.php?rest_route=\/wp\/v2\/pages\/46"}],"wp:attachment":[{"href":"https:\/\/www.boutheon.com\/index.php?rest_route=%2Fwp%2Fv2%2Fmedia&parent=256"}],"curies":[{"name":"wp","href":"https:\/\/api.w.org\/{rel}","templated":true}]}}