{"id":270,"date":"2010-11-23T12:07:41","date_gmt":"2010-11-23T11:07:41","guid":{"rendered":"http:\/\/www.boutheon.com\/?page_id=270"},"modified":"2019-01-28T09:19:10","modified_gmt":"2019-01-28T08:19:10","slug":"histoire-du-forez","status":"publish","type":"page","link":"https:\/\/www.boutheon.com\/?page_id=270","title":{"rendered":"Le Forez"},"content":{"rendered":"<h2>Le ch\u00e2teau de Bouth\u00e9on est situ\u00e9 dans le Forez.<\/h2>\n<p>Cette ancienne province fait partie du d\u00e9partement de la Loire en Rh\u00f4ne-Alpes.<\/p>\n<h3>L&rsquo;influence des comtes de Forez :<\/h3>\n<p>En 1224, le comte du Forez Guy IV est possesseur de cette maison forte et il accorde une charte de franchise aux habitants de St Rambert, Cornillon, St Bonnet \u2026<\/p>\n<p>Le 1er juin 1290, le comte Jean de Forez (Jean 1er) donne en dot \u00e0 sa s\u0153ur Isabelle, femme de B\u00e9raud de Mercoeur, le ch\u00e2teau de Clepp\u00e9 mais il lui abandonne en \u00e9change celui de Bouth\u00e9on.<\/p>\n<p>Le 27 Avril 1325, le comte de Forez Jean 1er c\u00e9da \u00e0 Edouard, comte de Savoie, l&rsquo;hommage de plusieurs ch\u00e2teaux situ\u00e9s dans le Forez et notamment celui de Bouth\u00e9on.<\/p>\n<p>Le 18 Janvier 1326, le comte Jean renon\u00e7ait \u00e0 l&rsquo;alliance du comte de Savoie et signait avec le dauphin Guigues VIII un trait\u00e9 semblable au pr\u00e9c\u00e9dent moyennant une somme de 20.000 livres tournois.<\/p>\n<p>Le ch\u00e2teau de Bouth\u00e9on b\u00e9n\u00e9ficie d&rsquo;un parc ombrag\u00e9 de 10 ha.<\/p>\n","protected":false},"excerpt":{"rendered":"<p>Le ch\u00e2teau de Bouth\u00e9on est situ\u00e9 dans le Forez. Cette ancienne province fait partie du&hellip; <a href=\"https:\/\/www.boutheon.com\/?page_id=270\">Lire la suite<\/a><\/p>\n","protected":false},"author":2,"featured_media":0,"parent":0,"menu_order":0,"comment_status":"closed","ping_status":"closed","template":"","meta":{"footnotes":""},"_links":{"self":[{"href":"https:\/\/www.boutheon.com\/index.php?rest_route=\/wp\/v2\/pages\/270"}],"collection":[{"href":"https:\/\/www.boutheon.com\/index.php?rest_route=\/wp\/v2\/pages"}],"about":[{"href":"https:\/\/www.boutheon.com\/index.php?rest_route=\/wp\/v2\/types\/page"}],"author":[{"embeddable":true,"href":"https:\/\/www.boutheon.com\/index.php?rest_route=\/wp\/v2\/users\/2"}],"replies":[{"embeddable":true,"href":"https:\/\/www.boutheon.com\/index.php?rest_route=%2Fwp%2Fv2%2Fcomments&post=270"}],"version-history":[{"count":5,"href":"https:\/\/www.boutheon.com\/index.php?rest_route=\/wp\/v2\/pages\/270\/revisions"}],"predecessor-version":[{"id":279,"href":"https:\/\/www.boutheon.com\/index.php?rest_route=\/wp\/v2\/pages\/270\/revisions\/279"}],"wp:attachment":[{"href":"https:\/\/www.boutheon.com\/index.php?rest_route=%2Fwp%2Fv2%2Fmedia&parent=270"}],"curies":[{"name":"wp","href":"https:\/\/api.w.org\/{rel}","templated":true}]}}