{"id":29,"date":"2010-11-17T10:09:51","date_gmt":"2010-11-17T09:09:51","guid":{"rendered":"http:\/\/www.boutheon.com\/?page_id=29"},"modified":"2019-01-28T09:17:51","modified_gmt":"2019-01-28T08:17:51","slug":"lorigine-de-boutheon","status":"publish","type":"page","link":"https:\/\/www.boutheon.com\/?page_id=29","title":{"rendered":"L\u2019origine de Bouth\u00e9on"},"content":{"rendered":"<h2>Histoire<\/h2>\n<p>Les documents r\u00e9pertori\u00e9s par DUFOUR et Marguerite GONON en 1946<br \/>\n\u00a0\u00bb Dictionnaire topographique du Forez \u2026 \u00a0\u00bb attestent l&rsquo;anciennet\u00e9 des lieux.<\/p>\n<h3>Bouth\u00e9on est cit\u00e9 depuis le 12\u00e8me si\u00e8cle :<\/h3>\n<ul>\n<li>Apud Botenem (1130-1150 charte du Forez,n\u00b02,p.4)<\/li>\n<li>Umbertus de Boteone (1180 ibid.,n\u00b08,p.3)<\/li>\n<li>Ecclesia de Boteone (1183 Masures de l&rsquo;Ile Barbe, t.1,p.117)<\/li>\n<li>Castrum de Boteon (1224 charte du Forez n\u00b042, p.3)<\/li>\n<li>Ecclesia de Botheone (1225 Longnon, Pouill\u00e8s, p.3)<\/li>\n<li>Falcos de Botheon (1260-1317 charte du Forez,n\u00b0903)<\/li>\n<li>Locus de Botheane (1338 B1856,f\u00b0 i v\u00b0)<\/li>\n<li>Mendamentum Boteonis (1377 B2032,f\u00b085)<\/li>\n<li>Boteons (1378 Bull de la Diana,t.XXVI, p.317)<\/li>\n<\/ul>\n<p>Les hommes de Bouthion (1389 Lamure-Chantelauze,t.III,p.174)<br \/>\nCompte rendu par Estienne d&rsquo;Entraigues Tr\u00e9sorier de Forez et commissaire pr\u00e9sent ad ce de la quarte partie d&rsquo;un foage<\/p>\n<p>\u2026en ce qui concerne la langue d&rsquo;o\u00efl \u2026<br \/>\n\u2026 le 19\u00e8me jour de may de l&rsquo;an 1389 \u2026<br \/>\n\u2026 r\u00e9cepte de deniers\u2026<br \/>\n\u2026 des hommes de Bouthion iii frans d.<br \/>\n\u2026 des hommes de st Rambert et Chambles XV frans<br \/>\n\u2026 des hommes de Fougerolles XV frans d. \u2026<\/p>\n<ul>\n<li> Apud Butheonem (1413 B1892,f\u00b0 19)<\/li>\n<li>Curatus Buthionis (1420 B1892, f\u00b0 30 v\u00b0)<\/li>\n<li>Villa Bothionis (1420 ibid.f\u00b031)<\/li>\n<li>Falconetus de Bouthione (1500 inventaire de St Romain le Puy, f\u00b0 1)<\/li>\n<li>Apud Botuonem (1516 ter. Pastoral f\u00b0 64)<\/li>\n<li>en 1555 Bout\u00e9on (B2228,f\u00b0 11)<br \/>\nterrier de la seigneurerie de St Galmier<br \/>\nBout\u00e9on<br \/>\nMr \u2026illisible \u2026<\/li>\n<li>en 1673 le port de Bouth\u00e9on (B2229,f\u00b0 88 v\u00b0)<br \/>\nterrier de la chatellenie de St Galmier<br \/>\n\u2026 au plaine Debize, le chemin du port de Botheon \u00e0 Chazelle \u2026<\/li>\n<\/ul>\n<p>D&rsquo;apr\u00e8s Anne Marie Vurpas \u00a0\u00bb Noms de lieux de la Loire et du Rh\u00f4ne\u00a0\u00bb<br \/>\nBouth\u00e9on vient de bodedunum bode : nom gaulois dunum : forteresse<\/p>\n<p>Note AVB : dun est un suffixe celte (exemple Montverdun Ch\u00e2teaudun )<\/p>\n","protected":false},"excerpt":{"rendered":"<p>Histoire Les documents r\u00e9pertori\u00e9s par DUFOUR et Marguerite GONON en 1946 \u00a0\u00bb Dictionnaire topographique du&hellip; <a href=\"https:\/\/www.boutheon.com\/?page_id=29\">Lire la suite<\/a><\/p>\n","protected":false},"author":2,"featured_media":0,"parent":193,"menu_order":0,"comment_status":"closed","ping_status":"closed","template":"","meta":{"footnotes":""},"_links":{"self":[{"href":"https:\/\/www.boutheon.com\/index.php?rest_route=\/wp\/v2\/pages\/29"}],"collection":[{"href":"https:\/\/www.boutheon.com\/index.php?rest_route=\/wp\/v2\/pages"}],"about":[{"href":"https:\/\/www.boutheon.com\/index.php?rest_route=\/wp\/v2\/types\/page"}],"author":[{"embeddable":true,"href":"https:\/\/www.boutheon.com\/index.php?rest_route=\/wp\/v2\/users\/2"}],"replies":[{"embeddable":true,"href":"https:\/\/www.boutheon.com\/index.php?rest_route=%2Fwp%2Fv2%2Fcomments&post=29"}],"version-history":[{"count":8,"href":"https:\/\/www.boutheon.com\/index.php?rest_route=\/wp\/v2\/pages\/29\/revisions"}],"predecessor-version":[{"id":2953,"href":"https:\/\/www.boutheon.com\/index.php?rest_route=\/wp\/v2\/pages\/29\/revisions\/2953"}],"up":[{"embeddable":true,"href":"https:\/\/www.boutheon.com\/index.php?rest_route=\/wp\/v2\/pages\/193"}],"wp:attachment":[{"href":"https:\/\/www.boutheon.com\/index.php?rest_route=%2Fwp%2Fv2%2Fmedia&parent=29"}],"curies":[{"name":"wp","href":"https:\/\/api.w.org\/{rel}","templated":true}]}}