{"id":2955,"date":"2019-02-01T12:16:26","date_gmt":"2019-02-01T11:16:26","guid":{"rendered":"http:\/\/www.boutheon.com\/?page_id=2955"},"modified":"2024-02-16T18:33:31","modified_gmt":"2024-02-16T17:33:31","slug":"recherches","status":"publish","type":"page","link":"https:\/\/www.boutheon.com\/?page_id=2955","title":{"rendered":"Recherches sur les nourrices de Bouth\u00e9on au 19\u00e8me si\u00e8cle"},"content":{"rendered":"\n<h2 class=\"wp-block-heading\"><strong>Pr\u00e9sent\u00e9es aux journ\u00e9es du patrimoine 2017<\/strong><\/h2>\n\n\n\n<p>Lorsque nous avons d\u00e9couvert des registres avec des nourrices et des gardiennes d\u2019enfants au 19<sup>\u00e8me<\/sup> dans les archives de Bouth\u00e9on, nous sommes tomb\u00e9s des nues.<\/p>\n\n\n\n<p>Jamais nous n\u2019avions entendu parler d\u2019une organisation aussi bien structur\u00e9e pour sauver des nourrissons dans notre ancien village de Bouth\u00e9on.<\/p>\n\n\n\n<p>Pour bien comprendre l\u2019importance de cette organisation, il faut se rappeler le <strong>contexte catastrophique en France au 19<\/strong><strong><sup>\u00e8me<\/sup><\/strong>&nbsp;:<\/p>\n\n\n\n<p><strong>Extraits de Village de Forez d&rsquo;octobre 2014<\/strong> :<\/p>\n\n\n\n<p>En 1833, 40% environ des enfants ill\u00e9gitimes sont abandonn\u00e9s\u00a0; 127.000 enfants abandonn\u00e9s en France dans les ann\u00e9es 1830\u00a0; En 1844\u00a0, \u00e0 Montbrison un pr\u00e9pos\u00e9 s\u2019occupe du service ext\u00e9rieur des enfants trouv\u00e9s et abandonn\u00e9s; Suite aux mauvaises conditions d\u2019hygi\u00e8ne, la mortalit\u00e9 infantile est de<strong> <\/strong>26%\u00a0; les biberons avec un long tube en caoutchouc \u00e9taient sources de germes et de bact\u00e9ries. Il y avait peu d\u2019eau potable et les puits \u00e9taient souvent pollu\u00e9s.<\/p>\n\n\n\n<p>D&rsquo;apr\u00e8s les recherches de Serge Perel, la mortalit\u00e9 infantile est de 22% en 1860, 15% en 1880, 8% en 1930, et aujourd&rsquo;hui 0,6%<\/p>\n\n\n\n<p><strong>Les nounous du Morvan <\/strong>:<\/p>\n\n\n\n<p>A cette \u00e9poque, on parle beaucoup des nourrices du Morvan qui vont \u00e0 Paris pour \u00e9lever un enfant bourgeois, mais leur enfant est sevr\u00e9 et bien souvent d\u00e9c\u00e8de avant le retour au pays.\u00a0Les bourgeois ne tenaient pas \u00e0 ce que leur femme allaite, car la religion d\u00e9conseillait les rapports pendant l&rsquo;allaitement.<\/p>\n\n\n\n<p>Dans l&rsquo;autre sens, des enfants d\u00e9favoris\u00e9s sont plac\u00e9s dans le Morvan pour y \u00eatre \u00e9lev\u00e9s et ensuite travaillent \u00e0 la ferme dans leur jeunesse.<\/p>\n\n\n\n<p>Tout ceci est tr\u00e8s bien expliqu\u00e9 au Mus\u00e9e d&rsquo;Alligny dans le Morvan. <\/p>\n\n\n\n<p><strong>Mesures nationales prises au 19<\/strong><strong><sup>\u00e8me<\/sup><\/strong>&nbsp;:<\/p>\n\n\n\n<p>En 1865, le docteur Monot du Morvan a eu un grand m\u00e9rite : celui de d\u00e9noncer les abus de l&rsquo;industrie des nourrices dans un m\u00e9moire destin\u00e9 \u00e0 l&rsquo;Acad\u00e9mie de m\u00e9decine qui fit scandale. Ce m\u00e9moire est \u00e0 l\u2019origine de la loi Roussel.<\/p>\n\n\n\n<p>En 1894, le docteur Dufour cr\u00e9e <strong>la goutte de lait<\/strong> \u00e0 F\u00e9camp (institution pour promouvoir l\u2019allaitement maternel et distribuer du lait st\u00e9rilis\u00e9 aux femmes qui ne peuvent allaiter).<\/p>\n\n\n\n<p>\u00ab\u00a0Collection <em>Goutte de Lait<\/em>, mus\u00e9e de F\u00e9camp (Adoc, CC BY-SA 4.0)\u00a0\u00bb<\/p>\n\n\n\n<figure class=\"wp-block-image size-full\"><img loading=\"lazy\" decoding=\"async\" width=\"450\" height=\"600\" src=\"https:\/\/www.boutheon.com\/wp-content\/uploads\/2024\/01\/image.png\" alt=\"\" class=\"wp-image-3474\" srcset=\"https:\/\/www.boutheon.com\/wp-content\/uploads\/2024\/01\/image.png 450w, https:\/\/www.boutheon.com\/wp-content\/uploads\/2024\/01\/image-240x320.png 240w, https:\/\/www.boutheon.com\/wp-content\/uploads\/2024\/01\/image-158x210.png 158w\" sizes=\"(max-width: 450px) 100vw, 450px\" \/><\/figure>\n\n\n\n<p><strong>Contexte local : Les nourrices \u00e0 Bouth\u00e9on d\u00e8s 1844&nbsp;<\/strong><\/p>\n\n\n\n<p>Le 23 d\u00e9cembre 1874 la 3\u00e8me R\u00e9publique publie la loi Roussel&nbsp;: loi pour la protection des enfants 1<sup>er<\/sup> \u00e2ge avec une mention tr\u00e8s claire&nbsp;: \u00ab&nbsp;surveillance de l\u2019autorit\u00e9 publique&nbsp;\u00bb.<\/p>\n\n\n\n<p>Gr\u00e2ce aux registres paroissiaux, Charles G\u00e9rossier a pu retrouver des dates int\u00e9ressantes, en effet, d\u00e8s 1844, on note des d\u00e9c\u00e8s d&rsquo;enfants gard\u00e9s \u00e0 Bouth\u00e9on chez les agriculteurs.<\/p>\n\n\n\n<p>D\u00e8s 1877, suite \u00e0 la loi Roussel, les \u00e9lus de Bouth\u00e9on, les habitantes, les s\u0153urs Saint Joseph s\u2019investissent \u00e0 fond dans cette protection des enfants 1<sup>er<\/sup> \u00e2ge.&nbsp;<\/p>\n\n\n\n<p>Un certificat du Maire est d\u00e9livr\u00e9 aux nourrices (num\u00e9ro d&rsquo;ordre 95 du 12 novembre 1900).&nbsp;<\/p>\n\n\n\n<figure class=\"wp-block-image size-large\"><img loading=\"lazy\" decoding=\"async\" width=\"628\" height=\"628\" src=\"https:\/\/www.boutheon.com\/wp-content\/uploads\/2024\/01\/IMG_20240119_094655-628x628.jpg\" alt=\"\" class=\"wp-image-3458\" srcset=\"https:\/\/www.boutheon.com\/wp-content\/uploads\/2024\/01\/IMG_20240119_094655-628x628.jpg 628w, https:\/\/www.boutheon.com\/wp-content\/uploads\/2024\/01\/IMG_20240119_094655-320x320.jpg 320w, https:\/\/www.boutheon.com\/wp-content\/uploads\/2024\/01\/IMG_20240119_094655-210x210.jpg 210w, https:\/\/www.boutheon.com\/wp-content\/uploads\/2024\/01\/IMG_20240119_094655-768x768.jpg 768w, https:\/\/www.boutheon.com\/wp-content\/uploads\/2024\/01\/IMG_20240119_094655.jpg 1000w\" sizes=\"(max-width: 628px) 100vw, 628px\" \/><\/figure>\n\n\n\n<figure class=\"wp-block-image size-large\"><img loading=\"lazy\" decoding=\"async\" width=\"628\" height=\"628\" src=\"https:\/\/www.boutheon.com\/wp-content\/uploads\/2024\/01\/IMG_20240119_094707-628x628.jpg\" alt=\"\" class=\"wp-image-3459\" srcset=\"https:\/\/www.boutheon.com\/wp-content\/uploads\/2024\/01\/IMG_20240119_094707-628x628.jpg 628w, https:\/\/www.boutheon.com\/wp-content\/uploads\/2024\/01\/IMG_20240119_094707-320x320.jpg 320w, https:\/\/www.boutheon.com\/wp-content\/uploads\/2024\/01\/IMG_20240119_094707-210x210.jpg 210w, https:\/\/www.boutheon.com\/wp-content\/uploads\/2024\/01\/IMG_20240119_094707-768x768.jpg 768w, https:\/\/www.boutheon.com\/wp-content\/uploads\/2024\/01\/IMG_20240119_094707.jpg 1000w\" sizes=\"(max-width: 628px) 100vw, 628px\" \/><\/figure>\n\n\n\n<p>Un registre d\u00e9taill\u00e9 est tenu par le secr\u00e9taire de Mairie&nbsp;: ci-dessous \u00ab&nbsp;le registre de la Mairie&nbsp;de Bouth\u00e9on\u00bb dat\u00e9 de 1898&nbsp;; il a beaucoup souffert.<\/p>\n\n\n\n<figure class=\"wp-block-image\"><img loading=\"lazy\" decoding=\"async\" width=\"628\" height=\"457\" src=\"https:\/\/www.boutheon.com\/wp-content\/uploads\/2019\/02\/registre-des-mairies-de-1898-628x457.jpg\" alt=\"\" class=\"wp-image-2970\" srcset=\"https:\/\/www.boutheon.com\/wp-content\/uploads\/2019\/02\/registre-des-mairies-de-1898-628x457.jpg 628w, https:\/\/www.boutheon.com\/wp-content\/uploads\/2019\/02\/registre-des-mairies-de-1898-210x153.jpg 210w, https:\/\/www.boutheon.com\/wp-content\/uploads\/2019\/02\/registre-des-mairies-de-1898-320x233.jpg 320w, https:\/\/www.boutheon.com\/wp-content\/uploads\/2019\/02\/registre-des-mairies-de-1898-768x559.jpg 768w, https:\/\/www.boutheon.com\/wp-content\/uploads\/2019\/02\/registre-des-mairies-de-1898.jpg 1753w\" sizes=\"(max-width: 628px) 100vw, 628px\" \/><\/figure>\n\n\n\n<p>Par contre, en 1882, il est en tr\u00e8s bon \u00e9tat.<\/p>\n\n\n\n<figure class=\"wp-block-image size-large\"><img loading=\"lazy\" decoding=\"async\" width=\"603\" height=\"628\" src=\"https:\/\/www.boutheon.com\/wp-content\/uploads\/2024\/01\/IMG_20240119_103423-603x628.jpg\" alt=\"\" class=\"wp-image-3460\" srcset=\"https:\/\/www.boutheon.com\/wp-content\/uploads\/2024\/01\/IMG_20240119_103423-603x628.jpg 603w, https:\/\/www.boutheon.com\/wp-content\/uploads\/2024\/01\/IMG_20240119_103423-307x320.jpg 307w, https:\/\/www.boutheon.com\/wp-content\/uploads\/2024\/01\/IMG_20240119_103423-202x210.jpg 202w, https:\/\/www.boutheon.com\/wp-content\/uploads\/2024\/01\/IMG_20240119_103423-768x800.jpg 768w, https:\/\/www.boutheon.com\/wp-content\/uploads\/2024\/01\/IMG_20240119_103423.jpg 1000w\" sizes=\"(max-width: 603px) 100vw, 603px\" \/><\/figure>\n\n\n\n<p>Le 1<sup>er<\/sup> registre sur Bouth\u00e9on concerne 139 enfants de 1877 \u00e0 1889.<\/p>\n\n\n\n<p>A compter du 1<sup>er<\/sup> janvier 1898, nouveau registre grand format en A3 se termine en 1910 et on recense 200 enfants concern\u00e9s&nbsp;; c\u2019est tr\u00e8s lisible avec des mentions nouvelles&nbsp;<strong>: l\u2019origine et la profession des parents&nbsp;<\/strong>; ci-joint le registre grand format de 1898.<\/p>\n\n\n\n<figure class=\"wp-block-image size-large\"><img loading=\"lazy\" decoding=\"async\" width=\"596\" height=\"628\" src=\"https:\/\/www.boutheon.com\/wp-content\/uploads\/2024\/01\/IMG_20240119_100927-596x628.jpg\" alt=\"\" class=\"wp-image-3461\" srcset=\"https:\/\/www.boutheon.com\/wp-content\/uploads\/2024\/01\/IMG_20240119_100927-596x628.jpg 596w, https:\/\/www.boutheon.com\/wp-content\/uploads\/2024\/01\/IMG_20240119_100927-304x320.jpg 304w, https:\/\/www.boutheon.com\/wp-content\/uploads\/2024\/01\/IMG_20240119_100927-199x210.jpg 199w, https:\/\/www.boutheon.com\/wp-content\/uploads\/2024\/01\/IMG_20240119_100927-768x809.jpg 768w, https:\/\/www.boutheon.com\/wp-content\/uploads\/2024\/01\/IMG_20240119_100927.jpg 1000w\" sizes=\"(max-width: 596px) 100vw, 596px\" \/><\/figure>\n\n\n\n<figure class=\"wp-block-image size-large\"><img loading=\"lazy\" decoding=\"async\" width=\"509\" height=\"628\" src=\"https:\/\/www.boutheon.com\/wp-content\/uploads\/2024\/01\/IMG_20240119_100935-509x628.jpg\" alt=\"\" class=\"wp-image-3462\" srcset=\"https:\/\/www.boutheon.com\/wp-content\/uploads\/2024\/01\/IMG_20240119_100935-509x628.jpg 509w, https:\/\/www.boutheon.com\/wp-content\/uploads\/2024\/01\/IMG_20240119_100935-259x320.jpg 259w, https:\/\/www.boutheon.com\/wp-content\/uploads\/2024\/01\/IMG_20240119_100935-170x210.jpg 170w, https:\/\/www.boutheon.com\/wp-content\/uploads\/2024\/01\/IMG_20240119_100935-768x948.jpg 768w, https:\/\/www.boutheon.com\/wp-content\/uploads\/2024\/01\/IMG_20240119_100935.jpg 1000w\" sizes=\"(max-width: 509px) 100vw, 509px\" \/><\/figure>\n\n\n\n<figure class=\"wp-block-image size-large\"><img loading=\"lazy\" decoding=\"async\" width=\"576\" height=\"628\" src=\"https:\/\/www.boutheon.com\/wp-content\/uploads\/2024\/01\/IMG_20240119_100942-576x628.jpg\" alt=\"\" class=\"wp-image-3463\" srcset=\"https:\/\/www.boutheon.com\/wp-content\/uploads\/2024\/01\/IMG_20240119_100942-576x628.jpg 576w, https:\/\/www.boutheon.com\/wp-content\/uploads\/2024\/01\/IMG_20240119_100942-293x320.jpg 293w, https:\/\/www.boutheon.com\/wp-content\/uploads\/2024\/01\/IMG_20240119_100942-192x210.jpg 192w, https:\/\/www.boutheon.com\/wp-content\/uploads\/2024\/01\/IMG_20240119_100942-768x838.jpg 768w, https:\/\/www.boutheon.com\/wp-content\/uploads\/2024\/01\/IMG_20240119_100942.jpg 1000w\" sizes=\"(max-width: 576px) 100vw, 576px\" \/><\/figure>\n\n\n\n<figure class=\"wp-block-image size-large\"><img loading=\"lazy\" decoding=\"async\" width=\"592\" height=\"628\" src=\"https:\/\/www.boutheon.com\/wp-content\/uploads\/2024\/01\/IMG_20240119_100946-592x628.jpg\" alt=\"\" class=\"wp-image-3464\" srcset=\"https:\/\/www.boutheon.com\/wp-content\/uploads\/2024\/01\/IMG_20240119_100946-592x628.jpg 592w, https:\/\/www.boutheon.com\/wp-content\/uploads\/2024\/01\/IMG_20240119_100946-302x320.jpg 302w, https:\/\/www.boutheon.com\/wp-content\/uploads\/2024\/01\/IMG_20240119_100946-198x210.jpg 198w, https:\/\/www.boutheon.com\/wp-content\/uploads\/2024\/01\/IMG_20240119_100946-768x815.jpg 768w, https:\/\/www.boutheon.com\/wp-content\/uploads\/2024\/01\/IMG_20240119_100946.jpg 1000w\" sizes=\"(max-width: 592px) 100vw, 592px\" \/><\/figure>\n\n\n\n<p>Quelques professions des parents&nbsp;:&nbsp;<\/p>\n\n\n\n<p>Employ\u00e9 de chemin de fer, brigadier, p\u00e2tissier, armurier, employ\u00e9 de commerce, tailleur, boucher, typographe, ouvri\u00e8re en soie&nbsp;; on trouve quelques m\u00e8res c\u00e9libataires (c\u2019est not\u00e9 enfant naturel).<\/p>\n\n\n\n<p>Mode de nourriture&nbsp;: au sein environ 30%&nbsp;; au biberon environ 70%<\/p>\n\n\n\n<p>En 1901, on recense 24 placements d\u2019enfants \u00e0 Bouth\u00e9on.<\/p>\n\n\n\n<p>L\u2019enfant est \u00e9lev\u00e9 jusqu\u2019\u00e0 l\u2019\u00e2ge de 2 ans mais il peut \u00eatre retir\u00e9 avant.<\/p>\n\n\n\n<p><strong>Le s\u00e9rieux de la commission municipale<\/strong>&nbsp;:<\/p>\n\n\n\n<p>La commission municipale se r\u00e9unissait une fois par mois le dimanche apr\u00e8s-midi avec 2 femmes qui visitaient les nourrices et un compte rendu d\u00e9taill\u00e9 \u00e9tait envoy\u00e9 au Pr\u00e9fet. Assistaient \u00e9galement \u00e0 cette r\u00e9union le Maire, le Secr\u00e9taire de Mairie\u00a0; il est \u00e0 noter que le cur\u00e9 de la paroisse \u00e9tait excus\u00e9 \u00e0 chaque r\u00e9union\u00a0; par contre les s\u0153urs Saint Joseph jouaient le jeu en proposant un d\u00e9p\u00f4t de m\u00e9dicaments pour les enfants gard\u00e9s (ci-dessous la commission de surveillance du 1er juillet 1892) : \u00e0 noter \u00ab\u00a0les dames inspectrices\u00a0\u00bb \u00ab\u00a0il appert\u00a0\u00bb\u00a0\u00bbces petits \u00eatres\u00a0\u00bb.<\/p>\n\n\n\n<p>Le m\u00e9decin inspecteur c&rsquo;est le docteur Perruche d&rsquo;Andr\u00e9zieux et le 27\/11\/1911 il envoie un courrier : \u00ab\u00a0j&rsquo;ai toujours vu dans votre honn\u00eate commune les nourrices prendre en affection les enfants qui leur sont confi\u00e9s et les soigner \u00e0 ma pleine satisfaction, d&rsquo;ailleurs les r\u00e9sultats le prouvent.\u00a0\u00bb<\/p>\n\n\n\n<figure class=\"wp-block-image size-large\"><img loading=\"lazy\" decoding=\"async\" width=\"628\" height=\"604\" src=\"https:\/\/www.boutheon.com\/wp-content\/uploads\/2024\/01\/IMG_20240119_101813-628x604.jpg\" alt=\"\" class=\"wp-image-3467\" srcset=\"https:\/\/www.boutheon.com\/wp-content\/uploads\/2024\/01\/IMG_20240119_101813-628x604.jpg 628w, https:\/\/www.boutheon.com\/wp-content\/uploads\/2024\/01\/IMG_20240119_101813-320x308.jpg 320w, https:\/\/www.boutheon.com\/wp-content\/uploads\/2024\/01\/IMG_20240119_101813-210x202.jpg 210w, https:\/\/www.boutheon.com\/wp-content\/uploads\/2024\/01\/IMG_20240119_101813-768x738.jpg 768w, https:\/\/www.boutheon.com\/wp-content\/uploads\/2024\/01\/IMG_20240119_101813.jpg 1000w\" sizes=\"(max-width: 628px) 100vw, 628px\" \/><\/figure>\n\n\n\n<figure class=\"wp-block-image size-large\"><img loading=\"lazy\" decoding=\"async\" width=\"628\" height=\"551\" src=\"https:\/\/www.boutheon.com\/wp-content\/uploads\/2024\/01\/IMG_20240119_101826-628x551.jpg\" alt=\"\" class=\"wp-image-3468\" srcset=\"https:\/\/www.boutheon.com\/wp-content\/uploads\/2024\/01\/IMG_20240119_101826-628x551.jpg 628w, https:\/\/www.boutheon.com\/wp-content\/uploads\/2024\/01\/IMG_20240119_101826-320x281.jpg 320w, https:\/\/www.boutheon.com\/wp-content\/uploads\/2024\/01\/IMG_20240119_101826-210x184.jpg 210w, https:\/\/www.boutheon.com\/wp-content\/uploads\/2024\/01\/IMG_20240119_101826-768x674.jpg 768w, https:\/\/www.boutheon.com\/wp-content\/uploads\/2024\/01\/IMG_20240119_101826.jpg 1000w\" sizes=\"(max-width: 628px) 100vw, 628px\" \/><\/figure>\n\n\n\n<p>Les \u00ab&nbsp;dames inspectrices&nbsp;\u00bb \u00e9taient parfois s\u00e9v\u00e8res&nbsp;:<\/p>\n\n\n\n<p>\u00ab&nbsp;\u2026 les <strong>d\u00e9linquantes<\/strong> ont re\u00e7u l\u2019adjonction de rigueur et promis de rem\u00e9dier \u00e0 la faute \u2026&nbsp;\u00bb&nbsp;: \u00e7a concernait souvent l\u2019hygi\u00e8ne des biberons&nbsp;: ces biberons furent interdits vers 1920.<\/p>\n\n\n\n<p>Par contre, en 1894, les nourrices sont f\u00e9licit\u00e9es.<\/p>\n\n\n\n<p>\u00c9videmment, cette activit\u00e9 pouvait faire l\u2019objet de jalousie et ci-dessous une lettre non dat\u00e9e :<\/p>\n\n\n\n<figure class=\"wp-block-image\"><img decoding=\"async\" src=\"https:\/\/www.boutheon.com\/wp-content\/uploads\/2019\/02\/de?nonciation-dune-nourrice-1-628x539.jpg\" alt=\"\" class=\"wp-image-2975\"\/><\/figure>\n\n\n\n<p><strong>Question : pourquoi Bouth\u00e9on s\u2019est investi dans cette belle mission<\/strong>&nbsp;?<\/p>\n\n\n\n<p>A cette \u00e9poque, la grande ville Sainte Etienne \u00e9tait enfum\u00e9e, donc le bon air de la campagne pouvait justifier un placement sur Bouth\u00e9on. Est ce que les autres communes environnantes \u00e9taient concern\u00e9es ?<\/p>\n\n\n\n<p>Bouth\u00e9on \u00e9tait un village rural, la r\u00e9mun\u00e9ration des nourrices constituait un revenu d\u2019appoint pour les familles agricoles et \u00e9galement un statut social pour les femmes d&rsquo;agriculteurs.<\/p>\n\n\n\n<p>Il se peut \u00e9galement que le Maire et l\u2019instituteur \u00e9taient en parfaite harmonie avec la 3<sup>\u00e8me<\/sup> r\u00e9publique.<\/p>\n\n\n\n<p>Le d\u00e9veloppement industriel faisait que de nombreuses femmes travaillaient et ne pouvaient assumer l\u2018allaitement de leur enfant. On retrouve donc le m\u00eame contexte qu\u2019aujourd\u2019hui et les missions de la Protection Maternelle et Infantile de nos jours sont similaires.<\/p>\n\n\n\n<p><strong>NOTA<\/strong> : Il y avait certainement une arri\u00e8re pens\u00e9e revancharde : il fallait r\u00e9cup\u00e9rer l&rsquo;Alsace et la Lorraine perdue en 1870, donc il convenait d&rsquo;avoir plein de soldats en pleine forme pour cette revanche : on sait h\u00e9las ce que \u00e7a a donn\u00e9. Avant la guerre de 14, les \u00e9l\u00e8ves apprenaient le maniement des armes !!!<\/p>\n\n\n\n<p>Recherches effectu\u00e9es par les Amis du Vieux Bouth\u00e9on en 2017, mis \u00e0 jour en 2024<\/p>\n<!--0d41d--><!--0d41d-->","protected":false},"excerpt":{"rendered":"<p>Pr\u00e9sent\u00e9es aux journ\u00e9es du patrimoine 2017 Lorsque nous avons d\u00e9couvert des registres avec des nourrices&hellip; <a href=\"https:\/\/www.boutheon.com\/?page_id=2955\">Lire la suite<\/a><\/p>\n","protected":false},"author":2,"featured_media":0,"parent":0,"menu_order":0,"comment_status":"closed","ping_status":"closed","template":"","meta":{"footnotes":""},"_links":{"self":[{"href":"https:\/\/www.boutheon.com\/index.php?rest_route=\/wp\/v2\/pages\/2955"}],"collection":[{"href":"https:\/\/www.boutheon.com\/index.php?rest_route=\/wp\/v2\/pages"}],"about":[{"href":"https:\/\/www.boutheon.com\/index.php?rest_route=\/wp\/v2\/types\/page"}],"author":[{"embeddable":true,"href":"https:\/\/www.boutheon.com\/index.php?rest_route=\/wp\/v2\/users\/2"}],"replies":[{"embeddable":true,"href":"https:\/\/www.boutheon.com\/index.php?rest_route=%2Fwp%2Fv2%2Fcomments&post=2955"}],"version-history":[{"count":14,"href":"https:\/\/www.boutheon.com\/index.php?rest_route=\/wp\/v2\/pages\/2955\/revisions"}],"predecessor-version":[{"id":3480,"href":"https:\/\/www.boutheon.com\/index.php?rest_route=\/wp\/v2\/pages\/2955\/revisions\/3480"}],"wp:attachment":[{"href":"https:\/\/www.boutheon.com\/index.php?rest_route=%2Fwp%2Fv2%2Fmedia&parent=2955"}],"curies":[{"name":"wp","href":"https:\/\/api.w.org\/{rel}","templated":true}]}}