{"id":3130,"date":"2021-04-01T18:44:57","date_gmt":"2021-04-01T17:44:57","guid":{"rendered":"http:\/\/www.boutheon.com\/?page_id=3130"},"modified":"2021-10-01T15:24:41","modified_gmt":"2021-10-01T14:24:41","slug":"nos-fascicules","status":"publish","type":"page","link":"https:\/\/www.boutheon.com\/?page_id=3130","title":{"rendered":"Nos Fascicules"},"content":{"rendered":"\n<p> LES 4 FASCICULES QUE NOUS AVONS PR\u00c9PAR\u00c9 R\u00c9CEMMENT :<\/p>\n\n\n\n<h4 class=\"margin_top_40 wp-block-heading\">LE CH\u00c2TEAU ET LES GRANDES FAMILLES &nbsp;&nbsp;&nbsp;&nbsp;<\/h4>\n\n\n\n<figure class=\"wp-block-image is-resized\"><img loading=\"lazy\" decoding=\"async\" src=\"https:\/\/www.boutheon.com\/wp-content\/uploads\/2021\/04\/unnamed-1-457x628.jpg\" alt=\"\" class=\"wp-image-3133\" width=\"310\" height=\"414\"\/><\/figure>\n\n\n\n<p>52 PAGES PARTICIPATION AUX FRAIS 8\u20ac <\/p>\n\n\n\n<h4 class=\"margin_top_40 wp-block-heading\">LES B\u00c2TIMENTS D&rsquo;\u00c9COLE DE 1848 \u00c0 1914 &nbsp;&nbsp;&nbsp;&nbsp;<\/h4>\n\n\n\n<figure class=\"wp-block-image is-resized\"><img loading=\"lazy\" decoding=\"async\" src=\"https:\/\/www.boutheon.com\/wp-content\/uploads\/2021\/04\/unnamed-457x628.jpg\" alt=\"\" class=\"wp-image-3134\" width=\"310\" height=\"417\"\/><\/figure>\n\n\n\n<p>18 PAGES PARTICIPATION AUX FRAIS 2\u20ac <\/p>\n\n\n\n<h4 class=\"margin_top_40 wp-block-heading\">LA 1\u00c8RE LIGNE DE CHEMIN DE FER DE SAINT ETIENNE \u00c0 ANDR\u00c9ZIEUX <\/h4>\n\n\n\n<figure class=\"wp-block-image is-resized\"><img loading=\"lazy\" decoding=\"async\" src=\"https:\/\/www.boutheon.com\/wp-content\/uploads\/2021\/04\/unnamed-2-447x628.jpg\" alt=\"\" class=\"wp-image-3135\" width=\"310\" height=\"426\"\/><\/figure>\n\n\n\n<p>40 PAGES PARTICIPATION AUX FRAIS 4\u20ac en vente \u00e0 L&rsquo;aventure du Train.<\/p>\n\n\n\n<h4 class=\"margin_top_40 wp-block-heading\">14-18 LES BOUTH\u00c9ONNAIS MORTS POUR LA FRANCE &nbsp;&nbsp;&nbsp;&nbsp;<\/h4>\n\n\n\n<figure class=\"wp-block-image is-resized\"><img loading=\"lazy\" decoding=\"async\" src=\"https:\/\/www.boutheon.com\/wp-content\/uploads\/2021\/04\/unnamed-3-439x628.jpg\" alt=\"\" class=\"wp-image-3136\" width=\"310\" height=\"450\"\/><\/figure>\n\n\n\n<p>56 PAGES PARTICIPATION AUX FRAIS 4\u20ac <\/p>\n\n\n\n<hr class=\"wp-block-separator\"\/>\n\n\n\n<figure class=\"wp-block-image\"><img loading=\"lazy\" decoding=\"async\" width=\"628\" height=\"455\" src=\"https:\/\/www.boutheon.com\/wp-content\/uploads\/2021\/05\/Plan-trace\u0301-OK-V3-23-05-2020-628x455.jpg\" alt=\"\" class=\"wp-image-3159\" srcset=\"https:\/\/www.boutheon.com\/wp-content\/uploads\/2021\/05\/Plan-trace\u0301-OK-V3-23-05-2020-628x455.jpg 628w, https:\/\/www.boutheon.com\/wp-content\/uploads\/2021\/05\/Plan-trace\u0301-OK-V3-23-05-2020-210x152.jpg 210w, https:\/\/www.boutheon.com\/wp-content\/uploads\/2021\/05\/Plan-trace\u0301-OK-V3-23-05-2020-320x232.jpg 320w, https:\/\/www.boutheon.com\/wp-content\/uploads\/2021\/05\/Plan-trace\u0301-OK-V3-23-05-2020-768x556.jpg 768w, https:\/\/www.boutheon.com\/wp-content\/uploads\/2021\/05\/Plan-trace\u0301-OK-V3-23-05-2020.jpg 1096w\" sizes=\"(max-width: 628px) 100vw, 628px\" \/><\/figure>\n\n\n\n<hr class=\"wp-block-separator\"\/>\n\n\n\n<p>LES FRAIS D&rsquo;ENVOIS SONT ASSEZ \u00c9LEV\u00c9S (JUSQU&rsquo;\u00c0 5\u20ac)<\/p>\n\n\n\n<p>DONC POUR CONNAITRE LE TARIF EXACT, VEUILLEZ NOUS ENVOYER UN MAIL \u00c0 L&rsquo;ADRESSE SUIVANTE<\/p>\n\n\n\n<p><a href=\"mailto:BOUTHEON-AMIS@WANADOO.FR\" target=\"_blank\" rel=\"noreferrer noopener\">BOUTHEON-AMIS@WANADOO.FR<\/a><\/p>\n","protected":false},"excerpt":{"rendered":"<p>LES 4 FASCICULES QUE NOUS AVONS PR\u00c9PAR\u00c9 R\u00c9CEMMENT : LE CH\u00c2TEAU ET LES GRANDES FAMILLES&hellip; <a href=\"https:\/\/www.boutheon.com\/?page_id=3130\">Lire la suite<\/a><\/p>\n","protected":false},"author":4,"featured_media":0,"parent":0,"menu_order":0,"comment_status":"closed","ping_status":"closed","template":"","meta":{"footnotes":""},"_links":{"self":[{"href":"https:\/\/www.boutheon.com\/index.php?rest_route=\/wp\/v2\/pages\/3130"}],"collection":[{"href":"https:\/\/www.boutheon.com\/index.php?rest_route=\/wp\/v2\/pages"}],"about":[{"href":"https:\/\/www.boutheon.com\/index.php?rest_route=\/wp\/v2\/types\/page"}],"author":[{"embeddable":true,"href":"https:\/\/www.boutheon.com\/index.php?rest_route=\/wp\/v2\/users\/4"}],"replies":[{"embeddable":true,"href":"https:\/\/www.boutheon.com\/index.php?rest_route=%2Fwp%2Fv2%2Fcomments&post=3130"}],"version-history":[{"count":8,"href":"https:\/\/www.boutheon.com\/index.php?rest_route=\/wp\/v2\/pages\/3130\/revisions"}],"predecessor-version":[{"id":3175,"href":"https:\/\/www.boutheon.com\/index.php?rest_route=\/wp\/v2\/pages\/3130\/revisions\/3175"}],"wp:attachment":[{"href":"https:\/\/www.boutheon.com\/index.php?rest_route=%2Fwp%2Fv2%2Fmedia&parent=3130"}],"curies":[{"name":"wp","href":"https:\/\/api.w.org\/{rel}","templated":true}]}}