{"id":3217,"date":"2022-07-06T15:34:15","date_gmt":"2022-07-06T14:34:15","guid":{"rendered":"http:\/\/www.boutheon.com\/?page_id=3217"},"modified":"2022-08-19T06:53:47","modified_gmt":"2022-08-19T05:53:47","slug":"quizz-sentier-des-3-ports-3","status":"publish","type":"page","link":"https:\/\/www.boutheon.com\/?page_id=3217","title":{"rendered":"QUIZ sentier des 3 Ports #3"},"content":{"rendered":"\n<p><strong>Panneau 03<\/strong>&nbsp;: Vous \u00eates en bas de la c\u00f4te du ch\u00e2teau<\/p>\n\n\n\n<p>Les anciens avaient\nbaptis\u00e9 les deux chemins tr\u00e8s pentus &nbsp;&nbsp;&nbsp;qui\nremontent de la Loire vers Bouth\u00e9on&nbsp;:<\/p>\n\n\n\n<p>&nbsp;&nbsp;&nbsp; &#8211; l\u2019un c\u00f4te noire, <a>car\nil \u00e9tait souvent \u00e0 l\u2019ombre<\/a>, <\/p>\n\n\n\n<p>&nbsp;&nbsp;&nbsp; &#8211; l\u2019autre c\u00f4te blanche, car il \u00e9tait\nsouvent au soleil.<\/p>\n\n\n\n<p>Question&nbsp;: Quel est le nom de la c\u00f4te&nbsp;que vous voyez ici ?<\/p>\n\n\n\n<p>R\u00e9ponse&nbsp;:&nbsp;<\/p>\n\n\n\n<p>Il s&rsquo;agit de la c\u00f4te noire car elle est orient\u00e9e au Nord et elle est tr\u00e8s encaiss\u00e9e,  le soleil y arrive rarement.<\/p>\n\n\n\n<p><strong>Le saviez-vous<\/strong> ? L\u2019abreuvoir qui se trouve en bas de cette c\u00f4te s\u2019appelle un bachat&nbsp;:  terme que l&rsquo;on retrouve de l&rsquo;Auvergne \u00e0 la Savoie.<\/p>\n\n\n\n<p>Une petite source l\u2019alimentait et permettait d\u2019abreuver les animaux avant la dure mont\u00e9e de cette c\u00f4te (10%).<\/p>\n","protected":false},"excerpt":{"rendered":"<p>Panneau 03&nbsp;: Vous \u00eates en bas de la c\u00f4te du ch\u00e2teau Les anciens avaient baptis\u00e9&hellip; <a href=\"https:\/\/www.boutheon.com\/?page_id=3217\">Lire la suite<\/a><\/p>\n","protected":false},"author":3,"featured_media":0,"parent":3211,"menu_order":0,"comment_status":"closed","ping_status":"closed","template":"","meta":{"footnotes":""},"_links":{"self":[{"href":"https:\/\/www.boutheon.com\/index.php?rest_route=\/wp\/v2\/pages\/3217"}],"collection":[{"href":"https:\/\/www.boutheon.com\/index.php?rest_route=\/wp\/v2\/pages"}],"about":[{"href":"https:\/\/www.boutheon.com\/index.php?rest_route=\/wp\/v2\/types\/page"}],"author":[{"embeddable":true,"href":"https:\/\/www.boutheon.com\/index.php?rest_route=\/wp\/v2\/users\/3"}],"replies":[{"embeddable":true,"href":"https:\/\/www.boutheon.com\/index.php?rest_route=%2Fwp%2Fv2%2Fcomments&post=3217"}],"version-history":[{"count":7,"href":"https:\/\/www.boutheon.com\/index.php?rest_route=\/wp\/v2\/pages\/3217\/revisions"}],"predecessor-version":[{"id":3345,"href":"https:\/\/www.boutheon.com\/index.php?rest_route=\/wp\/v2\/pages\/3217\/revisions\/3345"}],"up":[{"embeddable":true,"href":"https:\/\/www.boutheon.com\/index.php?rest_route=\/wp\/v2\/pages\/3211"}],"wp:attachment":[{"href":"https:\/\/www.boutheon.com\/index.php?rest_route=%2Fwp%2Fv2%2Fmedia&parent=3217"}],"curies":[{"name":"wp","href":"https:\/\/api.w.org\/{rel}","templated":true}]}}