{"id":3219,"date":"2022-07-06T15:34:53","date_gmt":"2022-07-06T14:34:53","guid":{"rendered":"http:\/\/www.boutheon.com\/?page_id=3219"},"modified":"2022-08-21T05:35:55","modified_gmt":"2022-08-21T04:35:55","slug":"quizz-sentier-des-3-ports-4","status":"publish","type":"page","link":"https:\/\/www.boutheon.com\/?page_id=3219","title":{"rendered":"QUIZ sentier des 3 Ports #4"},"content":{"rendered":"\n<p><strong>Panneau 04<\/strong>&nbsp;: les gours*<\/p>\n\n\n\n<p> Ces gours sont un ancien bras de la Loire\u00a0et lors des grosses crues, la Loire reprend cet ancien trac\u00e9. Ces gours ont \u00e9t\u00e9 utilis\u00e9s pour faire rouir le chanvre, une plante \u00e0 fibre textile.<\/p>\n\n\n\n<p>A quand remonte cette op\u00e9ration de transformation du chanvre?<\/p>\n\n\n\n<p>Choix 1&nbsp;: autour de 1830<\/p>\n\n\n\n<p>Choix 2&nbsp;: autour de 1930&nbsp;<\/p>\n\n\n\n<p>Ce chanvre \u00e9tait utilis\u00e9 pour r\u00e9aliser les cordages. Etait-ce :<\/p>\n\n\n\n<p>Choix 3\u00a0: pour les chevaux et les bateaux de la Loire\u00a0?<\/p>\n\n\n\n<p>Choix 4&nbsp;: les cordes \u00e0 linge&nbsp;?<\/p>\n\n\n\n<p>R\u00e9ponses&nbsp;:&nbsp;<\/p>\n\n\n\n<p>Choix 1&nbsp;: autour de 1830, Bouth\u00e9on et Sury-le-Comtal avaient de grosses cultures de chanvre.<\/p>\n\n\n\n<p>Choix 3&nbsp;: c\u2019\u00e9tait pour les chevaux et les rambertes, les fameux bateaux transportant du charbon et d&rsquo;autres marchandises au d\u00e9part des ports de la Loire.<\/p>\n\n\n\n<p><strong>Le saviez-vous <\/strong>? Cette op\u00e9ration de rouissage (forme de trempage) consistait \u00e0 laisser mac\u00e9rer le chanvre dans l\u2019eau afin de faciliter la s\u00e9paration des fibres. Mais cela sentait tr\u00e8s mauvais et il y avait des plaintes des habitants.<\/p>\n\n\n\n<p>Les cordages \u00e9taient r\u00e9alis\u00e9s \u00e0 Saint Cyprien.<\/p>\n\n\n\n<p>*les gours : ce terme est souvent utilis\u00e9 dans le Forez pour d\u00e9signer un creux profond dans une rivi\u00e8re.<\/p>\n","protected":false},"excerpt":{"rendered":"<p>Panneau 04&nbsp;: les gours* Ces gours sont un ancien bras de la Loire\u00a0et lors des&hellip; <a href=\"https:\/\/www.boutheon.com\/?page_id=3219\">Lire la suite<\/a><\/p>\n","protected":false},"author":3,"featured_media":0,"parent":3211,"menu_order":0,"comment_status":"closed","ping_status":"closed","template":"","meta":{"footnotes":""},"_links":{"self":[{"href":"https:\/\/www.boutheon.com\/index.php?rest_route=\/wp\/v2\/pages\/3219"}],"collection":[{"href":"https:\/\/www.boutheon.com\/index.php?rest_route=\/wp\/v2\/pages"}],"about":[{"href":"https:\/\/www.boutheon.com\/index.php?rest_route=\/wp\/v2\/types\/page"}],"author":[{"embeddable":true,"href":"https:\/\/www.boutheon.com\/index.php?rest_route=\/wp\/v2\/users\/3"}],"replies":[{"embeddable":true,"href":"https:\/\/www.boutheon.com\/index.php?rest_route=%2Fwp%2Fv2%2Fcomments&post=3219"}],"version-history":[{"count":7,"href":"https:\/\/www.boutheon.com\/index.php?rest_route=\/wp\/v2\/pages\/3219\/revisions"}],"predecessor-version":[{"id":3372,"href":"https:\/\/www.boutheon.com\/index.php?rest_route=\/wp\/v2\/pages\/3219\/revisions\/3372"}],"up":[{"embeddable":true,"href":"https:\/\/www.boutheon.com\/index.php?rest_route=\/wp\/v2\/pages\/3211"}],"wp:attachment":[{"href":"https:\/\/www.boutheon.com\/index.php?rest_route=%2Fwp%2Fv2%2Fmedia&parent=3219"}],"curies":[{"name":"wp","href":"https:\/\/api.w.org\/{rel}","templated":true}]}}