{"id":3221,"date":"2022-07-06T15:35:26","date_gmt":"2022-07-06T14:35:26","guid":{"rendered":"http:\/\/www.boutheon.com\/?page_id=3221"},"modified":"2022-08-21T05:36:38","modified_gmt":"2022-08-21T04:36:38","slug":"quizz-sentier-des-3-ports-5","status":"publish","type":"page","link":"https:\/\/www.boutheon.com\/?page_id=3221","title":{"rendered":"QUIZ sentier des 3 Ports #5"},"content":{"rendered":"\n<p><strong>Panneau 05<\/strong>&nbsp;: la maison du Port de Bouth\u00e9on<\/p>\n\n\n\n<p> Cette maison se trouvait sur une route qui reliait Chazelles-sur-Lyon et Sury-le-Comtal.<\/p>\n\n\n\n<p>Pourquoi pr\u00e9cis\u00e9ment ces deux villes&nbsp;?<\/p>\n\n\n\n<p>R\u00e9ponses&nbsp;:&nbsp;<\/p>\n\n\n\n<p>Avant 1880, Chazelles-sur-Lyon \u00e9tait le chef lieu de canton. Ce point de  p\u00e9age \u00e9tait un passage obligatoire pour traverser le fleuve car les ponts de Veauche et d\u2019Andr\u00e9zieux n\u2019existaient pas.<\/p>\n\n\n\n<p>Sury a toujours eu un march\u00e9 aux bestiaux tr\u00e8s important. D&rsquo;ailleurs, les tarifs de passage d\u00e9taillent les prix pour ces animaux. Apr\u00e8s Sury, la route  desservait Montbrison, la capitale du Forez.<\/p>\n\n\n\n<p><strong>Le saviez-vous<\/strong> ? Ce port a \u00e9galement \u00e9t\u00e9 le lieu d&#8217;embarquement de vin en direction de Paris&nbsp;: un acte notari\u00e9 de 1823 mentionne l&rsquo;engagement de \u00ab\u00a0voituriers d&rsquo;eau\u00a0\u00bb (c&rsquo;\u00e9tait le nom de ces mariniers). Par contre, ce port de Bouth\u00e9on n&rsquo;a jamais servi pour le chargement de charbon sur les rambertes.<\/p>\n","protected":false},"excerpt":{"rendered":"<p>Panneau 05&nbsp;: la maison du Port de Bouth\u00e9on Cette maison se trouvait sur une route&hellip; <a href=\"https:\/\/www.boutheon.com\/?page_id=3221\">Lire la suite<\/a><\/p>\n","protected":false},"author":3,"featured_media":0,"parent":3211,"menu_order":0,"comment_status":"closed","ping_status":"closed","template":"","meta":{"footnotes":""},"_links":{"self":[{"href":"https:\/\/www.boutheon.com\/index.php?rest_route=\/wp\/v2\/pages\/3221"}],"collection":[{"href":"https:\/\/www.boutheon.com\/index.php?rest_route=\/wp\/v2\/pages"}],"about":[{"href":"https:\/\/www.boutheon.com\/index.php?rest_route=\/wp\/v2\/types\/page"}],"author":[{"embeddable":true,"href":"https:\/\/www.boutheon.com\/index.php?rest_route=\/wp\/v2\/users\/3"}],"replies":[{"embeddable":true,"href":"https:\/\/www.boutheon.com\/index.php?rest_route=%2Fwp%2Fv2%2Fcomments&post=3221"}],"version-history":[{"count":6,"href":"https:\/\/www.boutheon.com\/index.php?rest_route=\/wp\/v2\/pages\/3221\/revisions"}],"predecessor-version":[{"id":3373,"href":"https:\/\/www.boutheon.com\/index.php?rest_route=\/wp\/v2\/pages\/3221\/revisions\/3373"}],"up":[{"embeddable":true,"href":"https:\/\/www.boutheon.com\/index.php?rest_route=\/wp\/v2\/pages\/3211"}],"wp:attachment":[{"href":"https:\/\/www.boutheon.com\/index.php?rest_route=%2Fwp%2Fv2%2Fmedia&parent=3221"}],"curies":[{"name":"wp","href":"https:\/\/api.w.org\/{rel}","templated":true}]}}