{"id":3223,"date":"2022-07-06T15:35:58","date_gmt":"2022-07-06T14:35:58","guid":{"rendered":"http:\/\/www.boutheon.com\/?page_id=3223"},"modified":"2022-09-28T16:57:41","modified_gmt":"2022-09-28T15:57:41","slug":"quizz-sentier-des-3-ports-6","status":"publish","type":"page","link":"https:\/\/www.boutheon.com\/?page_id=3223","title":{"rendered":"QUIZ sentier des 3 Ports #6"},"content":{"rendered":"\n<p><strong>Panneau 06<\/strong>&nbsp;: le puits Besson<\/p>\n\n\n\n<p>Ce puits permettait de remonter l&rsquo;eau d&rsquo;une mani\u00e8re particuli\u00e8re.<\/p>\n\n\n\n<p>Quelle technique \u00e9tait utilis\u00e9e ?<\/p>\n\n\n\n<p>Choix 1&nbsp;: une chaine \u00e0 boulets&nbsp;?<\/p>\n\n\n\n<p>Choix 2&nbsp;: une noria avec des godets&nbsp;?<\/p>\n\n\n\n<p>&nbsp;(Voir le panneau c\u00f4t\u00e9 EST du cabanon qui vous aidera pour la r\u00e9ponse).<\/p>\n\n\n\n<p>R\u00e9ponse&nbsp;:&nbsp;<\/p>\n\n\n\n<p>C\u2019est le choix 1&nbsp;: l&rsquo;eau remontait gr\u00e2ce \u00e0 une chaine \u00e0 boulets appel\u00e9 aussi chaine \u00e0 chapelets.<\/p>\n\n\n\n<p>La chaine \u00e0 boulets ou chaine \u00e0 chapelets est plus efficace que la chaine \u00e0 godets (remont\u00e9e  quasi continue de l&rsquo;eau) mais n\u00e9cessite une bonne \u00e9tanch\u00e9it\u00e9 entre tube et boulets, d&rsquo;o\u00f9 le bourrelet caoutchouc tel que dessin\u00e9 sur le panneau.<\/p>\n","protected":false},"excerpt":{"rendered":"<p>Panneau 06&nbsp;: le puits Besson Ce puits permettait de remonter l&rsquo;eau d&rsquo;une mani\u00e8re particuli\u00e8re. Quelle&hellip; <a href=\"https:\/\/www.boutheon.com\/?page_id=3223\">Lire la suite<\/a><\/p>\n","protected":false},"author":3,"featured_media":0,"parent":3211,"menu_order":0,"comment_status":"closed","ping_status":"closed","template":"","meta":{"footnotes":""},"_links":{"self":[{"href":"https:\/\/www.boutheon.com\/index.php?rest_route=\/wp\/v2\/pages\/3223"}],"collection":[{"href":"https:\/\/www.boutheon.com\/index.php?rest_route=\/wp\/v2\/pages"}],"about":[{"href":"https:\/\/www.boutheon.com\/index.php?rest_route=\/wp\/v2\/types\/page"}],"author":[{"embeddable":true,"href":"https:\/\/www.boutheon.com\/index.php?rest_route=\/wp\/v2\/users\/3"}],"replies":[{"embeddable":true,"href":"https:\/\/www.boutheon.com\/index.php?rest_route=%2Fwp%2Fv2%2Fcomments&post=3223"}],"version-history":[{"count":9,"href":"https:\/\/www.boutheon.com\/index.php?rest_route=\/wp\/v2\/pages\/3223\/revisions"}],"predecessor-version":[{"id":3394,"href":"https:\/\/www.boutheon.com\/index.php?rest_route=\/wp\/v2\/pages\/3223\/revisions\/3394"}],"up":[{"embeddable":true,"href":"https:\/\/www.boutheon.com\/index.php?rest_route=\/wp\/v2\/pages\/3211"}],"wp:attachment":[{"href":"https:\/\/www.boutheon.com\/index.php?rest_route=%2Fwp%2Fv2%2Fmedia&parent=3223"}],"curies":[{"name":"wp","href":"https:\/\/api.w.org\/{rel}","templated":true}]}}