{"id":3225,"date":"2022-07-06T15:36:32","date_gmt":"2022-07-06T14:36:32","guid":{"rendered":"http:\/\/www.boutheon.com\/?page_id=3225"},"modified":"2022-08-21T05:39:41","modified_gmt":"2022-08-21T04:39:41","slug":"quizz-sentier-des-3-ports-7","status":"publish","type":"page","link":"https:\/\/www.boutheon.com\/?page_id=3225","title":{"rendered":"QUIZ sentier des 3 Ports #7"},"content":{"rendered":"\n<p><strong>Panneau 07<\/strong>&nbsp;: la digue de Bouth\u00e9on<\/p>\n\n\n\n<p>Vous\n\u00eates actuellement sur une digue am\u00e9nag\u00e9e par l\u2019homme.<\/p>\n\n\n\n<p>&nbsp;&nbsp;&nbsp;&nbsp;&nbsp;&nbsp;&nbsp; <strong>A quoi servait cette\nconstruction&nbsp;?<\/strong><\/p>\n\n\n\n<p>Choix 1&nbsp;: \u00e0 \u00e9viter\nles crues dans les chambons de Bouth\u00e9on&nbsp;?<\/p>\n\n\n\n<p>Choix\n2&nbsp;: \u00e0 canaliser le trajet des rambertes&nbsp;?<\/p>\n\n\n\n<p>R\u00e9ponses&nbsp;: les 2 choix<\/p>\n\n\n\n<p>Dans les ann\u00e9es 1830, cette digue et un \u00e9pi au milieu du fleuve servaient \u00e0 canaliser les rambertes qui avaient tendance \u00e0 partir c\u00f4t\u00e9 Saint Cyprien.<\/p>\n\n\n\n<p>Elle a aussi servi \u00e0 limiter les d\u00e9g\u00e2ts des crues dans les chambons* de Bouth\u00e9on.<\/p>\n\n\n\n<p>\u00a0M. Claude Cr\u00e9tin,\u00a0 professeur \u00e0 l&rsquo;universit\u00e9 de Saint Etienne,\u00a0 a publi\u00e9 un article sur ce sujet\u00a0en 2017.<\/p>\n\n\n\n<p>*Les chambons :  d\u00e9signent  les terrains fertiles qui sont ins\u00e9r\u00e9s dans les courbes de la Loire (chambon vient de cambo = d\u00e9tour, m\u00e9andre).<\/p>\n","protected":false},"excerpt":{"rendered":"<p>Panneau 07&nbsp;: la digue de Bouth\u00e9on Vous \u00eates actuellement sur une digue am\u00e9nag\u00e9e par l\u2019homme.&hellip; <a href=\"https:\/\/www.boutheon.com\/?page_id=3225\">Lire la suite<\/a><\/p>\n","protected":false},"author":3,"featured_media":0,"parent":3211,"menu_order":0,"comment_status":"closed","ping_status":"closed","template":"","meta":{"footnotes":""},"_links":{"self":[{"href":"https:\/\/www.boutheon.com\/index.php?rest_route=\/wp\/v2\/pages\/3225"}],"collection":[{"href":"https:\/\/www.boutheon.com\/index.php?rest_route=\/wp\/v2\/pages"}],"about":[{"href":"https:\/\/www.boutheon.com\/index.php?rest_route=\/wp\/v2\/types\/page"}],"author":[{"embeddable":true,"href":"https:\/\/www.boutheon.com\/index.php?rest_route=\/wp\/v2\/users\/3"}],"replies":[{"embeddable":true,"href":"https:\/\/www.boutheon.com\/index.php?rest_route=%2Fwp%2Fv2%2Fcomments&post=3225"}],"version-history":[{"count":5,"href":"https:\/\/www.boutheon.com\/index.php?rest_route=\/wp\/v2\/pages\/3225\/revisions"}],"predecessor-version":[{"id":3376,"href":"https:\/\/www.boutheon.com\/index.php?rest_route=\/wp\/v2\/pages\/3225\/revisions\/3376"}],"up":[{"embeddable":true,"href":"https:\/\/www.boutheon.com\/index.php?rest_route=\/wp\/v2\/pages\/3211"}],"wp:attachment":[{"href":"https:\/\/www.boutheon.com\/index.php?rest_route=%2Fwp%2Fv2%2Fmedia&parent=3225"}],"curies":[{"name":"wp","href":"https:\/\/api.w.org\/{rel}","templated":true}]}}