{"id":3227,"date":"2022-07-06T15:37:00","date_gmt":"2022-07-06T14:37:00","guid":{"rendered":"http:\/\/www.boutheon.com\/?page_id=3227"},"modified":"2022-08-19T06:58:23","modified_gmt":"2022-08-19T05:58:23","slug":"quizz-sentier-des-3-ports-8","status":"publish","type":"page","link":"https:\/\/www.boutheon.com\/?page_id=3227","title":{"rendered":"QUIZ sentier des 3 Ports #8"},"content":{"rendered":"\n<p><strong>Panneau 08<\/strong>&nbsp;: le pont d\u2019Andr\u00e9zieux<\/p>\n\n\n\n<p>Le pont vo\u00fbt\u00e9 actuel en ma\u00e7onnerie a remplac\u00e9 un ancien pont suspendu (d\u00e9nomm\u00e9 alors \u00ab&nbsp;en fil de fer&nbsp;\u00bb), construit en 1831 et d\u00e9truit suite \u00e0 une crue importante de la Loire.<\/p>\n\n\n\n<p><strong>En quelle ann\u00e9e le pont en fil de fer a-t-il \u00e9t\u00e9 d\u00e9truit&nbsp;?<\/strong><\/p>\n\n\n\n<p>Choix 1&nbsp;: 1846<\/p>\n\n\n\n<p>Choix 2&nbsp;: 1907<\/p>\n\n\n\n<p>R\u00e9ponse&nbsp;:<\/p>\n\n\n\n<p>Choix 2\u00a0: 1907,<\/p>\n\n\n\n<p>Ce pont suspendu construit en 1831 avait \u00e9t\u00e9 fortement ab\u00eem\u00e9 par la crue d&rsquo;octobre 1846 mais il avait pu \u00eatre remis en \u00e9tat. Par contre, la crue d&rsquo;octobre 1907 lui fut fatale. Un pont en ma\u00e7onnerie le remplace depuis 1910.<\/p>\n\n\n\n<p><strong>Le saviez-vous<\/strong> ? Dans cet endroit, sur les bords de Loire, il y avait au 20\u00e8me si\u00e8cle beaucoup de guinguettes.<\/p>\n","protected":false},"excerpt":{"rendered":"<p>Panneau 08&nbsp;: le pont d\u2019Andr\u00e9zieux Le pont vo\u00fbt\u00e9 actuel en ma\u00e7onnerie a remplac\u00e9 un ancien&hellip; <a href=\"https:\/\/www.boutheon.com\/?page_id=3227\">Lire la suite<\/a><\/p>\n","protected":false},"author":3,"featured_media":0,"parent":3211,"menu_order":0,"comment_status":"closed","ping_status":"closed","template":"","meta":{"footnotes":""},"_links":{"self":[{"href":"https:\/\/www.boutheon.com\/index.php?rest_route=\/wp\/v2\/pages\/3227"}],"collection":[{"href":"https:\/\/www.boutheon.com\/index.php?rest_route=\/wp\/v2\/pages"}],"about":[{"href":"https:\/\/www.boutheon.com\/index.php?rest_route=\/wp\/v2\/types\/page"}],"author":[{"embeddable":true,"href":"https:\/\/www.boutheon.com\/index.php?rest_route=\/wp\/v2\/users\/3"}],"replies":[{"embeddable":true,"href":"https:\/\/www.boutheon.com\/index.php?rest_route=%2Fwp%2Fv2%2Fcomments&post=3227"}],"version-history":[{"count":4,"href":"https:\/\/www.boutheon.com\/index.php?rest_route=\/wp\/v2\/pages\/3227\/revisions"}],"predecessor-version":[{"id":3350,"href":"https:\/\/www.boutheon.com\/index.php?rest_route=\/wp\/v2\/pages\/3227\/revisions\/3350"}],"up":[{"embeddable":true,"href":"https:\/\/www.boutheon.com\/index.php?rest_route=\/wp\/v2\/pages\/3211"}],"wp:attachment":[{"href":"https:\/\/www.boutheon.com\/index.php?rest_route=%2Fwp%2Fv2%2Fmedia&parent=3227"}],"curies":[{"name":"wp","href":"https:\/\/api.w.org\/{rel}","templated":true}]}}