{"id":3231,"date":"2022-07-06T15:38:14","date_gmt":"2022-07-06T14:38:14","guid":{"rendered":"http:\/\/www.boutheon.com\/?page_id=3231"},"modified":"2022-08-21T05:43:28","modified_gmt":"2022-08-21T04:43:28","slug":"quizz-sentier-des-3-ports-10","status":"publish","type":"page","link":"https:\/\/www.boutheon.com\/?page_id=3231","title":{"rendered":"QUIZ sentier des 3 Ports #10"},"content":{"rendered":"\n<p><strong>Panneau 10<\/strong> : les magasins d\u2019Andr\u00e9zieux<\/p>\n\n\n\n<p>Vous \u00eates sur le site des magasins d\u2019Andr\u00e9zieux.\u00a0\u00a0\u00a0De l\u2019autre c\u00f4t\u00e9 du Furan, s\u2019\u00e9tendaient ceux de Saint-Just\u00a0(dont les 1ers magasins \u00e9taient situ\u00e9s de part et d\u2019autre de l\u2019actuel pont sur la Loire \u00e0 Saint-Just, les seconds juste avant le Furan).  Ces magasins servaient \u00e0 stocker le charbon en provenance de Saint-Etienne en attendant son chargement sur les rambertes.   <br>Ils existaient avant 1827, mais la cr\u00e9ation \u00e0 cette date de la 1<sup>\u00e8re<\/sup> ligne de chemin de fer de St Etienne \u00e0 Andr\u00e9zieux a beaucoup accru le volume transport\u00e9. <\/p>\n\n\n\n<p>Jusqu&rsquo;en quelle ann\u00e9e la 1\u00e8re ligne a-t-elle \u00e9t\u00e9 exploit\u00e9e ?&nbsp;<\/p>\n\n\n\n<p>Choix 1&nbsp;: 1864<\/p>\n\n\n\n<p>Choix 2&nbsp;: 1923<\/p>\n\n\n\n<p>R\u00e9ponse\u00a0: Choix 1.<\/p>\n\n\n\n<p>En 1864, la 1\u00e8re ligne a \u00e9t\u00e9 d\u00e9mantel\u00e9e, mais d\u00e8s 1857, le charbon a \u00e9t\u00e9 progressivement transport\u00e9 directement sur Paris par la 3\u00e8me ligne Saint Etienne \u00e0 Roanne.<\/p>\n\n\n\n<p>1923, c\u2019est le centenaire de la concession de la 1\u00e8re ligne sign\u00e9e par Louis XVIII&nbsp;;<\/p>\n\n\n\n<p><strong>Le saviez-vous<\/strong> ? Les vestiges des voies ci-dessus sont les voies basses qui servaient pour remonter sable et chaux direction Saint Etienne.<\/p>\n\n\n\n<p>Sur le mur de quai derri\u00e8re vous, vous pouvez voir 2 portes d&#8217;embarquement du charbon et plus loin une amarre de rambertes.<\/p>\n","protected":false},"excerpt":{"rendered":"<p>Panneau 10 : les magasins d\u2019Andr\u00e9zieux Vous \u00eates sur le site des magasins d\u2019Andr\u00e9zieux.\u00a0\u00a0\u00a0De l\u2019autre&hellip; <a href=\"https:\/\/www.boutheon.com\/?page_id=3231\">Lire la suite<\/a><\/p>\n","protected":false},"author":3,"featured_media":0,"parent":3211,"menu_order":0,"comment_status":"closed","ping_status":"closed","template":"","meta":{"footnotes":""},"_links":{"self":[{"href":"https:\/\/www.boutheon.com\/index.php?rest_route=\/wp\/v2\/pages\/3231"}],"collection":[{"href":"https:\/\/www.boutheon.com\/index.php?rest_route=\/wp\/v2\/pages"}],"about":[{"href":"https:\/\/www.boutheon.com\/index.php?rest_route=\/wp\/v2\/types\/page"}],"author":[{"embeddable":true,"href":"https:\/\/www.boutheon.com\/index.php?rest_route=\/wp\/v2\/users\/3"}],"replies":[{"embeddable":true,"href":"https:\/\/www.boutheon.com\/index.php?rest_route=%2Fwp%2Fv2%2Fcomments&post=3231"}],"version-history":[{"count":4,"href":"https:\/\/www.boutheon.com\/index.php?rest_route=\/wp\/v2\/pages\/3231\/revisions"}],"predecessor-version":[{"id":3380,"href":"https:\/\/www.boutheon.com\/index.php?rest_route=\/wp\/v2\/pages\/3231\/revisions\/3380"}],"up":[{"embeddable":true,"href":"https:\/\/www.boutheon.com\/index.php?rest_route=\/wp\/v2\/pages\/3211"}],"wp:attachment":[{"href":"https:\/\/www.boutheon.com\/index.php?rest_route=%2Fwp%2Fv2%2Fmedia&parent=3231"}],"curies":[{"name":"wp","href":"https:\/\/api.w.org\/{rel}","templated":true}]}}