{"id":3237,"date":"2022-07-06T15:40:25","date_gmt":"2022-07-06T14:40:25","guid":{"rendered":"http:\/\/www.boutheon.com\/?page_id=3237"},"modified":"2022-08-21T05:45:37","modified_gmt":"2022-08-21T04:45:37","slug":"quizz-sentier-des-3-ports-13","status":"publish","type":"page","link":"https:\/\/www.boutheon.com\/?page_id=3237","title":{"rendered":"QUIZ sentier des 3 Ports #13"},"content":{"rendered":"\n<p><strong>Panneau 13<\/strong>&nbsp;: le chemin des filles<\/p>\n\n\n\n<p>Ce nom nous a pos\u00e9 beaucoup de questions&nbsp;: on a trouv\u00e9 la r\u00e9ponse il y a peu de temps, en fait il s\u2019appelait le chemin des fiefs et par d\u00e9formation le mot \u00ab\u00a0fiefs\u00a0\u00bb est devenu \u00ab\u00a0filles\u00a0\u00bb.<\/p>\n\n\n\n<p>Question : qu\u2019est-ce qu\u2019un fief&nbsp;?<\/p>\n\n\n\n<p>Choix 1&nbsp;: des terres confi\u00e9es \u00e0 des vassaux par un seigneur<\/p>\n\n\n\n<p>Choix 2&nbsp;: un petit ruisseau canalis\u00e9<\/p>\n\n\n\n<p>R\u00e9ponse&nbsp;:&nbsp;<\/p>\n\n\n\n<p>C\u2019est le choix 1&nbsp;: domaine conc\u00e9d\u00e9 par un seigneur \u00e0 son vassal en \u00e9change de bons et loyaux services.<\/p>\n\n\n\n<p>le choix 2 c&rsquo;est un bief : petit ruisseau canalis\u00e9.<\/p>\n","protected":false},"excerpt":{"rendered":"<p>Panneau 13&nbsp;: le chemin des filles Ce nom nous a pos\u00e9 beaucoup de questions&nbsp;: on&hellip; <a href=\"https:\/\/www.boutheon.com\/?page_id=3237\">Lire la suite<\/a><\/p>\n","protected":false},"author":3,"featured_media":0,"parent":3211,"menu_order":0,"comment_status":"closed","ping_status":"closed","template":"","meta":{"footnotes":""},"_links":{"self":[{"href":"https:\/\/www.boutheon.com\/index.php?rest_route=\/wp\/v2\/pages\/3237"}],"collection":[{"href":"https:\/\/www.boutheon.com\/index.php?rest_route=\/wp\/v2\/pages"}],"about":[{"href":"https:\/\/www.boutheon.com\/index.php?rest_route=\/wp\/v2\/types\/page"}],"author":[{"embeddable":true,"href":"https:\/\/www.boutheon.com\/index.php?rest_route=\/wp\/v2\/users\/3"}],"replies":[{"embeddable":true,"href":"https:\/\/www.boutheon.com\/index.php?rest_route=%2Fwp%2Fv2%2Fcomments&post=3237"}],"version-history":[{"count":5,"href":"https:\/\/www.boutheon.com\/index.php?rest_route=\/wp\/v2\/pages\/3237\/revisions"}],"predecessor-version":[{"id":3384,"href":"https:\/\/www.boutheon.com\/index.php?rest_route=\/wp\/v2\/pages\/3237\/revisions\/3384"}],"up":[{"embeddable":true,"href":"https:\/\/www.boutheon.com\/index.php?rest_route=\/wp\/v2\/pages\/3211"}],"wp:attachment":[{"href":"https:\/\/www.boutheon.com\/index.php?rest_route=%2Fwp%2Fv2%2Fmedia&parent=3237"}],"curies":[{"name":"wp","href":"https:\/\/api.w.org\/{rel}","templated":true}]}}