{"id":3239,"date":"2022-07-06T15:40:55","date_gmt":"2022-07-06T14:40:55","guid":{"rendered":"http:\/\/www.boutheon.com\/?page_id=3239"},"modified":"2022-08-20T05:13:08","modified_gmt":"2022-08-20T04:13:08","slug":"quizz-sentier-des-3-ports-14","status":"publish","type":"page","link":"https:\/\/www.boutheon.com\/?page_id=3239","title":{"rendered":"QUIZ sentier des 3 Ports #14"},"content":{"rendered":"\n<p><strong>Panneau 14<\/strong>&nbsp;: les Gautti\u00e8res<\/p>\n\n\n\n<p>Ce lieudit les Gautti\u00e8res r\u00e9sulte d&rsquo;une d\u00e9formation&nbsp;: en patois local ou parler gaga, le C devient G (Claude devient le Glaude) donc les c\u00f4ti\u00e8res sont  devenues les Gautti\u00e8res.<\/p>\n\n\n\n<p>Les c\u00f4ti\u00e8res d\u00e9signent soit des collines taill\u00e9es par un fleuve, soit des collines propices \u00e0 la culture de la vigne.<\/p>\n\n\n\n<p><strong>A votre avis, combien de vignes \u00e0 Bouth\u00e9on en 1943\u00a0?<\/strong><\/p>\n\n\n\n<p>R\u00e9ponse : 80 vignes sont not\u00e9es dans les archives municipales de 1943. <\/p>\n","protected":false},"excerpt":{"rendered":"<p>Panneau 14&nbsp;: les Gautti\u00e8res Ce lieudit les Gautti\u00e8res r\u00e9sulte d&rsquo;une d\u00e9formation&nbsp;: en patois local ou&hellip; <a href=\"https:\/\/www.boutheon.com\/?page_id=3239\">Lire la suite<\/a><\/p>\n","protected":false},"author":3,"featured_media":0,"parent":3211,"menu_order":0,"comment_status":"closed","ping_status":"closed","template":"","meta":{"footnotes":""},"_links":{"self":[{"href":"https:\/\/www.boutheon.com\/index.php?rest_route=\/wp\/v2\/pages\/3239"}],"collection":[{"href":"https:\/\/www.boutheon.com\/index.php?rest_route=\/wp\/v2\/pages"}],"about":[{"href":"https:\/\/www.boutheon.com\/index.php?rest_route=\/wp\/v2\/types\/page"}],"author":[{"embeddable":true,"href":"https:\/\/www.boutheon.com\/index.php?rest_route=\/wp\/v2\/users\/3"}],"replies":[{"embeddable":true,"href":"https:\/\/www.boutheon.com\/index.php?rest_route=%2Fwp%2Fv2%2Fcomments&post=3239"}],"version-history":[{"count":3,"href":"https:\/\/www.boutheon.com\/index.php?rest_route=\/wp\/v2\/pages\/3239\/revisions"}],"predecessor-version":[{"id":3364,"href":"https:\/\/www.boutheon.com\/index.php?rest_route=\/wp\/v2\/pages\/3239\/revisions\/3364"}],"up":[{"embeddable":true,"href":"https:\/\/www.boutheon.com\/index.php?rest_route=\/wp\/v2\/pages\/3211"}],"wp:attachment":[{"href":"https:\/\/www.boutheon.com\/index.php?rest_route=%2Fwp%2Fv2%2Fmedia&parent=3239"}],"curies":[{"name":"wp","href":"https:\/\/api.w.org\/{rel}","templated":true}]}}