{"id":3241,"date":"2022-07-06T15:42:11","date_gmt":"2022-07-06T14:42:11","guid":{"rendered":"http:\/\/www.boutheon.com\/?page_id=3241"},"modified":"2022-08-21T05:47:38","modified_gmt":"2022-08-21T04:47:38","slug":"quizz-sentier-des-3-ports-15","status":"publish","type":"page","link":"https:\/\/www.boutheon.com\/?page_id=3241","title":{"rendered":"QUIZ sentier des 3 Ports #15"},"content":{"rendered":"\n<p><strong>Panneau<\/strong> 15&nbsp;: l\u2019\u00e9glise de Bouth\u00e9on<\/p>\n\n\n\n<p>Nous\nvous conseillons de lire le panneau pos\u00e9 par les AVB&nbsp;.<\/p>\n\n\n\n<p>En quelle ann\u00e9e a \u00e9t\u00e9 construite cette \u00e9glise\u00a0?<\/p>\n\n\n\n<p>Choix 1&nbsp;: 1861<\/p>\n\n\n\n<p>Choix 2&nbsp;: 1881<\/p>\n\n\n\n<p>R\u00e9ponse&nbsp;: les 2 propositions sont valables.<\/p>\n\n\n\n<p>1861 D\u00e9but de la construction, 1881 fin de la construction avec le ch\u0153ur et le clocher.<\/p>\n\n\n\n<p>Les vitraux sont magnifiques. Ils sont l\u2019\u0153uvre d&rsquo;Alexandre Mauvernay (1810-1898), peintre verrier install\u00e9 \u00e0 Saint Galmier.<\/p>\n","protected":false},"excerpt":{"rendered":"<p>Panneau 15&nbsp;: l\u2019\u00e9glise de Bouth\u00e9on Nous vous conseillons de lire le panneau pos\u00e9 par les&hellip; <a href=\"https:\/\/www.boutheon.com\/?page_id=3241\">Lire la suite<\/a><\/p>\n","protected":false},"author":3,"featured_media":0,"parent":3211,"menu_order":0,"comment_status":"closed","ping_status":"closed","template":"","meta":{"footnotes":""},"_links":{"self":[{"href":"https:\/\/www.boutheon.com\/index.php?rest_route=\/wp\/v2\/pages\/3241"}],"collection":[{"href":"https:\/\/www.boutheon.com\/index.php?rest_route=\/wp\/v2\/pages"}],"about":[{"href":"https:\/\/www.boutheon.com\/index.php?rest_route=\/wp\/v2\/types\/page"}],"author":[{"embeddable":true,"href":"https:\/\/www.boutheon.com\/index.php?rest_route=\/wp\/v2\/users\/3"}],"replies":[{"embeddable":true,"href":"https:\/\/www.boutheon.com\/index.php?rest_route=%2Fwp%2Fv2%2Fcomments&post=3241"}],"version-history":[{"count":5,"href":"https:\/\/www.boutheon.com\/index.php?rest_route=\/wp\/v2\/pages\/3241\/revisions"}],"predecessor-version":[{"id":3386,"href":"https:\/\/www.boutheon.com\/index.php?rest_route=\/wp\/v2\/pages\/3241\/revisions\/3386"}],"up":[{"embeddable":true,"href":"https:\/\/www.boutheon.com\/index.php?rest_route=\/wp\/v2\/pages\/3211"}],"wp:attachment":[{"href":"https:\/\/www.boutheon.com\/index.php?rest_route=%2Fwp%2Fv2%2Fmedia&parent=3241"}],"curies":[{"name":"wp","href":"https:\/\/api.w.org\/{rel}","templated":true}]}}