{"id":38,"date":"2010-11-17T10:14:16","date_gmt":"2010-11-17T09:14:16","guid":{"rendered":"http:\/\/www.boutheon.com\/?page_id=38"},"modified":"2019-01-28T09:19:15","modified_gmt":"2019-01-28T08:19:15","slug":"nous-situer","status":"publish","type":"page","link":"https:\/\/www.boutheon.com\/?page_id=38","title":{"rendered":"Plan d&rsquo;acc\u00e8s"},"content":{"rendered":"<h3>Bouth\u00e9on<\/h3>\n<p>42160 Andr\u00e9zieux-Bouth\u00e9on<\/p>\n<h3>Acc\u00e8s<\/h3>\n<p><strong>De Clermont-Ferrand<\/strong> 120 km par A72 (sortie 8)<br \/>\n<strong>De Lyon<\/strong> 65 km par A47 (sortie 8b)<br \/>\n<strong>De Paris<\/strong> 3 heures par TGV ou 1 heure par avion<\/p>\n","protected":false},"excerpt":{"rendered":"<p>Bouth\u00e9on 42160 Andr\u00e9zieux-Bouth\u00e9on Acc\u00e8s De Clermont-Ferrand 120 km par A72 (sortie 8) De Lyon 65&hellip; <a href=\"https:\/\/www.boutheon.com\/?page_id=38\">Lire la suite<\/a><\/p>\n","protected":false},"author":2,"featured_media":0,"parent":270,"menu_order":0,"comment_status":"closed","ping_status":"closed","template":"plan-page.php","meta":{"footnotes":""},"_links":{"self":[{"href":"https:\/\/www.boutheon.com\/index.php?rest_route=\/wp\/v2\/pages\/38"}],"collection":[{"href":"https:\/\/www.boutheon.com\/index.php?rest_route=\/wp\/v2\/pages"}],"about":[{"href":"https:\/\/www.boutheon.com\/index.php?rest_route=\/wp\/v2\/types\/page"}],"author":[{"embeddable":true,"href":"https:\/\/www.boutheon.com\/index.php?rest_route=\/wp\/v2\/users\/2"}],"replies":[{"embeddable":true,"href":"https:\/\/www.boutheon.com\/index.php?rest_route=%2Fwp%2Fv2%2Fcomments&post=38"}],"version-history":[{"count":10,"href":"https:\/\/www.boutheon.com\/index.php?rest_route=\/wp\/v2\/pages\/38\/revisions"}],"predecessor-version":[{"id":280,"href":"https:\/\/www.boutheon.com\/index.php?rest_route=\/wp\/v2\/pages\/38\/revisions\/280"}],"up":[{"embeddable":true,"href":"https:\/\/www.boutheon.com\/index.php?rest_route=\/wp\/v2\/pages\/270"}],"wp:attachment":[{"href":"https:\/\/www.boutheon.com\/index.php?rest_route=%2Fwp%2Fv2%2Fmedia&parent=38"}],"curies":[{"name":"wp","href":"https:\/\/api.w.org\/{rel}","templated":true}]}}