{"id":439,"date":"2011-01-03T18:17:43","date_gmt":"2011-01-03T17:17:43","guid":{"rendered":"http:\/\/www.boutheon.com\/?page_id=439"},"modified":"2019-01-28T09:18:37","modified_gmt":"2019-01-28T08:18:37","slug":"photos-du-chateau","status":"publish","type":"page","link":"https:\/\/www.boutheon.com\/?page_id=439","title":{"rendered":"Photos du ch\u00e2teau"},"content":{"rendered":"<div id=\"attachment_466\" style=\"width: 330px\" class=\"wp-caption aligncenter\"><a rel=\"attachment wp-att-466\" href=\"https:\/\/www.boutheon.com\/?attachment_id=466\"><img loading=\"lazy\" decoding=\"async\" aria-describedby=\"caption-attachment-466\" class=\"size-medium wp-image-466\" title=\"l'aile Nord\" src=\"https:\/\/www.boutheon.com\/wp-content\/uploads\/2011\/01\/laile-Nord-320x212.jpg\" alt=\"\" width=\"320\" height=\"212\" srcset=\"https:\/\/www.boutheon.com\/wp-content\/uploads\/2011\/01\/laile-Nord-320x212.jpg 320w, https:\/\/www.boutheon.com\/wp-content\/uploads\/2011\/01\/laile-Nord-210x139.jpg 210w, https:\/\/www.boutheon.com\/wp-content\/uploads\/2011\/01\/laile-Nord-628x417.jpg 628w\" sizes=\"(max-width: 320px) 100vw, 320px\" \/><\/a><p id=\"caption-attachment-466\" class=\"wp-caption-text\">l&#39;aile Nord pour la f\u00eate de la courge<\/p><\/div>\n<p>l&#8217;embrasure en X de la grosse tour :<\/p>\n<p>cette grosse tour est construite par Mathieu de Bourbon fin 15\u00e8me,<\/p>\n<p>on retrouve ce style d&#8217;embrasure \u00e0 Cusset (tour construite par Jean II de Bourbon)<\/p>\n<p><a rel=\"attachment wp-att-495\" href=\"https:\/\/www.boutheon.com\/?attachment_id=495\"><img loading=\"lazy\" decoding=\"async\" class=\"aligncenter size-medium wp-image-495\" title=\"embrasure en X\" src=\"https:\/\/www.boutheon.com\/wp-content\/uploads\/2011\/01\/embrasure-en-X-320x212.jpg\" alt=\"\" width=\"320\" height=\"212\" srcset=\"https:\/\/www.boutheon.com\/wp-content\/uploads\/2011\/01\/embrasure-en-X-320x212.jpg 320w, https:\/\/www.boutheon.com\/wp-content\/uploads\/2011\/01\/embrasure-en-X-210x139.jpg 210w, https:\/\/www.boutheon.com\/wp-content\/uploads\/2011\/01\/embrasure-en-X-628x417.jpg 628w\" sizes=\"(max-width: 320px) 100vw, 320px\" \/><\/a><\/p>\n<p>le dessin fait en 1915 par les soldats bless\u00e9s en convalescence au ch\u00e2teau de Bouth\u00e9on<\/p>\n<p>Nous remercions la famille Calemard Allimant pour ce cadeau<\/p>\n<p><a rel=\"attachment wp-att-496\" href=\"https:\/\/www.boutheon.com\/?attachment_id=496\"><img loading=\"lazy\" decoding=\"async\" class=\"aligncenter size-medium wp-image-496\" title=\"1914-2-chateau\" src=\"https:\/\/www.boutheon.com\/wp-content\/uploads\/2011\/01\/1914-2-chateau-320x212.jpg\" alt=\"\" width=\"320\" height=\"212\" srcset=\"https:\/\/www.boutheon.com\/wp-content\/uploads\/2011\/01\/1914-2-chateau-320x212.jpg 320w, https:\/\/www.boutheon.com\/wp-content\/uploads\/2011\/01\/1914-2-chateau-210x139.jpg 210w, https:\/\/www.boutheon.com\/wp-content\/uploads\/2011\/01\/1914-2-chateau-628x417.jpg 628w\" sizes=\"(max-width: 320px) 100vw, 320px\" \/><\/a><!--0d41d--><!--0d41d--><\/p>\n","protected":false},"excerpt":{"rendered":"<p>l&#8217;embrasure en X de la grosse tour : cette grosse tour est construite par Mathieu&hellip; <a href=\"https:\/\/www.boutheon.com\/?page_id=439\">Lire la suite<\/a><\/p>\n","protected":false},"author":2,"featured_media":0,"parent":193,"menu_order":0,"comment_status":"closed","ping_status":"closed","template":"","meta":{"footnotes":""},"_links":{"self":[{"href":"https:\/\/www.boutheon.com\/index.php?rest_route=\/wp\/v2\/pages\/439"}],"collection":[{"href":"https:\/\/www.boutheon.com\/index.php?rest_route=\/wp\/v2\/pages"}],"about":[{"href":"https:\/\/www.boutheon.com\/index.php?rest_route=\/wp\/v2\/types\/page"}],"author":[{"embeddable":true,"href":"https:\/\/www.boutheon.com\/index.php?rest_route=\/wp\/v2\/users\/2"}],"replies":[{"embeddable":true,"href":"https:\/\/www.boutheon.com\/index.php?rest_route=%2Fwp%2Fv2%2Fcomments&post=439"}],"version-history":[{"count":5,"href":"https:\/\/www.boutheon.com\/index.php?rest_route=\/wp\/v2\/pages\/439\/revisions"}],"predecessor-version":[{"id":498,"href":"https:\/\/www.boutheon.com\/index.php?rest_route=\/wp\/v2\/pages\/439\/revisions\/498"}],"up":[{"embeddable":true,"href":"https:\/\/www.boutheon.com\/index.php?rest_route=\/wp\/v2\/pages\/193"}],"wp:attachment":[{"href":"https:\/\/www.boutheon.com\/index.php?rest_route=%2Fwp%2Fv2%2Fmedia&parent=439"}],"curies":[{"name":"wp","href":"https:\/\/api.w.org\/{rel}","templated":true}]}}