{"id":44,"date":"2010-11-17T10:18:43","date_gmt":"2010-11-17T09:18:43","guid":{"rendered":"http:\/\/www.boutheon.com\/?page_id=44"},"modified":"2019-01-28T09:16:23","modified_gmt":"2019-01-28T08:16:23","slug":"la-fayette-et-les-moineaux","status":"publish","type":"page","link":"https:\/\/www.boutheon.com\/?page_id=44","title":{"rendered":"Le 15\u00e8me et La Fayette"},"content":{"rendered":"<h2>\n<div id=\"attachment_446\" style=\"width: 147px\" class=\"wp-caption alignleft\"><a rel=\"attachment wp-att-446\" href=\"https:\/\/www.boutheon.com\/?attachment_id=446\"><img loading=\"lazy\" decoding=\"async\" aria-describedby=\"caption-attachment-446\" class=\"size-thumbnail wp-image-446\" title=\"blason-lafayette\" src=\"https:\/\/www.boutheon.com\/wp-content\/uploads\/2010\/11\/blason-lafayette1-137x210.gif\" alt=\"\" width=\"137\" height=\"210\" srcset=\"https:\/\/www.boutheon.com\/wp-content\/uploads\/2010\/11\/blason-lafayette1-137x210.gif 137w, https:\/\/www.boutheon.com\/wp-content\/uploads\/2010\/11\/blason-lafayette1.gif 207w\" sizes=\"(max-width: 137px) 100vw, 137px\" \/><\/a><p id=\"caption-attachment-446\" class=\"wp-caption-text\">blason du mar\u00e9chal de La Fayette<\/p><\/div>\n<p><div id=\"attachment_447\" style=\"width: 160px\" class=\"wp-caption alignright\"><a rel=\"attachment wp-att-447\" href=\"https:\/\/www.boutheon.com\/?attachment_id=447\"><img loading=\"lazy\" decoding=\"async\" aria-describedby=\"caption-attachment-447\" class=\"size-full wp-image-447\" title=\"blason-jeanne_de_joyeuse\" src=\"https:\/\/www.boutheon.com\/wp-content\/uploads\/2010\/11\/blason-jeanne_de_joyeuse1.jpg\" alt=\"\" width=\"150\" height=\"178\" \/><\/a><p id=\"caption-attachment-447\" class=\"wp-caption-text\">Blason de Jeanne de Joyeuse<\/p><\/div><\/h2>\n<h2><strong>Le Mar\u00e9chal de La Fayette \u00e9pouse Jeanne de\u00a0 Joyeuse, dame de Bouth\u00e9on.<\/strong><\/h2>\n<h2>Un grand mariage au ch\u00e2teau de Bouth\u00e9on-en-Forez en l&rsquo;an 1424<\/h2>\n<h2>par le Baron Grellet de la Deyte<\/h2>\n<h2>(fonds de la Part-Dieu)<\/h2>\n<p>\u00a0\u00bb Contrat de mariage en latin de magnifique et puissant home Mre Gilbert de<br \/>\nla Fayette Chevalier Sgr de la Fayette au dioc\u00e8ze de Clermont et  Mar\u00e9chal de France, accord\u00e9 le 15\u00b0 de Janvier de l\u2019an 1423 03-2 avec  noble Dlle Jeanne de Joyeuse, fille de magnifique et puissant home Mre  Randon de Joyeuse et de puissante dame Catherine de Monteil, sa femme.<br \/>\nCe contrat ressu par Pierre F\u00e9rrand notaire public fut pass\u00e9 au ch\u00e2teau  de Bot\u00e9on au dioc\u00e8ze de Lyon, en pr\u00e9sence de Mre Jean de Poitiers,  \u00e9v\u00eaque de Valence et de Die, et de puissants et magnifiques homes, Mre  Beraud comte Daufin, Armand de Montlaur, le Vicomte de Polignac,  Bertrand Sgr de la Tour, Tannegui du Chatel grand ma\u00eetre d\u2019H\u00f4tel du Roi  et pr\u00e9v\u00f4t de Paris, Jean Louvet Sgr de Mirandol et Pr\u00e9sident de  Provence, Astorg Sgr de Peyre, Louis de Chalencon Sgr de Beaumont en  Auvergne, Jean de Saint-Project Sgr d\u2019Espinaut, Gui Sgr de Saint-Aon,  Louis Malet Sgr de la Tour de Maubourg, Antoine d\u2019Hostun, Pons Sgr de  Beaumont en Vivarais, Jean de Chateauneuf, Guillaume Sagnet, Pons de  Malet cosgr de Vernon.<br \/>\nEn pr\u00e9sence encore de magnifiques et puissans homes, Messires Jean de  Chauvigni Sgr de Blot, Guichard de Marz\u00e9, Pierre Chanlet, Mre Guichard  de Monthagni, Antoine Richie, Antoine Delchie, Am\u00e9d\u00e9e Verd Chevalier,  Fran\u00e7ois de Saint Project Sgr de Monestier, Pons de Malet, Jean de la  Barre, tr\u00e9sorier du Daufin\u00e9, v\u00e9n\u00e9rable home Me Pierre de Tolon, licenci\u00e9  en loix. \u00bb<\/p>\n<p>D\u2019apr\u00e8s ce qui pr\u00e9c\u00e8de, c\u2019\u00e9tait bien l\u2019\u00e9lite de la noblesse de Forez,  Velay, Vivarais, G\u00e9vaudan, Lyonnais qui se trouvait assembl\u00e9e en m\u00eame  temps que plusieurs compagnons d\u2019armes du mar\u00e9chal de la Fayette :<\/p>\n<ul>\n<li>Bertrand seigneur de la Tour appartenait \u00e0 la maison de la Tour d\u2019Auvergne<\/li>\n<li>Tanneguy du Ch\u00e2tel a guerroy\u00e9 avec la Fayette contre les Bourguignons<\/li>\n<li>Jean Louvet tr\u00e9sorier de France en 1400 devint commissaire g\u00e9n\u00e9ral  des Finances en 1417, sa fille est mari\u00e9e avec le fr\u00e8re de Jeanne de  Joyeuse<\/li>\n<li>Jean de Saint-Project, baron de Saint Priest et Seigneur d\u2019Apinac<br \/>\n(\u00e0 cette \u00e9poque Apinac \u00e9tait une ville fortifi\u00e9e)<\/li>\n<li>Antoine d\u2019Hostun servit avec la Fayette dans la campagne d\u2019Italie de 1408.<br \/>\nUn descendant de cette famille Antoine d\u2019Hostun s\u2019est mari\u00e9 le 22 mai 1584\tavec Diane de Gadagne fille de Guillaume de Gadagne<\/li>\n<li>Jean de Chauvigni, seigneur de Blot et du Vivier, d\u2019une grande  maison apparent\u00e9e aux Bourbons. Son fils Hugues \u00e9pousa en 1445 Catherine  Motier de la Fayette, fille du Mar\u00e9chal ; il fut conseiller et  chambellan du duc Jean II de Bourbon.<\/li>\n<li>Antoine Richie et Delchie sont des seigneurs \u00e9cossais de la bataille de Baug\u00e9.<\/li>\n<\/ul>\n<p>Pour \u00e9viter toute ambigu\u00eft\u00e9, il est tr\u00e8s important de ne pas confondre :<\/p>\n<ul>\n<li>le Mar\u00e9chal Gilbert de la Fayette (1380-1463) compagnon de Jeanne d\u2019Arc<\/li>\n<li>le G\u00e9n\u00e9ral Marie Joseph Paul Marquis de la Fayette qui participe le 11\/9\/1777 \u00e0 la bataille de Brandywine lors de la guerre d\u2019Ind\u00e9pendance am\u00e9ricaine.<br \/>\nCet \u00e9pisode glorieux est montr\u00e9 au ch\u00e2teau de Vollore situ\u00e9 \u00e0 c\u00f4t\u00e9 de Thiers.<\/li>\n<\/ul>\n<h3>Origine des la Fayette :<\/h3>\n<p>D\u2019apr\u00e8s Ambroise Tardieu, la s\u00e9paration des 2 branches (celle du Marquis de La Fayette et celle du Mar\u00e9chal de La Fayette) se situe vers 1280.<\/p>\n<h3>Qu&rsquo;a fait le mar\u00e9chal de La Fayette ?<\/h3>\n<h3>La Fayette est \u00e0 l\u2019origine des ordonnances de Charles VII sur  les premi\u00e8res garnisons militaires (anc\u00eatres de nos gendarmeries)<\/h3>\n<p>D&rsquo;apr\u00e8s le livre de Jean Renard, Gilbert de la Fayette a combattu avec honneur en Italie.<\/p>\n<p>En 1421, la Fayette a \u00e9t\u00e9 nomm\u00e9 Mar\u00e9chal par le futur Charles VII.<br \/>\nA son av\u00e8nement au tr\u00f4ne de France en 1422, Charles VII h\u00e9rite d\u2019un  royaume presque enti\u00e8rement sous domination anglaise. Conscient des  erreurs commises, face \u00e0 une situation de guerre qui perdure, le roi met  en \u0153uvre une r\u00e9forme radicale de ses arm\u00e9es. Une volont\u00e9 \u00e0 laquelle son  successeur Louis XI ne d\u00e9rogera pas. L\u2019ordonnance de 1448 a \u00e9t\u00e9  pr\u00e9par\u00e9e et inspir\u00e9e par le mar\u00e9chal de la Fayette.<\/p>\n<p>Le 2 Novembre 1439 Charles VII prit une ordonnance (la Grande  Ordonnance de 1439) qui reprend les \u00ab m\u00e9ditations \u00bb de La Fayette et qui  se r\u00e9sume en ces mots :<\/p>\n<ul>\n<li>arm\u00e9e unique et permanente<\/li>\n<li>imp\u00f4t unique et permanent<\/li>\n<li>garnisons relevant de l\u2019autorit\u00e9 du roi<\/li>\n<\/ul>\n<h3>La famille la Fayette a poss\u00e9d\u00e9 Bouth\u00e9on jusqu\u2019en 1462<\/h3>\n<p>Gilbert de La Fayette d\u00e9c\u00e8de en 1463. Il est enterr\u00e9 \u00e0 la Chaise Dieu.<br \/>\nJeanne de Joyeuse d\u00e9c\u00e8de en 1480, son gisant conserv\u00e9 en l&rsquo;\u00e9glise de Pontgibaud repose actuellement au ch\u00e2teau de  Pontgibaud.<!--0d41d--><!--0d41d--><\/p>\n","protected":false},"excerpt":{"rendered":"<p>Le Mar\u00e9chal de La Fayette \u00e9pouse Jeanne de\u00a0 Joyeuse, dame de Bouth\u00e9on. Un grand mariage&hellip; <a href=\"https:\/\/www.boutheon.com\/?page_id=44\">Lire la suite<\/a><\/p>\n","protected":false},"author":2,"featured_media":0,"parent":193,"menu_order":0,"comment_status":"closed","ping_status":"closed","template":"","meta":{"footnotes":""},"_links":{"self":[{"href":"https:\/\/www.boutheon.com\/index.php?rest_route=\/wp\/v2\/pages\/44"}],"collection":[{"href":"https:\/\/www.boutheon.com\/index.php?rest_route=\/wp\/v2\/pages"}],"about":[{"href":"https:\/\/www.boutheon.com\/index.php?rest_route=\/wp\/v2\/types\/page"}],"author":[{"embeddable":true,"href":"https:\/\/www.boutheon.com\/index.php?rest_route=\/wp\/v2\/users\/2"}],"replies":[{"embeddable":true,"href":"https:\/\/www.boutheon.com\/index.php?rest_route=%2Fwp%2Fv2%2Fcomments&post=44"}],"version-history":[{"count":36,"href":"https:\/\/www.boutheon.com\/index.php?rest_route=\/wp\/v2\/pages\/44\/revisions"}],"predecessor-version":[{"id":558,"href":"https:\/\/www.boutheon.com\/index.php?rest_route=\/wp\/v2\/pages\/44\/revisions\/558"}],"up":[{"embeddable":true,"href":"https:\/\/www.boutheon.com\/index.php?rest_route=\/wp\/v2\/pages\/193"}],"wp:attachment":[{"href":"https:\/\/www.boutheon.com\/index.php?rest_route=%2Fwp%2Fv2%2Fmedia&parent=44"}],"curies":[{"name":"wp","href":"https:\/\/api.w.org\/{rel}","templated":true}]}}