{"id":46,"date":"2010-11-17T10:19:09","date_gmt":"2010-11-17T09:19:09","guid":{"rendered":"http:\/\/www.boutheon.com\/?page_id=46"},"modified":"2019-01-28T09:16:33","modified_gmt":"2019-01-28T08:16:33","slug":"linfluence-des-bourbons","status":"publish","type":"page","link":"https:\/\/www.boutheon.com\/?page_id=46","title":{"rendered":"Le 15\u00e8me et les Bourbons"},"content":{"rendered":"<h2>Archives de Moulins sur les Ducs de Bourbon<\/h2>\n<p>\u00a0\u00bb En 1426, naissance de Jean II qui mourut le 1er avril 1488.<br \/>\nJean II fut Duc de Bourbon de 1456 \u00e0 1488 ; le duch\u00e9 revient pour quelques semaines \u00e0 son fr\u00e8re Charles II cardinal de Lyon qui le laisse ensuite \u00e0 Pierre II<br \/>\n(la chapelle du cardinal de Bourbon est dans la cath\u00e9drale Saint Jean de Lyon).<\/p>\n<p>Jean II s\u2019est mari\u00e9 trois fois :<br \/>\n1\u00b0) le 11 mars 1447 avec Jeanne de France fille de Charles VII<br \/>\n2\u00b0) le 28 ao\u00fbt 1484 avec Catherine d\u2019Armagnac, fille du comte d\u2019Armagnac<br \/>\n3\u00b0) en juin 1487 avec Jeanne de Bourbon, fille du comte de Vend\u00f4me.<br \/>\nMalgr\u00e9 ses 3 mariages, il ne laissa que 6 enfants naturels (4 gar\u00e7ons, 2filles) dont :<br \/>\nMathieu baron de la Roche en R\u00e9gnier (fils ill\u00e9gitime de Marguerite de Brunant)<br \/>\net Charles vicomte de Lavedan (fils ill\u00e9gitime de Jeanne Louise d\u2019 Albret).<br \/>\nNota : la Roche en R\u00e9gnier est situ\u00e9e \u00e0 c\u00f4t\u00e9 de Retournac (Haute Loire).<br \/>\nAujourd\u2019hui, il ne reste qu\u2019une tour qui surplombe la vall\u00e9e du fleuve Loire.<\/p>\n<p>En 1462, Jean II, duc de Bourbon acquiert le ch\u00e2teau de Bouth\u00e9on. Ceci permet certainement de r\u00e9soudre le contentieux entre Tanguy de Joyeuse et Antoine de la Fayette, seigneur de Montboissier.<\/p>\n<p>La famille du mar\u00e9chal de la Fayette et la famille de Bourbon ont toujours eu de tr\u00e8s bon rapport :<br \/>\n&#8211; en 1429, le mar\u00e9chal de la Fayette est au c\u00f4t\u00e9 de Charles, duc de Bourbon et p\u00e8re de Jean II<br \/>\n&#8211; en 1439, Charles de Bourbon donne Veauche \u00e0 Gilbert de la Fayette<br \/>\n&#8211; en juillet 1444, le mar\u00e9chal de la Fayette se porte caution pour le duc de Bourbon<br \/>\n&#8211; avant 1430, naquit au ch\u00e2teau de Bouth\u00e9on Jean de Bourbon, fils naturel de Jean duc de Bourbon et comte de Forez (le ch\u00e2teau appartenait alors \u00e0 Gilbert de la Fayette).<\/p>\n<p>P\u00e9riode 1462 \u00e0 1486 :<\/p>\n<p>Il y a certainement la naissance de Mathieu de Bourbon (\u00e0 ce jour, nous n\u2019en avons pas trouv\u00e9 la date exacte). En 1474, Jean II c\u00e8de la jouissance de Bouth\u00e9on \u00e0 Antoine de L\u00e9vis, seigneur de la Roche en R\u00e9gnier. Toutefois, l\u2019ann\u00e9e suivante (1475), il reprend cette jouissance et donne en \u00e9change Sury le Comtal \u00e0 Antoine de L\u00e9vis. En 1481, Marguerite de Brunant, (favorite de Jean II) vivait \u00e0 Bouth\u00e9on avec son fils Mathieu de Bourbon dit le Grand B\u00e2tard.<\/p>\n<p>De nos jours sur la fa\u00e7ade, on voit sculpt\u00e9 des pots de feux et autres machines d\u2019artillerie, des ancres, des poupes de navire, des M(initiale de Mathieu) en b\u00e2tons noueux et en canons jetant des flammes : Mathieu remplissait la charge de grand amiral de Guyenne.\u00a0\u00bb<\/p>\n<p>Par lettres du 20 juillet 1486, Jean II donna \u00e0 son fils naturel Mathieu de Bourbon la terre et la seigneurie de Bouth\u00e9on. Par lettres du mois d\u2019octobre de la m\u00eame ann\u00e9e, Jean II fait donation de la seigneurie de la Roche en R\u00e9gnier.<br \/>\nRappel : Jean II meurt le 1er avril 1488.<br \/>\nLe 8 octobre 1486, le duc Jean II passe sa compagnie de cent lances sous les ordres de Mathieu de Bourbon dit le Grand B\u00e2tard.<\/p>\n<h2>Mathieu de Bourbon : agrandissements consid\u00e9rables<\/h2>\n<p>Le 5 juin 1487, les troupes royales occupent Vannes en Bretagne.<br \/>\nMathieu de Bourbon devait certainement se trouver parmi ces troupes royales.<br \/>\nLe 25 Juillet 1487, le grand b\u00e2tard se trouve pr\u00e8s de B\u00e9thune pour une  bataille appel\u00e9e journ\u00e9e de Hinges ou des fromages. Hinges est une ville  situ\u00e9e \u00e0 l\u2019est de B\u00e9thune. Au c\u00f4t\u00e9 des Mar\u00e9chaux des Querdes et de Gi\u00e9,  il participe \u00e0 la d\u00e9faite du duc de Gueldres et du comte de Nassau.<\/p>\n<p>Les Preux du Roi :<br \/>\nMathieu de Bourbon fait partie de la garde rapproch\u00e9e qui prot\u00e8gent le  Roi : ces neuf chevaliers s\u2019appellent les Preux du Roi (le roi est  Charles VIII). En 1493, Mathieu suivit Charles VIII dans les campagnes  d\u2019Italie pour le recouvrement du royaume de Naples. En 1494, Charles  VIII s\u2019empare de Florence et lib\u00e8re Pise de l\u2019influence des M\u00e9dicis. Au  retour, le 6 Juillet 1495, Mathieu de Bourbon combat \u00e0 Fornoue en Italie  (entre Bologne et Parme).<br \/>\nOn retrouve \u00e9galement le mar\u00e9chal de Gi\u00e9 et la pr\u00e9sence du chevalier  Bayard. Durant cette bataille, Mathieu de Bourbon est bless\u00e9 et fait  prisonnier.<br \/>\nUn Titre des Ducs de Bourbon nous rappelle tous les pr\u00e9paratifs autour de ces campagnes.<\/p>\n<p>Mr le Docteur Francou nous a donn\u00e9 le sceau de Mathieu de Bourbon sur lequel on peut lire :<br \/>\n<strong>S. MATHIEU GRAND BATARD DE BOURBON SEIGNEUR DE BOUTHEON<\/strong><\/p>\n<p><strong> <\/strong><\/p>\n<p><strong> <\/strong><\/p>\n<div id=\"attachment_412\" style=\"width: 218px\" class=\"wp-caption aligncenter\"><a rel=\"attachment wp-att-412\" href=\"https:\/\/www.boutheon.com\/?attachment_id=412\"><img loading=\"lazy\" decoding=\"async\" aria-describedby=\"caption-attachment-412\" class=\"size-thumbnail wp-image-412\" title=\"Mathieu de Bourbon\" src=\"https:\/\/www.boutheon.com\/wp-content\/uploads\/2010\/11\/Mathieu-de-Bourbon1-208x210.jpg\" alt=\"\" width=\"208\" height=\"210\" srcset=\"https:\/\/www.boutheon.com\/wp-content\/uploads\/2010\/11\/Mathieu-de-Bourbon1-208x210.jpg 208w, https:\/\/www.boutheon.com\/wp-content\/uploads\/2010\/11\/Mathieu-de-Bourbon1-318x320.jpg 318w, https:\/\/www.boutheon.com\/wp-content\/uploads\/2010\/11\/Mathieu-de-Bourbon1-624x628.jpg 624w, https:\/\/www.boutheon.com\/wp-content\/uploads\/2010\/11\/Mathieu-de-Bourbon1.jpg 993w\" sizes=\"(max-width: 208px) 100vw, 208px\" \/><\/a><p id=\"caption-attachment-412\" class=\"wp-caption-text\">Mathieu de Bourbon<\/p><\/div>\n<p>Dans l\u2019aile Nord du ch\u00e2teau de Bouth\u00e9on, l\u2019empreinte des Bourbon est tr\u00e8s visible avec les cl\u00e9s de vo\u00fbte.<\/p>\n<div id=\"attachment_394\" style=\"width: 220px\" class=\"wp-caption alignleft\"><a rel=\"attachment wp-att-394\" href=\"https:\/\/www.boutheon.com\/?attachment_id=394\"><img loading=\"lazy\" decoding=\"async\" aria-describedby=\"caption-attachment-394\" class=\"size-thumbnail wp-image-394\" title=\"Bourbon - le cerf ail\u00e9\" src=\"https:\/\/www.boutheon.com\/wp-content\/uploads\/2010\/11\/Bourbon-le-cerf-ail\u00e91-210x139.jpg\" alt=\"\" width=\"210\" height=\"139\" srcset=\"https:\/\/www.boutheon.com\/wp-content\/uploads\/2010\/11\/Bourbon-le-cerf-ail\u00e91-210x139.jpg 210w, https:\/\/www.boutheon.com\/wp-content\/uploads\/2010\/11\/Bourbon-le-cerf-ail\u00e91-320x212.jpg 320w, https:\/\/www.boutheon.com\/wp-content\/uploads\/2010\/11\/Bourbon-le-cerf-ail\u00e91-628x417.jpg 628w\" sizes=\"(max-width: 210px) 100vw, 210px\" \/><\/a><p id=\"caption-attachment-394\" class=\"wp-caption-text\">Bourbon le cerf ail\u00e9<\/p><\/div>\n<div id=\"attachment_396\" style=\"width: 220px\" class=\"wp-caption alignright\"><a rel=\"attachment wp-att-396\" href=\"https:\/\/www.boutheon.com\/?attachment_id=396\"><img loading=\"lazy\" decoding=\"async\" aria-describedby=\"caption-attachment-396\" class=\"size-thumbnail wp-image-396\" title=\"Bourbon - le K de Karolus\" src=\"https:\/\/www.boutheon.com\/wp-content\/uploads\/2010\/11\/Bourbon-le-K-de-Karolus1-210x139.jpg\" alt=\"\" width=\"210\" height=\"139\" srcset=\"https:\/\/www.boutheon.com\/wp-content\/uploads\/2010\/11\/Bourbon-le-K-de-Karolus1-210x139.jpg 210w, https:\/\/www.boutheon.com\/wp-content\/uploads\/2010\/11\/Bourbon-le-K-de-Karolus1-320x212.jpg 320w, https:\/\/www.boutheon.com\/wp-content\/uploads\/2010\/11\/Bourbon-le-K-de-Karolus1-628x417.jpg 628w\" sizes=\"(max-width: 210px) 100vw, 210px\" \/><\/a><p id=\"caption-attachment-396\" class=\"wp-caption-text\">Bourbon le K de Karolus<\/p><\/div>\n<p>Mathieu meurt au Ch\u00e2teau de Chamb\u00e9on le 19 mars 1504 (source Lamure).<\/p>\n<p>Son corps est enterr\u00e9 dans la chapelle de Berry (dans la coll\u00e9giale  de Montbrison). Jean de Berry \u00e9tait capitaine ch\u00e2telain de Montbrison et  Lavieu, et avait la fonction de secr\u00e9taire du Duc de Bourbon.<br \/>\nEn 1489, Mathieu avait eu quelques contestations avec Jean de Berry. Il le  fit jeter par la fen\u00eatre du ch\u00e2teau de Retournac. Pour se faire  pardonner, Mathieu fit \u00e9lever la chapelle de Berry et se fit enterrer  aux c\u00f4t\u00e9s de Jean de Berry.<br \/>\nDe nos jours, la chapelle de Berry existe toujours, elle s\u2019appelle  chapelle du Sacr\u00e9 C\u0153ur, elle est \u00e0 droite du ch\u0153ur et elle ferm\u00e9e par  une grille. Par contre, les gisants, troph\u00e9es d\u2019armes et de chevalerie  d\u00e9pos\u00e9s sur la tombe ont disparu lors du passage du baron des Adrets en  1562.<\/p>\n<p>Sur la fa\u00e7ade Nord, le M de Mathieu et le pot \u00e0 feu symbole des Bourbons<\/p>\n<p><a rel=\"attachment wp-att-415\" href=\"https:\/\/www.boutheon.com\/?attachment_id=415\"><img loading=\"lazy\" decoding=\"async\" class=\"alignleft size-thumbnail wp-image-415\" title=\"le M de Mathieu\" src=\"https:\/\/www.boutheon.com\/wp-content\/uploads\/2010\/11\/le-M-de-Mathieu-210x141.jpg\" alt=\"\" width=\"210\" height=\"141\" srcset=\"https:\/\/www.boutheon.com\/wp-content\/uploads\/2010\/11\/le-M-de-Mathieu-210x141.jpg 210w, https:\/\/www.boutheon.com\/wp-content\/uploads\/2010\/11\/le-M-de-Mathieu-320x215.jpg 320w, https:\/\/www.boutheon.com\/wp-content\/uploads\/2010\/11\/le-M-de-Mathieu-628x423.jpg 628w, https:\/\/www.boutheon.com\/wp-content\/uploads\/2010\/11\/le-M-de-Mathieu.jpg 1569w\" sizes=\"(max-width: 210px) 100vw, 210px\" \/><\/a><a rel=\"attachment wp-att-416\" href=\"https:\/\/www.boutheon.com\/?attachment_id=416\"><img loading=\"lazy\" decoding=\"async\" class=\"alignright size-thumbnail wp-image-416\" title=\"le pot \u00e0 feu\" src=\"https:\/\/www.boutheon.com\/wp-content\/uploads\/2010\/11\/le-pot-\u00e0-feu-210x139.jpg\" alt=\"\" width=\"210\" height=\"139\" srcset=\"https:\/\/www.boutheon.com\/wp-content\/uploads\/2010\/11\/le-pot-\u00e0-feu-210x139.jpg 210w, https:\/\/www.boutheon.com\/wp-content\/uploads\/2010\/11\/le-pot-\u00e0-feu-320x212.jpg 320w, https:\/\/www.boutheon.com\/wp-content\/uploads\/2010\/11\/le-pot-\u00e0-feu-628x417.jpg 628w\" sizes=\"(max-width: 210px) 100vw, 210px\" \/><\/a><\/p>\n","protected":false},"excerpt":{"rendered":"<p>Archives de Moulins sur les Ducs de Bourbon \u00a0\u00bb En 1426, naissance de Jean II&hellip; <a href=\"https:\/\/www.boutheon.com\/?page_id=46\">Lire la suite<\/a><\/p>\n","protected":false},"author":2,"featured_media":0,"parent":193,"menu_order":0,"comment_status":"closed","ping_status":"closed","template":"","meta":{"footnotes":""},"_links":{"self":[{"href":"https:\/\/www.boutheon.com\/index.php?rest_route=\/wp\/v2\/pages\/46"}],"collection":[{"href":"https:\/\/www.boutheon.com\/index.php?rest_route=\/wp\/v2\/pages"}],"about":[{"href":"https:\/\/www.boutheon.com\/index.php?rest_route=\/wp\/v2\/types\/page"}],"author":[{"embeddable":true,"href":"https:\/\/www.boutheon.com\/index.php?rest_route=\/wp\/v2\/users\/2"}],"replies":[{"embeddable":true,"href":"https:\/\/www.boutheon.com\/index.php?rest_route=%2Fwp%2Fv2%2Fcomments&post=46"}],"version-history":[{"count":18,"href":"https:\/\/www.boutheon.com\/index.php?rest_route=\/wp\/v2\/pages\/46\/revisions"}],"predecessor-version":[{"id":418,"href":"https:\/\/www.boutheon.com\/index.php?rest_route=\/wp\/v2\/pages\/46\/revisions\/418"}],"up":[{"embeddable":true,"href":"https:\/\/www.boutheon.com\/index.php?rest_route=\/wp\/v2\/pages\/193"}],"wp:attachment":[{"href":"https:\/\/www.boutheon.com\/index.php?rest_route=%2Fwp%2Fv2%2Fmedia&parent=46"}],"curies":[{"name":"wp","href":"https:\/\/api.w.org\/{rel}","templated":true}]}}