{"id":48,"date":"2010-11-17T10:20:01","date_gmt":"2010-11-17T09:20:01","guid":{"rendered":"http:\/\/www.boutheon.com\/?page_id=48"},"modified":"2019-01-28T09:16:50","modified_gmt":"2019-01-28T08:16:50","slug":"lhistoire-des-gadagnes","status":"publish","type":"page","link":"https:\/\/www.boutheon.com\/?page_id=48","title":{"rendered":"L\u2019histoire des Gadagnes : Partie I"},"content":{"rendered":"<h2>Guillaume de Gadagne : Monsieur de Bouth\u00e9on<\/h2>\n<p>Dans son livre \u00ab La saga lyonnaise des Gadagne \u00bb publi\u00e9 en 2004, le professeur Edouard Lejeune nous apprend que les Gadagne ont \u00e9t\u00e9 chass\u00e9s de Florence par les M\u00e9dicis dans la 1\u00e8re moiti\u00e9 du 15\u00e8me.<\/p>\n<p>Les Gadagne sont originaire de Pontassieve (ville voisine de Florence) d\u2019o\u00f9 ils ont \u00e9t\u00e9 chass\u00e9s par les M\u00e9dicis avant 1450.<\/p>\n<p>Thomas II de Gadagne est le 1er marchand banquier de la place de Lyon (1\u00e8re place financi\u00e8re due \u00e0 l\u2019essor des foires depuis 1463). Guillaume voit le jour \u00e0 Lyon en 1534.<br \/>\nEn 1554, il est nomm\u00e9 S\u00e9n\u00e9chal de Lyon en remplacement de Jacques d\u2019Albon et Lieutenant G\u00e9n\u00e9ral pour le Lyonnais, le Forez et le Beaujolais en l\u2019absence de ce dernier.<br \/>\nLe 14 Avril 1561, Guillaume de Gadagne ach\u00e8te pour 46000 livres le ch\u00e2teau de Bouth\u00e9on \u00e0 Fran\u00e7ois de Montmorin seigneur de Saint Priest (189 hectares dont 82 en terres labourables). Le 23 Novembre 1561, il \u00e9pouse Jeanne de Sugny, d\u2019une vieille famille de Nervieux. Ils auront huit enfants : cinq filles et trois fils.<br \/>\nEn 1563, le domaine de Bouth\u00e9on va s\u2019accro\u00eetre des seigneuries de P\u00e9rigneux, du Fay \u00e0 St Jean Bonnefonds, de Saint H\u00e9and, de Saint Galmier.<br \/>\nEn 1572, il acquiert l\u2019importante rente noble de la Merl\u00e9e \u00e0 Saint Just sur Loire.<br \/>\nLe 18 juin 1581, Guillaume de Gadagne prend possession de Miribel (P\u00e9rigneux) par un \u00e9change pass\u00e9 avec Anne d\u2019Urf\u00e9 (fr\u00e8re d\u2019Honor\u00e9 d\u2019Urf\u00e9 auteur de l\u2019Astr\u00e9e).<br \/>\nLe 5 Janvier 1597, Guillaume re\u00e7oit la Croix de l\u2019Ordre Royal du St Esprit<br \/>\n(d\u00e9coration donn\u00e9e par Henri IV pour la juste r\u00e9compense de ses m\u00e9rites).<br \/>\nGuillaume de Gadagne prit une part active dans les guerres de religion en Forez.<\/p>\n<p>Nota : Jeanne de Sugny avait une s\u0153ur Fran\u00e7oise qui \u00e9pousa Claude Raybe d\u2019Urf\u00e9 puis Claude d\u2019Albon.<\/p>\n<p>Guillaume meurt le 26 Janvier 1601, une semaine apr\u00e8s son \u00e9pouse.<\/p>\n<p>Apr\u00e8s l&rsquo;\u00e9poque pr\u00e9-Renaissance des Bourbons, le ch\u00e2teau de Bouth\u00e9on profite de l&rsquo;influence de la Renaissance Italienne.<\/p>\n","protected":false},"excerpt":{"rendered":"<p>Guillaume de Gadagne : Monsieur de Bouth\u00e9on Dans son livre \u00ab La saga lyonnaise des&hellip; <a href=\"https:\/\/www.boutheon.com\/?page_id=48\">Lire la suite<\/a><\/p>\n","protected":false},"author":2,"featured_media":0,"parent":193,"menu_order":0,"comment_status":"closed","ping_status":"closed","template":"","meta":{"footnotes":""},"_links":{"self":[{"href":"https:\/\/www.boutheon.com\/index.php?rest_route=\/wp\/v2\/pages\/48"}],"collection":[{"href":"https:\/\/www.boutheon.com\/index.php?rest_route=\/wp\/v2\/pages"}],"about":[{"href":"https:\/\/www.boutheon.com\/index.php?rest_route=\/wp\/v2\/types\/page"}],"author":[{"embeddable":true,"href":"https:\/\/www.boutheon.com\/index.php?rest_route=\/wp\/v2\/users\/2"}],"replies":[{"embeddable":true,"href":"https:\/\/www.boutheon.com\/index.php?rest_route=%2Fwp%2Fv2%2Fcomments&post=48"}],"version-history":[{"count":9,"href":"https:\/\/www.boutheon.com\/index.php?rest_route=\/wp\/v2\/pages\/48\/revisions"}],"predecessor-version":[{"id":3255,"href":"https:\/\/www.boutheon.com\/index.php?rest_route=\/wp\/v2\/pages\/48\/revisions\/3255"}],"up":[{"embeddable":true,"href":"https:\/\/www.boutheon.com\/index.php?rest_route=\/wp\/v2\/pages\/193"}],"wp:attachment":[{"href":"https:\/\/www.boutheon.com\/index.php?rest_route=%2Fwp%2Fv2%2Fmedia&parent=48"}],"curies":[{"name":"wp","href":"https:\/\/api.w.org\/{rel}","templated":true}]}}