{"id":50,"date":"2010-11-17T10:21:33","date_gmt":"2010-11-17T09:21:33","guid":{"rendered":"http:\/\/www.boutheon.com\/?page_id=50"},"modified":"2019-01-28T09:17:17","modified_gmt":"2019-01-28T08:17:17","slug":"lordonnance-royale-de-1742","status":"publish","type":"page","link":"https:\/\/www.boutheon.com\/?page_id=50","title":{"rendered":"L\u2019ordonnance royale de 1742"},"content":{"rendered":"<h2>Le port de Bouth\u00e9on<\/h2>\n<p>Portant permission \u00e0 la Dame de Pons, de continuer de tenir un Bac sur la Rivi\u00e8re de Loire, au Lieu de Bouth\u00e9on, &amp; de percevoir les Droits \u00e9nonc\u00e9s audit Arr\u00eat, aux charges, clauses &amp; conditions y port\u00e9es.<\/p>\n<p>Du 2 octobre 1742<\/p>\n<h3>Extrait des Registres du Conseil d&rsquo;Etat<\/h3>\n<p>Veu par le Roy \u00e9tant en son Conseil, les Titres et pi\u00e8ces repr\u00e9sent\u00e9s en ex\u00e9cution de l&rsquo;Arr\u00eat rendu en iceluy le vingt neuf Ao\u00fbt mil sept cens vingt-quatre &amp; autres rendus en cons\u00e9quence, par la Dame de Pons, se pr\u00e9sentant en droit de per\u00e7evoir un droit de Bac sur la rivi\u00e8re de Loire au lieu de Bouth\u00e9on g\u00e9n\u00e9ralit\u00e9 de Lyon: S\u00c7AVOIR, deux comptes rendus par le Fermier des revenus du Sieur Comte de Verdun, per\u00e7us pendant l&rsquo;ann\u00e9e mil sept cens dix-huit, dans lesquels ont \u00e9t\u00e9 port\u00e9s en recette les droits de Bac de Bouth\u00e9on, Conclusions du Sieur Maboul Ma\u00eetre des Requ\u00eates, Procureur G\u00e9n\u00e9ral de Sa Majest\u00e9 en cette partie, V\u00fb aussi l&rsquo;avis des Sieurs Commissaires nomm\u00e9s par ledit Arr\u00eat du Conseil du vingt-neuf Ao\u00fbt mil sept cens vingt-quatre &amp; autres rendus en cons\u00e9quence. O\u00fcy le raport du Sieur Orry Conseiller d&rsquo;Etat &amp; au Conseil Royal, Controlleur g\u00e9n\u00e9ral des Finances, LE ROY ETANT EN SON CONSEIL, conform\u00e9ment \u00e0 l&rsquo;avis desdits Sieurs Commissaires, a permis &amp; permet \u00e0 la Dame de Pons de continuer de tenir un Bac sur la rivi\u00e8re de Loire au lieu de Bouth\u00e9on &amp; de recevoir pour le service dudit Passage les droits cy-apr\u00e8s; S\u00c7AVOIR,<\/p>\n<ol>\n<li> Par Personne \u00e0 pied, six deniers tournois.<\/li>\n<li> Par Personne \u00e0 Cheval, un sol.<\/li>\n<li> Par Cheval, Mulet ou Ane charg\u00e9s ou non charg\u00e9s y compris le Conducteur, un sol.<\/li>\n<li> Par Chaize ou Charette \u00e0 un Cheval, deux sols.<\/li>\n<li> Par Chariot, Charette, Carosse, Coche &amp; Chaize attell\u00e9s de deux Chevaux, B\u0153ufs, ou Mulets, deux sols six deniers.<\/li>\n<li> Par Cheval, B\u0153uf ou Mulet d&rsquo;augmentation auxdites Voitures, six deniers, les Personnes qui seront dans lesdites Voitures, Charettes, Carosses , Coches &amp; Chaizes, les Domestiques, Conducteurs &amp; Marchandises seront exemts en payant pour la Voiture les droits cy-dessus.<\/li>\n<li> Par B\u0153uf ou Vache, six deniers.<\/li>\n<li> Par chaque Porc ou Ch\u00e8vre, trois deniers.<\/li>\n<li> Par cent de Moutons ou Brebis, huit sols quatre deniers &amp; du plus ou du moins \u00e0 proportion, \u00e0 condition que ladite permission de tenir un Bac ne pourra \u00eatre tir\u00e9e \u00e0 cons\u00e9quence par ladite Dame de Pons \u00e0 laquelle Sa Majest\u00e9 fait tr\u00e8s-expresses inhibitions &amp; d\u00e9fenses de per\u00e7evoir pour raison dudit Bac &amp; Passage, m\u00eame en tems de d\u00e9bordement de la rivi\u00e8re, d&rsquo;autres ny plus grands droits que ceux compris dans le tarif cy-dessus \u00e0 quelque titre ou sous quelque d\u00e9nomination que ce soit, \u00e0 l&rsquo;effet dequoy elle sera tenu\u00eb de faire afficher \u00e0 un poteau qui sera plant\u00e9 sur chacun des abords dudit Bac, le tarif ins\u00e9r\u00e9 dans le pr\u00e9sent Arr\u00eat. Enjoint Sa Majest\u00e9 \u00e0 ladite Dame de Pons d&rsquo;entretenir \u00e0 l&rsquo;avenir en bon \u00e9tat ledit Bac avec nombre de batteaux &amp; d&rsquo;hommes suffisant pour le service dudit Passage, ensemble les Chemins, Chauss\u00e9es &amp; abords d&rsquo;iceluy, pour rendre en tout tems ledit Passage s\u00fbr &amp; commode &amp; de facile accez &amp; de faire attacher avec chaines &amp; cadenats pendant la nuit lesdits Bac &amp; batteaux servant audit Passage, le tout \u00e0 peine contre elle de restitution des sommes qui auroient \u00e9t\u00e9 indu\u00ebment \u00e9xig\u00e9es, d&rsquo;une amende arbitraire au profit de Sa Majest\u00e9 &amp; de r\u00e9\u00fcnion dudit droit de Bac au Domaine &amp; contre ses Fermiers ou Receveurs d&rsquo;\u00eatre poursuivis extraordinairement comme Concussionnaires et punis comme tels suivant la rigueur des Ordonnances.<\/li>\n<\/ol>\n<p>FAIT au Conseil d&rsquo;Etat du Roy, Sa Majest\u00e9 y \u00e9tant, tenu \u00e0 Versailles le deux Octobre mil sept cens quarante-deux.<\/p>\n<p><em>Sign\u00e9 AMELOT<\/em><\/p>\n<p>LOUIS PAR LA GR\u00c2CE DE DIEU, ROY DE FRANCE ET DE NAVARRE: Au premier notre Huissier ou Sergent sur ce requis, Nous te mandons &amp; commandons par ces pr\u00e9sentes sign\u00e9es de notre main, que l&rsquo;Arr\u00eat cy-attach\u00e9 sous le Contrescel de notre Chancellerie donn\u00e9 cejourd&rsquo;huy en notre Conseil, Nous y \u00e9tant pour les causes y contenu\u00ebs, tu signifies \u00e0 la Dame de Pons y d\u00e9nomm\u00e9e &amp; \u00e0 tous autres qu&rsquo;il appartiendra, \u00e0 ce que personne n&rsquo;en ignore; &amp; fais en outre pour l&rsquo;enti\u00e8re ex\u00e9cution d&rsquo;iceluy; \u00e0 la requ\u00eate de notre am\u00e9 &amp; f\u00e9al le Sieur Maboul notre Conseiller en nos Conseils, Ma\u00eetre des requ\u00eates ordinaire de notre H\u00f4tel &amp; notre Procureur g\u00e9n\u00e9ral en la Commission \u00e9tablie par l&rsquo;Arr\u00eat de notre Conseil du vingt-neuf Ao\u00fbt mil sept cens vingt-quatre pour l&rsquo;examen &amp; v\u00e9rification des titres des droits de P\u00e9ages, Bacs &amp; autres droits de cette nature dans l&rsquo;\u00e9tendu\u00eb de notre Royaume, tous Commandemens, Sommations &amp; autres Actes &amp; Exploits requis &amp; n\u00e9cessaires, sans autre permission: CAR TEL EST NOTRE PLAISIR.<br \/>\nDonn\u00e9 \u00e0 Versailles, le deuxi\u00e8me jour d&rsquo;Octobre, l&rsquo;an de grace mil sept cens quarante-deux, &amp; de notre R\u00e8gne le vingt-huit\u00e8me.<\/p>\n<p><em>Sign\u00e9 LOUIS<\/em><\/p>\n","protected":false},"excerpt":{"rendered":"<p>Le port de Bouth\u00e9on Portant permission \u00e0 la Dame de Pons, de continuer de tenir&hellip; <a href=\"https:\/\/www.boutheon.com\/?page_id=50\">Lire la suite<\/a><\/p>\n","protected":false},"author":2,"featured_media":0,"parent":193,"menu_order":0,"comment_status":"closed","ping_status":"closed","template":"","meta":{"footnotes":""},"_links":{"self":[{"href":"https:\/\/www.boutheon.com\/index.php?rest_route=\/wp\/v2\/pages\/50"}],"collection":[{"href":"https:\/\/www.boutheon.com\/index.php?rest_route=\/wp\/v2\/pages"}],"about":[{"href":"https:\/\/www.boutheon.com\/index.php?rest_route=\/wp\/v2\/types\/page"}],"author":[{"embeddable":true,"href":"https:\/\/www.boutheon.com\/index.php?rest_route=\/wp\/v2\/users\/2"}],"replies":[{"embeddable":true,"href":"https:\/\/www.boutheon.com\/index.php?rest_route=%2Fwp%2Fv2%2Fcomments&post=50"}],"version-history":[{"count":7,"href":"https:\/\/www.boutheon.com\/index.php?rest_route=\/wp\/v2\/pages\/50\/revisions"}],"predecessor-version":[{"id":555,"href":"https:\/\/www.boutheon.com\/index.php?rest_route=\/wp\/v2\/pages\/50\/revisions\/555"}],"up":[{"embeddable":true,"href":"https:\/\/www.boutheon.com\/index.php?rest_route=\/wp\/v2\/pages\/193"}],"wp:attachment":[{"href":"https:\/\/www.boutheon.com\/index.php?rest_route=%2Fwp%2Fv2%2Fmedia&parent=50"}],"curies":[{"name":"wp","href":"https:\/\/api.w.org\/{rel}","templated":true}]}}