{"id":52,"date":"2010-11-17T10:22:13","date_gmt":"2010-11-17T09:22:13","guid":{"rendered":"http:\/\/www.boutheon.com\/?page_id=52"},"modified":"2019-01-28T09:16:01","modified_gmt":"2019-01-28T08:16:01","slug":"epoque-contemporaine","status":"publish","type":"page","link":"https:\/\/www.boutheon.com\/?page_id=52","title":{"rendered":"\u00c9poque contemporaine : XIXe"},"content":{"rendered":"<h2>En 1879, acquisition par&nbsp; Claude Coignet fabricant de rubans \u00e0 St Etienne.<\/h2>\n<p>En 1880, il y fait des r\u00e9parations importantes avec le concours de M. Turbet architecte \u00e0 Lyon. Il reconstruit la tour avant qu&rsquo;elle ne tombe. L&rsquo;ensemble des constructions est modifi\u00e9 et badigeonn\u00e9. Le toit est recouvert d&rsquo;ardoises, mais il conserve le lanternon.<\/p>\n<p>Il conserve le puits avec ses 2 cariatides, de belles chemin\u00e9es et un buste en marbre de la B\u00e2tie d&rsquo; Urf\u00e9.<\/p>\n<p>Il fit construire la serre. Il a remplac\u00e9 l&rsquo;escalier qui d\u00e9roulait autrefois ses spirales dans la tour de la galerie par un bel escalier qui se d\u00e9veloppe sous les trois arceaux d&rsquo;un grand vestibule. Il mit la chemin\u00e9e de la salle \u00e0 manger d&rsquo;une hauteur de 2m50 &lsquo;chemin\u00e9e gothique monumentale provenant d&rsquo;un manoir de Monistrol et au centre du manteau figurent les armoiries de son ancien propri\u00e9taire&rsquo;.<\/p>\n<p>Les salles du rez de chauss\u00e9e ont conserv\u00e9 leurs grandes proportions d&rsquo;autrefois ; les plafonds peints en grands compartiments carr\u00e9s de diverses couleurs ont la m\u00eame sobri\u00e9t\u00e9 de bon go\u00fbt et sont bien du XVI\u00e8me et XVII\u00e8me si\u00e8cles.<\/p>\n<p>En 1880, il est not\u00e9 :<\/p>\n<p>le toit est couvert de tuiles creuses.<br \/>\nla tour du soir parfaitement conserv\u00e9e est entour\u00e9e d&rsquo;une riche galerie en pierres de taille \u00e0 fuseaux.<br \/>\nPar temps clair, on distingue 27 clochers.<\/p>\n<p>En 1888, M. Turbet r\u00e9tabli ce qui avait exist\u00e9 autrefois : un toit aigu couvert en ardoises et perc\u00e9 de 3 mansardes carr\u00e9es couvertes d&rsquo;un pignon triangulaire celle du milieu plac\u00e9e au-dessus de 2 fen\u00eatres presque jumelles est accompagn\u00e9e de 2 arceaux en arc boutant de tr\u00e8s bon go\u00fbt.<!--0d41d--><!--0d41d--><\/p>\n","protected":false},"excerpt":{"rendered":"<p>En 1879, acquisition par&nbsp; Claude Coignet fabricant de rubans \u00e0 St Etienne. En 1880, il&hellip; <a href=\"https:\/\/www.boutheon.com\/?page_id=52\">Lire la suite<\/a><\/p>\n","protected":false},"author":2,"featured_media":0,"parent":193,"menu_order":0,"comment_status":"closed","ping_status":"closed","template":"","meta":{"footnotes":""},"_links":{"self":[{"href":"https:\/\/www.boutheon.com\/index.php?rest_route=\/wp\/v2\/pages\/52"}],"collection":[{"href":"https:\/\/www.boutheon.com\/index.php?rest_route=\/wp\/v2\/pages"}],"about":[{"href":"https:\/\/www.boutheon.com\/index.php?rest_route=\/wp\/v2\/types\/page"}],"author":[{"embeddable":true,"href":"https:\/\/www.boutheon.com\/index.php?rest_route=\/wp\/v2\/users\/2"}],"replies":[{"embeddable":true,"href":"https:\/\/www.boutheon.com\/index.php?rest_route=%2Fwp%2Fv2%2Fcomments&post=52"}],"version-history":[{"count":11,"href":"https:\/\/www.boutheon.com\/index.php?rest_route=\/wp\/v2\/pages\/52\/revisions"}],"predecessor-version":[{"id":2945,"href":"https:\/\/www.boutheon.com\/index.php?rest_route=\/wp\/v2\/pages\/52\/revisions\/2945"}],"up":[{"embeddable":true,"href":"https:\/\/www.boutheon.com\/index.php?rest_route=\/wp\/v2\/pages\/193"}],"wp:attachment":[{"href":"https:\/\/www.boutheon.com\/index.php?rest_route=%2Fwp%2Fv2%2Fmedia&parent=52"}],"curies":[{"name":"wp","href":"https:\/\/api.w.org\/{rel}","templated":true}]}}